{"id":6122,"date":"2024-05-17T09:15:49","date_gmt":"2024-05-17T07:15:49","guid":{"rendered":"https:\/\/pilluwear.com\/agb\/"},"modified":"2024-05-19T16:21:08","modified_gmt":"2024-05-19T14:21:08","slug":"agb","status":"publish","type":"page","link":"https:\/\/pilluwear.com\/hu\/agb\/","title":{"rendered":"GTC"},"content":{"rendered":"<h1>\u00c1ltal\u00e1nos Szerz\u0151d\u00e9si Felt\u00e9telek<\/h1>\n<h3>\u00a7 1 \u00c9rv\u00e9nyess\u00e9g, fogalommeghat\u00e1roz\u00e1sok<\/h3>\n<p>(1) A Pilluwear e.U., Handelskai 98a\/59, 1200 B\u00e9cs, Ausztria (a tov\u00e1bbiakban: \"mi\" vagy \"pilluwear\") a https:\/\/pilluwear.com weboldalon online \u00e1ruh\u00e1zakat \u00fczemeltet. Az al\u00e1bbi \u00e1ltal\u00e1nos szerz\u0151d\u00e9si felt\u00e9telek a megrendel\u00e9s id\u0151pontj\u00e1ban \u00e9rv\u00e9nyes v\u00e1ltozatban vonatkoznak a k\u00f6zt\u00fcnk \u00e9s a vev\u0151ink (a tov\u00e1bbiakban: \"vev\u0151\" vagy \"\u00d6n\") k\u00f6z\u00f6tti valamennyi szolg\u00e1ltat\u00e1sra, kiv\u00e9ve, ha kifejezetten m\u00e1sk\u00e9nt nem \u00e1llapodtunk meg.<\/p>\n<p>(2) \"Fogyaszt\u00f3\" a jelen \u00c1ltal\u00e1nos Szerz\u0151d\u00e9si Felt\u00e9telek \u00e9rtelm\u00e9ben minden olyan term\u00e9szetes szem\u00e9ly, aki t\u00falnyom\u00f3r\u00e9szt nem kereskedelmi, \u00fczleti vagy szakmai c\u00e9lb\u00f3l k\u00f6t jog\u00fcgyletet. \"V\u00e1llalkoz\u00f3\" az a term\u00e9szetes vagy jogi szem\u00e9ly, illetve jogk\u00e9pes t\u00e1rsas\u00e1g, aki a jog\u00fcgylet megk\u00f6t\u00e9sekor kereskedelmi vagy \u00f6n\u00e1ll\u00f3 szakmai tev\u00e9kenys\u00e9g\u00e9nek gyakorl\u00e1sa sor\u00e1n j\u00e1r el; jogk\u00e9pes t\u00e1rsas\u00e1gnak min\u0151s\u00fcl a jogok megszerz\u00e9s\u00e9re \u00e9s k\u00f6telezetts\u00e9gek v\u00e1llal\u00e1s\u00e1ra jogosult t\u00e1rsas\u00e1g.<\/p>\n<h3>2. \u00a7 A szerz\u0151d\u00e9sek megk\u00f6t\u00e9se, a szerz\u0151d\u00e9s sz\u00f6veg\u00e9nek t\u00e1rol\u00e1sa<\/h3>\n<p>(1) Az al\u00e1bbi szerz\u0151d\u00e9sk\u00f6t\u00e9sre vonatkoz\u00f3 rendelkez\u00e9sek a https:\/\/pilluwear.com web\u00e1ruh\u00e1zunkon kereszt\u00fcl leadott megrendel\u00e9sekre vonatkoznak.<\/p>\n<p>(2) Az internetes term\u00e9kbemutat\u00f3ink nem k\u00f6telez\u0151 \u00e9rv\u00e9ny\u0171ek, \u00e9s nem min\u0151s\u00fclnek k\u00f6telez\u0151 \u00e9rv\u00e9ny\u0171 szerz\u0151d\u00e9sk\u00f6t\u00e9si aj\u00e1nlatnak.<\/p>\n<p>(3) Az online \u00e1ruh\u00e1zunkban leadott megrendel\u00e9s be\u00e9rkez\u00e9sekor a k\u00f6vetkez\u0151 szab\u00e1lyok \u00e9rv\u00e9nyesek: A megrendel\u0151 az online \u00e1ruh\u00e1zunkban megadott megrendel\u00e9si elj\u00e1r\u00e1s sikeres elv\u00e9gz\u00e9s\u00e9vel k\u00f6telez\u0151 \u00e9rv\u00e9ny\u0171 szerz\u0151d\u00e9ses aj\u00e1nlatot tesz. A megrendel\u00e9s a k\u00f6vetkez\u0151 l\u00e9p\u00e9sekben t\u00f6rt\u00e9nik:<\/p>\n<ol>\n<li>A k\u00edv\u00e1nt \u00e1ruk kiv\u00e1laszt\u00e1sa,<\/li>\n<li>Adja hozz\u00e1 a term\u00e9keket a megfelel\u0151 gombra kattintva (pl. \"Kos\u00e1rba helyez\u00e9s\", \"Bev\u00e1s\u00e1rl\u00f3t\u00e1sk\u00e1ba helyez\u00e9s\" vagy hasonl\u00f3),<\/li>\n<li>Ellen\u0151rizze a r\u00e9szleteket a kos\u00e1rban,<\/li>\n<li>H\u00edvja el\u0151 a rendel\u00e9s \u00e1ttekint\u00e9s\u00e9t a megfelel\u0151 gombra kattintva (pl. \"Tov\u00e1bb a p\u00e9nzt\u00e1rhoz\", \"Tov\u00e1bb a fizet\u00e9shez\", \"A rendel\u00e9s \u00e1ttekint\u00e9s\u00e9hez\" vagy hasonl\u00f3),<\/li>\n<li>A c\u00edm \u00e9s az el\u00e9rhet\u0151s\u00e9gek megad\u00e1sa\/ellen\u0151rz\u00e9se, a fizet\u00e9si m\u00f3d kiv\u00e1laszt\u00e1sa, az \u00e1ltal\u00e1nos szerz\u0151d\u00e9si felt\u00e9telek \u00e9s a lemond\u00e1si felt\u00e9telek meger\u0151s\u00edt\u00e9se,<\/li>\n<li>Ha az \u00e1ru meg\u00e1llapodott min\u0151s\u00e9ge elt\u00e9r a szok\u00e1sos min\u0151s\u00e9gt\u0151l \u00e9s felhaszn\u00e1l\u00e1si felt\u00e9telekt\u0151l, a negat\u00edv min\u0151s\u00e9gi meg\u00e1llapod\u00e1s meger\u0151s\u00edt\u00e9se,<\/li>\n<li>Fejezze be a megrendel\u00e9st a \"V\u00e1s\u00e1rl\u00e1s\" gombra kattintva. Ez az \u00d6n k\u00f6telez\u0151 \u00e9rv\u00e9ny\u0171 megrendel\u00e9s\u00e9t jelenti.<\/li>\n<li>A szerz\u0151d\u00e9s akkor j\u00f6n l\u00e9tre, amikor \u00d6n h\u00e1rom munkanapon bel\u00fcl visszaigazol\u00e1st kap t\u0151l\u00fcnk a megrendel\u00e9s\u00e9r\u0151l a megadott e-mail c\u00edmre.<\/li>\n<\/ol>\n<p>(4) A szerz\u0151d\u00e9s megk\u00f6t\u00e9se eset\u00e9n a szerz\u0151d\u00e9s a Pilluwear e.U., Handelskai 98a\/59, 1200 B\u00e9cs, Ausztria c\u00edmen j\u00f6n l\u00e9tre.<\/p>\n<p>(5) A megrendel\u00e9s lead\u00e1sa el\u0151tt a szerz\u0151d\u00e9s adatai kinyomtathat\u00f3k vagy elektronikusan elmenthet\u0151k a b\u00f6ng\u00e9sz\u0151 nyomtat\u00e1si funkci\u00f3j\u00e1nak haszn\u00e1lat\u00e1val. A megrendel\u00e9s feldolgoz\u00e1sa \u00e9s a szerz\u0151d\u00e9s megk\u00f6t\u00e9s\u00e9hez sz\u00fcks\u00e9ges valamennyi inform\u00e1ci\u00f3, k\u00fcl\u00f6n\u00f6sen a megrendel\u00e9s adatai, az \u00c1SZF \u00e9s az el\u00e1ll\u00e1si nyilatkozat tov\u00e1bb\u00edt\u00e1sa a megrendel\u00e9s lead\u00e1s\u00e1t k\u00f6vet\u0151en e-mailben t\u00f6rt\u00e9nik, bizonyos esetekben automatikusan. A szerz\u0151d\u00e9s megk\u00f6t\u00e9se ut\u00e1n nem t\u00e1roljuk a szerz\u0151d\u00e9s sz\u00f6veg\u00e9t.<\/p>\n<p>(6) A beviteli hib\u00e1k a szok\u00e1sos billenty\u0171zet-, eg\u00e9r- \u00e9s b\u00f6ng\u00e9sz\u0151funkci\u00f3kkal (pl. a b\u00f6ng\u00e9sz\u0151 \"vissza gombj\u00e1val\") jav\u00edthat\u00f3k. A hib\u00e1k a rendel\u00e9si folyamat id\u0151 el\u0151tti megszak\u00edt\u00e1s\u00e1val, a b\u00f6ng\u00e9sz\u0151ablak bez\u00e1r\u00e1s\u00e1val \u00e9s a folyamat megism\u00e9tl\u00e9s\u00e9vel is korrig\u00e1lhat\u00f3k.<\/p>\n<p>(7) A megrendel\u00e9s feldolgoz\u00e1sa \u00e9s a szerz\u0151d\u00e9s megk\u00f6t\u00e9s\u00e9vel kapcsolatban sz\u00fcks\u00e9ges valamennyi inform\u00e1ci\u00f3 tov\u00e1bb\u00edt\u00e1sa r\u00e9szben automatiz\u00e1ltan, e-mailben t\u00f6rt\u00e9nik. Ez\u00e9rt \u00d6nnek biztos\u00edtania kell, hogy az \u00d6n \u00e1ltal megadott e-mail c\u00edm helyes legyen, az e-mailek fogad\u00e1sa technikailag biztos\u00edtott legyen, \u00e9s k\u00fcl\u00f6n\u00f6sen, hogy azt ne akad\u00e1lyozz\u00e1k meg SPAM-sz\u0171r\u0151k.<\/p>\n<h3>\u00a7 A szerz\u0151d\u00e9s t\u00e1rgya \u00e9s a term\u00e9kek l\u00e9nyeges jellemz\u0151i<\/h3>\n<p>(1) A szerz\u0151d\u00e9s t\u00e1rgya az online \u00e1ruh\u00e1zunk:<\/p>\n<ol style=\"list-style-type: lower-alpha\">\n<li>Az \u00e1ruk \u00e9rt\u00e9kes\u00edt\u00e9se. A k\u00edn\u00e1lt konkr\u00e9t \u00e1rukat a term\u00e9koldalainkon tal\u00e1lja.<\/li>\n<\/ol>\n<p>(2) Az \u00e1ru l\u00e9nyeges jellemz\u0151i a term\u00e9kle\u00edr\u00e1sban tal\u00e1lhat\u00f3k. Ha az \u00e1ru meg\u00e1llapodott min\u0151s\u00e9ge elt\u00e9r a szok\u00e1sos min\u0151s\u00e9gt\u0151l \u00e9s felhaszn\u00e1l\u00e1si k\u00f6r\u00fclm\u00e9nyekt\u0151l, ezt a t\u00e9telle\u00edr\u00e1sban kifejezetten fel kell t\u00fcntetni (negat\u00edv min\u0151s\u00e9gi meg\u00e1llapod\u00e1s). Amennyiben a vev\u0151 a negat\u00edv min\u0151s\u00e9gi elt\u00e9r\u00e9shez kifejezetten hozz\u00e1j\u00e1rult, ez hat\u00e1rozza meg a szerz\u0151d\u00e9s t\u00e1rgy\u00e1t.<\/p>\n<h3>\u00a7 4 \u00c1rak, sz\u00e1ll\u00edt\u00e1si k\u00f6lts\u00e9gek \u00e9s sz\u00e1ll\u00edt\u00e1s<\/h3>\n<p>(1) A vonatkoz\u00f3 aj\u00e1nlatokban megadott \u00e1rak, valamint a sz\u00e1ll\u00edt\u00e1si k\u00f6lts\u00e9gek teljes \u00e1rak, \u00e9s tartalmazz\u00e1k az \u00f6sszes \u00e1r\u00f6sszetev\u0151t, bele\u00e9rtve az \u00f6sszes alkalmazand\u00f3 ad\u00f3t.<\/p>\n<p>(2) A vonatkoz\u00f3 v\u00e9tel\u00e1rat a term\u00e9k lesz\u00e1ll\u00edt\u00e1sa el\u0151tt kell kifizetni (el\u0151legfizet\u00e9s), kiv\u00e9ve, ha kifejezetten nem aj\u00e1nljuk az el\u0151v\u00e1s\u00e1rl\u00e1st. Az \u00d6n sz\u00e1m\u00e1ra el\u00e9rhet\u0151 fizet\u00e9si m\u00f3dok a web\u00e1ruh\u00e1zban vagy a vonatkoz\u00f3 aj\u00e1nlatban egy megfelel\u0151en megjel\u00f6lt gomb alatt l\u00e1that\u00f3k. Amennyiben az egyes fizet\u00e9si m\u00f3dokn\u00e1l m\u00e1sk\u00e9nt nem szerepel, a fizet\u00e9si k\u00f6vetel\u00e9sek azonnal esed\u00e9kesek.<\/p>\n<p>(3) A felt\u00fcntetett \u00e1rakon fel\u00fcl a term\u00e9kek sz\u00e1ll\u00edt\u00e1s\u00e1\u00e9rt sz\u00e1ll\u00edt\u00e1si k\u00f6lts\u00e9gek is felmer\u00fclhetnek, kiv\u00e9ve, ha az adott term\u00e9k sz\u00e1ll\u00edt\u00e1si k\u00f6lts\u00e9gmentesnek van felt\u00fcntetve. A sz\u00e1ll\u00edt\u00e1si k\u00f6lts\u00e9gekr\u0151l az aj\u00e1nlatokn\u00e1l, adott esetben a kos\u00e1rrendszerben \u00e9s a rendel\u00e9s \u00e1ttekint\u00e9s\u00e9n\u00e9l ism\u00e9t egy\u00e9rtelm\u0171en t\u00e1j\u00e9koztatjuk \u00d6nt.<\/p>\n<p>(4) Az \u00f6sszes k\u00edn\u00e1lt term\u00e9ket \u00e1ltal\u00e1ban 3-7 napon bel\u00fcl feldolgozzuk, \u00e9s ezt k\u00f6vet\u0151en elk\u00fcldj\u00fck. Sz\u00e1ll\u00edt\u00e1si id\u0151k:<\/p>\n<p>A sz\u00e1ll\u00edt\u00e1si id\u0151 az \u00d6n tart\u00f3zkod\u00e1si hely\u00e9t\u0151l f\u00fcgg, \u00e9s a k\u00f6vetkez\u0151 becsl\u00e9sek szerint alakul:<\/p>\n<ul>\n<li>Eur\u00f3pa: 6-8 munkanap<\/li>\n<li>USA: 3-4 munkanap<\/li>\n<li>Ausztr\u00e1lia: 2 - 14 munkanap<\/li>\n<li>Jap\u00e1n: 4 - 8 munkanap<\/li>\n<li>Nemzetk\u00f6zi: 10 - 20 munkanap<\/li>\n<\/ul>\n<p>(5) A k\u00f6vetkez\u0151 sz\u00e1ll\u00edt\u00e1si ter\u00fcleti korl\u00e1toz\u00e1sok \u00e9rv\u00e9nyesek: Ausztria, Belgium, Bulg\u00e1ria, Ciprus, Csehorsz\u00e1g, N\u00e9metorsz\u00e1g, D\u00e1nia, \u00c9sztorsz\u00e1g, Spanyolorsz\u00e1g, Finnorsz\u00e1g, Franciaorsz\u00e1g, G\u00f6r\u00f6gorsz\u00e1g, Horv\u00e1torsz\u00e1g, \u00cdrorsz\u00e1g, Hollandia, Horv\u00e1torsz\u00e1g, \u00cdrorsz\u00e1g, Lengyelorsz\u00e1g, Litv\u00e1nia, Luxemburg, Lettorsz\u00e1g, Magyarorsz\u00e1g, M\u00e1lta, N\u00e9metorsz\u00e1g, Olaszorsz\u00e1g, Lengyelorsz\u00e1g, Portug\u00e1lia, Rom\u00e1nia, Sv\u00e9dorsz\u00e1g, Szlov\u00e9nia, Szlov\u00e1kia.<\/p>\n<h3>\u00a7 5 Visszat\u00e9r\u00e9si jog<\/h3>\n<p>(1) Egy print-on-demand szolg\u00e1ltat\u00f3val dolgozunk egy\u00fctt, aki el\u0151sz\u00f6r a cikkeket gy\u00e1rtja le,<br \/>\namikor megrendelik \u0151ket. A t\u00faltermel\u00e9s elker\u00fcl\u00e9se \u00e9rdek\u00e9ben k\u00e9rj\u00fck, hogy k\u00fcldje el a k\u00f6rnyezeti<br \/>\n\u00e9s ne rendeljen felesleges term\u00e9keket.<br \/>\nHa valami baj van a megrendel\u00e9s\u00e9vel, 14 napon bel\u00fcl lemondhatja azt.<br \/>\nvissza kell k\u00fcldeni. K\u00e9rj\u00fck, \u00e9rtes\u00edtsen benn\u00fcnket, ha b\u00e1rmi gond van a megrendel\u00e9s\u00e9vel, vagy ha vissza szeretn\u00e9 k\u00fcldeni azt.<br \/>\nha el\u00e9gedetlen, vegye fel vel\u00fcnk a kapcsolatot a ruslan@pilluwear.com c\u00edmen.<\/p>\n<h3>6. \u00a7 Visszatart\u00e1si jog, tulajdonjog-fenntart\u00e1s<\/h3>\n<p>(1) \u00d6n csak annyiban gyakorolhat visszatart\u00e1si jogot, amennyiben az ugyanazon szerz\u0151d\u00e9ses jogviszonyb\u00f3l ered\u0151 k\u00f6vetel\u00e9sekre vonatkozik.<\/p>\n<p>(2) Az \u00e1ru a v\u00e9tel\u00e1r teljes kifizet\u00e9s\u00e9ig a mi tulajdonunkban marad.<\/p>\n<h3>\u00a7 7 El\u00e1ll\u00e1si jog<\/h3>\n<p>Fogyaszt\u00f3k\u00e9nt \u00d6nnek el\u00e1ll\u00e1si joga van. Ennek alapja a mi <a href=\"https:\/\/pilluwear.com\/hu\/lemondasi-szabalyzat\/\">Lemond\u00e1si szab\u00e1lyzat<\/a>.<\/p>\n<h3>\u00a7 8 A szerz\u0151d\u00e9s nyelve<\/h3>\n<p>A szerz\u0151d\u00e9s nyelve kiz\u00e1r\u00f3lag n\u00e9met.<\/p>\n<h3>\u00a7 9 Felel\u0151ss\u00e9g<\/h3>\n<p>(1) Az al\u00e1bbi kiv\u00e9telekt\u0151l eltekintve a szerz\u0151d\u00e9ses k\u00f6telezetts\u00e9gszeg\u00e9sek\u00e9rt \u00e9s a jogosulatlan cselekm\u00e9nyek\u00e9rt val\u00f3 felel\u0151ss\u00e9g\u00fcnk a sz\u00e1nd\u00e9koss\u00e1gra vagy a s\u00falyos gondatlans\u00e1gra korl\u00e1toz\u00f3dik.<\/p>\n<p>(2) Korl\u00e1toz\u00e1s n\u00e9lk\u00fcl felel\u00fcnk k\u00f6nny\u0171 gondatlans\u00e1g eset\u00e9n az \u00e9let, a testi \u00e9ps\u00e9g vagy az eg\u00e9szs\u00e9g s\u00e9r\u00fcl\u00e9se eset\u00e9n, vagy l\u00e9nyeges szerz\u0151d\u00e9ses k\u00f6telezetts\u00e9g megszeg\u00e9se eset\u00e9n. Ha enyhe gondatlans\u00e1gb\u00f3l ered\u0151 teljes\u00edt\u00e9si k\u00e9sedelembe es\u00fcnk, ha a teljes\u00edt\u00e9s lehetetlenn\u00e9 v\u00e1lt, vagy ha l\u00e9nyeges szerz\u0151d\u00e9ses k\u00f6telezetts\u00e9get megszegt\u00fcnk, az ebb\u0151l ered\u0151 vagyoni \u00e9s p\u00e9nz\u00fcgyi k\u00e1rok\u00e9rt val\u00f3 felel\u0151ss\u00e9g\u00fcnk a k\u00e1r \u00f6sszeg\u00e9re korl\u00e1toz\u00f3dik. <strong>a szerz\u0151d\u00e9sre jellemz\u0151 el\u0151re l\u00e1that\u00f3 k\u00e1r<\/strong> korl\u00e1tozott. A l\u00e9nyeges szerz\u0151d\u00e9ses k\u00f6telezetts\u00e9g olyan k\u00f6telezetts\u00e9g, amelynek teljes\u00edt\u00e9se elengedhetetlen a szerz\u0151d\u00e9s megfelel\u0151 teljes\u00edt\u00e9s\u00e9hez, amelynek megszeg\u00e9se vesz\u00e9lyezteti a szerz\u0151d\u00e9s c\u00e9lj\u00e1nak el\u00e9r\u00e9s\u00e9t, \u00e9s amelynek teljes\u00edt\u00e9s\u00e9re \u00d6n rendszeresen sz\u00e1m\u00edthat. Ide tartozik k\u00fcl\u00f6n\u00f6sen a 3. \u00a7-ban le\u00edrt int\u00e9zked\u00e9si \u00e9s a szerz\u0151d\u00e9sben v\u00e1llalt szolg\u00e1ltat\u00e1s teljes\u00edt\u00e9s\u00e9re vonatkoz\u00f3 k\u00f6telezetts\u00e9g\u00fcnk.<\/p>\n<h3>\u00a7 10 Garancia<\/h3>\n<p>(1) A j\u00f3t\u00e1ll\u00e1sra a jogszab\u00e1lyi rendelkez\u00e9sek az ir\u00e1nyad\u00f3k.<\/p>\n<p>(2) A v\u00e1llalkoz\u00f3knak sz\u00e1ll\u00edtott \u00e1ruk j\u00f3t\u00e1ll\u00e1si ideje 12 h\u00f3nap.<\/p>\n<p>(3) Fogyaszt\u00f3k\u00e9nt arra k\u00e9rj\u00fck \u00d6nt, hogy a szerz\u0151d\u00e9s teljes\u00edt\u00e9s\u00e9t k\u00f6vet\u0151en azonnal ellen\u0151rizze a term\u00e9ket\/digit\u00e1lis \u00e1rut vagy a ny\u00fajtott szolg\u00e1ltat\u00e1st a teljess\u00e9g, a nyilv\u00e1nval\u00f3 hib\u00e1k \u00e9s a sz\u00e1ll\u00edt\u00e1si s\u00e9r\u00fcl\u00e9sek tekintet\u00e9ben, \u00e9s az esetleges panaszokat a lehet\u0151 leghamarabb jelezze nek\u00fcnk \u00e9s a fuvaroz\u00f3nak. Ha ezt elmulasztja, az term\u00e9szetesen nem befoly\u00e1solja a t\u00f6rv\u00e9nyes szavatoss\u00e1gi ig\u00e9nyeit.<\/p>\n<h3>\u00a7 11 Z\u00e1r\u00f3 rendelkez\u00e9sek\/vitarendez\u00e9s<\/h3>\n<p>(1) A n\u00e9met jog alkalmazand\u00f3. Fogyaszt\u00f3k eset\u00e9ben ez a jogv\u00e1laszt\u00e1s csak annyiban alkalmazand\u00f3, amennyiben ez nem vonja meg a fogyaszt\u00f3 szok\u00e1sos tart\u00f3zkod\u00e1si helye szerinti \u00e1llam jog\u00e1nak k\u00f6telez\u0151 rendelkez\u00e9sei \u00e1ltal biztos\u00edtott v\u00e9delmet (a kedvez\u0151s\u00e9g elve).<\/p>\n<p>(2) Az \u00e1ruk nemzetk\u00f6zi ad\u00e1sv\u00e9teli szerz\u0151d\u00e9seir\u0151l sz\u00f3l\u00f3 ENSZ-egyezm\u00e9ny rendelkez\u00e9sei kifejezetten nem alkalmazand\u00f3k.<\/p>\n<p>(3) Ha az \u00fcgyf\u00e9l keresked\u0151, k\u00f6zjogi jogi szem\u00e9ly vagy k\u00f6zjogi k\u00fcl\u00f6nalap, az \u00fcgyf\u00e9l \u00e9s a szolg\u00e1ltat\u00f3 k\u00f6z\u00f6tti szerz\u0151d\u00e9ses jogviszonyb\u00f3l ered\u0151 valamennyi jogvit\u00e1ra a szolg\u00e1ltat\u00f3 sz\u00e9khelye az illet\u00e9kes b\u00edr\u00f3s\u00e1g.<\/p>\n<p>(4)\n\nNem vagyunk k\u00f6telesek vagy hajland\u00f3ak r\u00e9szt venni a fogyaszt\u00f3i d\u00f6nt\u0151bizotts\u00e1g el\u0151tti vitarendez\u00e9si elj\u00e1r\u00e1sban.<\/p>","protected":false},"excerpt":{"rendered":"<p>Allgemeine Gesch\u00e4ftsbedingungen \u00a7 1 Geltung, Begriffsdefinitionen (1) Pilluwear e.U., Handelskai 98a\/59, 1200 Wien, \u00d6sterreich (im Folgenden: \u201ewir\u201c oder \u201epilluwear\u201c) betreibt unter der Webseite https:\/\/pilluwear.com einen Online-Shop f\u00fcr Waren. Die nachfolgenden allgemeinen Gesch\u00e4ftsbedingungen gelten f\u00fcr alle Leistungen zwischen uns und unseren Kunden (im Folgenden: \u201eKunde\u201c oder \u201eSie\u201c) in ihrer zum Zeitpunkt der Bestellung g\u00fcltigen Fassung, soweit [&hellip;]<\/p>","protected":false},"author":1,"featured_media":0,"parent":0,"menu_order":0,"comment_status":"closed","ping_status":"closed","template":"","meta":{"_uag_custom_page_level_css":"","_uf_show_specific_survey":0,"_uf_disable_surveys":false,"_themeisle_gutenberg_block_has_review":false,"footnotes":""},"class_list":["post-6122","page","type-page","status-publish","hentry"],"aioseo_notices":[],"uagb_featured_image_src":{"full":false,"thumbnail":false,"medium":false,"medium_large":false,"large":false,"1536x1536":false,"2048x2048":false,"trp-custom-language-flag":false,"woocommerce_thumbnail":false,"woocommerce_single":false,"woocommerce_gallery_thumbnail":false},"uagb_author_info":{"display_name":"pilluwear.com","author_link":"https:\/\/pilluwear.com\/hu\/author\/pilluwear-com\/"},"uagb_comment_info":0,"uagb_excerpt":"Allgemeine Gesch\u00e4ftsbedingungen \u00a7 1 Geltung, Begriffsdefinitionen (1) Pilluwear e.U., Handelskai 98a\/59, 1200 Wien, \u00d6sterreich (im Folgenden: \u201ewir\u201c oder \u201epilluwear\u201c) betreibt unter der Webseite https:\/\/pilluwear.com einen Online-Shop f\u00fcr Waren. Die nachfolgenden allgemeinen Gesch\u00e4ftsbedingungen gelten f\u00fcr alle Leistungen zwischen uns und unseren Kunden (im Folgenden: \u201eKunde\u201c oder \u201eSie\u201c) in ihrer zum Zeitpunkt der Bestellung g\u00fcltigen Fassung, soweit&hellip;","jetpack_sharing_enabled":true,"_links":{"self":[{"href":"https:\/\/pilluwear.com\/hu\/wp-json\/wp\/v2\/pages\/6122","targetHints":{"allow":["GET"]}}],"collection":[{"href":"https:\/\/pilluwear.com\/hu\/wp-json\/wp\/v2\/pages"}],"about":[{"href":"https:\/\/pilluwear.com\/hu\/wp-json\/wp\/v2\/types\/page"}],"author":[{"embeddable":true,"href":"https:\/\/pilluwear.com\/hu\/wp-json\/wp\/v2\/users\/1"}],"replies":[{"embeddable":true,"href":"https:\/\/pilluwear.com\/hu\/wp-json\/wp\/v2\/comments?post=6122"}],"version-history":[{"count":4,"href":"https:\/\/pilluwear.com\/hu\/wp-json\/wp\/v2\/pages\/6122\/revisions"}],"predecessor-version":[{"id":15940,"href":"https:\/\/pilluwear.com\/hu\/wp-json\/wp\/v2\/pages\/6122\/revisions\/15940"}],"wp:attachment":[{"href":"https:\/\/pilluwear.com\/hu\/wp-json\/wp\/v2\/media?parent=6122"}],"curies":[{"name":"wp","href":"https:\/\/api.w.org\/{rel}","templated":true}]}}