{"id":23723,"date":"2025-02-02T16:09:48","date_gmt":"2025-02-02T15:09:48","guid":{"rendered":"https:\/\/pilluwear.com\/produkt\/wanderer-umweltfreundlicher-unisex-kapuzenpullover\/"},"modified":"2025-09-20T19:08:15","modified_gmt":"2025-09-20T17:08:15","slug":"wanderer-sweat-a-capuche-ecologique-unisexe","status":"publish","type":"product","link":"https:\/\/pilluwear.com\/fr\/produit\/wanderer-sweat-a-capuche-ecologique-unisexe\/","title":{"rendered":"Randonneur - Sweat \u00e0 capuche unisexe respectueux de l'environnement"},"content":{"rendered":"<p>Gr\u00e2ce \u00e0 ses mat\u00e9riaux bio, le sweat \u00e0 capuche bio classique unisexe est un bon achat pour les amateurs de mode soucieux de l'environnement. Le sweat \u00e0 capuche confortable \u00e0 la coupe normale a une capuche \u00e0 double \u00e9paisseur, des manches attach\u00e9es et une poche \u00e0 l'avant.<\/p>\n<p>- 100% Coton biologique<br \/>\n- Poids du tissu : 10,32 oz.\/yd.\u00b2 (350 g\/m\u00b2)<br \/>\n- Coupe normale<br \/>\n- Manches mont\u00e9es<br \/>\n- Capuche \u00e0 double couche en tissu propre<br \/>\n- Poche en forme de sac sur le devant<br \/>\n- C\u00f4te 1\u00d71 \u00e0 l'ourlet des manches et au bas de l'ourlet<br \/>\n- Point de piq\u00fbre \u00e0 une aiguille \u00e0 l'encolure et le long de l'ouverture de la capuche<br \/>\n- \u0152illets en m\u00e9tal<br \/>\n- Bande int\u00e9rieure dans le cou<br \/>\n- Demi-lune tricot\u00e9e maison dans le cou<br \/>\n- T\u00e9l\u00e9charger les certificats pour les produits respectueux de l'environnement<br \/>\n- Ebauche de Bangladesh<\/p>\n<p>Les tailles correspondent \u00e0 une taille plus petite sur le march\u00e9 am\u00e9ricain, les clients am\u00e9ricains devraient donc commander une taille.<\/p>\n<p>- La tra\u00e7abilit\u00e9 :<br \/>\n- Tissage - Bangladesh<br \/>\n- Teinture - Bangladesh<br \/>\n- Fabrication - Bangladesh<br \/>\n- En 100 coton bio %<br \/>\n- Contient 0 % substances dangereuses<\/p>\n<p>Age restrictions : Pour les adultes<br \/>\nGarantie UE : 2 ans<br \/>\nOther compliance information : Conforme aux exigences REACH de l'UE.<\/p>\n<p>En accord avec le r\u00e8glement g\u00e9n\u00e9ral sur la s\u00e9curit\u00e9 des produits (GPSR), garantit <b>Pilluwear e.U.<\/b>que tous les produits propos\u00e9s aux consommateurs sont s\u00fbrs et conformes aux normes europ\u00e9ennes. Si tu as des questions ou des doutes sur la s\u00e9curit\u00e9 des produits, n'h\u00e9site pas \u00e0 nous contacter \u00e0 l'adresse suivante <b>ruslan@pilluwear.com<\/b>ou par courrier \u00e0 <b>Handelskai 98a\/59<br \/>\n1200 Vienne.<b \/><\/p>","protected":false},"excerpt":{"rendered":"<p>Gr\u00e2ce \u00e0 ses mat\u00e9riaux bio, le sweat \u00e0 capuche bio classique unisexe est un bon achat pour les amateurs de mode soucieux de l'environnement. Ce sweat \u00e0 capuche confortable \u00e0 la coupe normale poss\u00e8de une capuche \u00e0 double \u00e9paisseur, des manches rapport\u00e9es et une poche \u00e0 poche sur le devant. - 100% Coton biologique - Poids du tissu : 10,32 oz.\/yd.\u00b2 (350 g\/m\u00b2) - Coupe normale - Manches rapport\u00e9es - Capuche \u00e0 double couche en tissu propre - Poche avant en forme de sac - 1\u00d71 [...]<\/p>","protected":false},"featured_media":23746,"comment_status":"open","ping_status":"closed","template":"","meta":{"_uag_custom_page_level_css":"","_uf_show_specific_survey":0,"_uf_disable_surveys":false,"_themeisle_gutenberg_block_has_review":false},"product_brand":[],"product_cat":[108,122],"product_tag":[],"class_list":{"0":"post-23723","1":"product","2":"type-product","3":"status-publish","4":"has-post-thumbnail","6":"product_cat-jogger","7":"product_cat-kollektionen","8":"pa_farbe-desert-dust","9":"pa_farbe-french-navy","10":"pa_farbe-schwarz","11":"pa_farbe-weiss","12":"pa_grosse-2xl","13":"pa_grosse-l","14":"pa_grosse-m","15":"pa_grosse-s","16":"pa_grosse-xl","18":"first","19":"instock","20":"taxable","21":"shipping-taxable","22":"purchasable","23":"product-type-variable","24":"has-default-attributes"},"aioseo_notices":[],"uagb_featured_image_src":{"full":["https:\/\/i0.wp.com\/pilluwear.com\/wp-content\/uploads\/2025\/02\/unisex-essential-eco-hoodie-french-navy-front-679f8aaa791b3.jpg?fit=2000%2C2000&ssl=1",2000,2000,false],"thumbnail":["https:\/\/i0.wp.com\/pilluwear.com\/wp-content\/uploads\/2025\/02\/unisex-essential-eco-hoodie-french-navy-front-679f8aaa791b3.jpg?resize=150%2C150&ssl=1",150,150,true],"medium":["https:\/\/i0.wp.com\/pilluwear.com\/wp-content\/uploads\/2025\/02\/unisex-essential-eco-hoodie-french-navy-front-679f8aaa791b3.jpg?fit=300%2C300&ssl=1",300,300,true],"medium_large":["https:\/\/i0.wp.com\/pilluwear.com\/wp-content\/uploads\/2025\/02\/unisex-essential-eco-hoodie-french-navy-front-679f8aaa791b3.jpg?fit=768%2C768&ssl=1",768,768,true],"large":["https:\/\/i0.wp.com\/pilluwear.com\/wp-content\/uploads\/2025\/02\/unisex-essential-eco-hoodie-french-navy-front-679f8aaa791b3.jpg?fit=1024%2C1024&ssl=1",1024,1024,true],"1536x1536":["https:\/\/i0.wp.com\/pilluwear.com\/wp-content\/uploads\/2025\/02\/unisex-essential-eco-hoodie-french-navy-front-679f8aaa791b3.jpg?fit=1536%2C1536&ssl=1",1536,1536,true],"2048x2048":["https:\/\/i0.wp.com\/pilluwear.com\/wp-content\/uploads\/2025\/02\/unisex-essential-eco-hoodie-french-navy-front-679f8aaa791b3.jpg?fit=2000%2C2000&ssl=1",2000,2000,true],"trp-custom-language-flag":["https:\/\/i0.wp.com\/pilluwear.com\/wp-content\/uploads\/2025\/02\/unisex-essential-eco-hoodie-french-navy-front-679f8aaa791b3.jpg?fit=12%2C12&ssl=1",12,12,true],"woocommerce_thumbnail":["https:\/\/i0.wp.com\/pilluwear.com\/wp-content\/uploads\/2025\/02\/unisex-essential-eco-hoodie-french-navy-front-679f8aaa791b3.jpg?resize=300%2C300&ssl=1",300,300,true],"woocommerce_single":["https:\/\/i0.wp.com\/pilluwear.com\/wp-content\/uploads\/2025\/02\/unisex-essential-eco-hoodie-french-navy-front-679f8aaa791b3.jpg?fit=600%2C600&ssl=1",600,600,true],"woocommerce_gallery_thumbnail":["https:\/\/i0.wp.com\/pilluwear.com\/wp-content\/uploads\/2025\/02\/unisex-essential-eco-hoodie-french-navy-front-679f8aaa791b3.jpg?resize=100%2C100&ssl=1",100,100,true]},"uagb_author_info":{"display_name":"pilluwear.com","author_link":"https:\/\/pilluwear.com\/fr\/author\/"},"uagb_comment_info":0,"uagb_excerpt":"Der Klassischer Unisex Bio-Hoodie ist dank seiner Bio-Materialien ein guter Kauf f\u00fcr umweltbewusste Modeliebhaber. Der bequeme Kapuzenpullover mit normaler Passform hat eine doppellagige Kapuze, angesetzte \u00c4rmel und eine Beuteltasche vorne. \u2022 100% Bio-Baumwolle \u2022 Stoffgewicht: 10,32 oz.\/yd.\u00b2 (350 g\/m\u00b2) \u2022 Normale Passform \u2022 Eingesetzte \u00c4rmel \u2022 Doppellagige Kapuze aus Eigengewebe \u2022 Beuteltasche vorne \u2022 1\u00d71\u2026","jetpack_sharing_enabled":true,"_links":{"self":[{"href":"https:\/\/pilluwear.com\/fr\/wp-json\/wp\/v2\/product\/23723","targetHints":{"allow":["GET"]}}],"collection":[{"href":"https:\/\/pilluwear.com\/fr\/wp-json\/wp\/v2\/product"}],"about":[{"href":"https:\/\/pilluwear.com\/fr\/wp-json\/wp\/v2\/types\/product"}],"replies":[{"embeddable":true,"href":"https:\/\/pilluwear.com\/fr\/wp-json\/wp\/v2\/comments?post=23723"}],"wp:featuredmedia":[{"embeddable":true,"href":"https:\/\/pilluwear.com\/fr\/wp-json\/wp\/v2\/media\/23746"}],"wp:attachment":[{"href":"https:\/\/pilluwear.com\/fr\/wp-json\/wp\/v2\/media?parent=23723"}],"wp:term":[{"taxonomy":"product_brand","embeddable":true,"href":"https:\/\/pilluwear.com\/fr\/wp-json\/wp\/v2\/product_brand?post=23723"},{"taxonomy":"product_cat","embeddable":true,"href":"https:\/\/pilluwear.com\/fr\/wp-json\/wp\/v2\/product_cat?post=23723"},{"taxonomy":"product_tag","embeddable":true,"href":"https:\/\/pilluwear.com\/fr\/wp-json\/wp\/v2\/product_tag?post=23723"}],"curies":[{"name":"wp","href":"https:\/\/api.w.org\/{rel}","templated":true}]}}