{"id":23702,"date":"2025-02-02T16:08:05","date_gmt":"2025-02-02T15:08:05","guid":{"rendered":"https:\/\/pilluwear.com\/produkt\/wanderer-unisex-bio-pullover\/"},"modified":"2025-02-02T16:08:41","modified_gmt":"2025-02-02T15:08:41","slug":"pull-bio-unisexe-pour-randonneurs","status":"publish","type":"product","link":"https:\/\/pilluwear.com\/fr\/produit\/pull-bio-unisexe-pour-randonneurs\/","title":{"rendered":"Randonneur - pull bio unisexe"},"content":{"rendered":"<p>Avec ce pull \u00e9cologique unisexe, tu peux donner un coup de fouet \u00e0 ton style. Le t-shirt a un look chic et craquant et s'adapte aussi bien aux tenues d\u00e9contract\u00e9es qu'aux tenues plus habill\u00e9es. Ce sweat-shirt en coton bio est r\u00e9sistant, confortable et particuli\u00e8rement doux.<\/p>\n<p>- 100% coton organique, ring-spun, peign\u00e9<br \/>\n- Poids du tissu : 10,3 oz\/yd\u00b2 (350 g\/m\u00b2)<br \/>\n- Coupe normale<br \/>\n- Manches mont\u00e9es<br \/>\n- C\u00f4te 1\u00d71 sur le col, l'ourlet des manches et l'ourlet<br \/>\n- Double surpiq\u00fbre sur le col, les manches et l'ourlet inf\u00e9rieur<br \/>\n- Bandeau de cou avec motif \u00e0 chevrons \u00e0 l'int\u00e9rieur<br \/>\n- Demi-lune tricot\u00e9e maison dans le cou<br \/>\n- Ebauche de Bangladesh<\/p>\n<p>Les tailles correspondent \u00e0 une taille plus petite sur le march\u00e9 am\u00e9ricain, les clients am\u00e9ricains devraient donc commander une taille plus grande.<\/p>\n<p>- La tra\u00e7abilit\u00e9 :<br \/>\n- Tissage - Bangladesh<br \/>\n- Teinture - Bangladesh<br \/>\n- Fabrication - Bangladesh<br \/>\n- En 100 coton bio %<br \/>\n- Contient 0 % substances dangereuses<\/p>\n<p>Age restrictions : Pour les adultes<br \/>\nGarantie UE : 2 ans<br \/>\nOther compliance information : Conforme aux exigences REACH de l'UE.<\/p>\n<p>En accord avec le r\u00e8glement g\u00e9n\u00e9ral sur la s\u00e9curit\u00e9 des produits (GPSR), garantit <b>Pilluwear e.U.<\/b>que tous les produits propos\u00e9s aux consommateurs sont s\u00fbrs et conformes aux normes europ\u00e9ennes. Si tu as des questions ou des doutes sur la s\u00e9curit\u00e9 des produits, n'h\u00e9site pas \u00e0 nous contacter \u00e0 l'adresse suivante <b>ruslan@pilluwear.com<\/b>ou par courrier \u00e0 <b>Handelskai 98a\/59<br \/>\n1200 Vienne.<b \/><\/p>","protected":false},"excerpt":{"rendered":"<p>Avec ce pull \u00e9cologique unisexe, tu peux donner un coup de fouet \u00e0 ton style. Le t-shirt a un look chic et craquant et s'adapte aussi bien aux tenues d\u00e9contract\u00e9es qu'aux tenues plus habill\u00e9es. Ce sweat-shirt en coton bio est r\u00e9sistant, confortable et particuli\u00e8rement doux. - 100% coton organique ring-spun peign\u00e9 - Poids du tissu : 10,3 oz.\/yd.\u00b2 (350 g\/m\u00b2) - Coupe normale - Manches mont\u00e9es - 1\u00d71 [...].<\/p>","protected":false},"featured_media":23720,"comment_status":"open","ping_status":"closed","template":"","meta":{"_uag_custom_page_level_css":"","_uf_show_specific_survey":0,"_uf_disable_surveys":false,"_themeisle_gutenberg_block_has_review":false},"product_brand":[],"product_cat":[108,122],"product_tag":[],"class_list":{"0":"post-23702","1":"product","2":"type-product","3":"status-publish","4":"has-post-thumbnail","6":"product_cat-jogger","7":"product_cat-kollektionen","8":"pa_farbe-french-navy","9":"pa_farbe-schwarz","10":"pa_farbe-weiss","11":"pa_grosse-2xl","12":"pa_grosse-l","13":"pa_grosse-m","14":"pa_grosse-s","15":"pa_grosse-xl","17":"first","18":"instock","19":"taxable","20":"shipping-taxable","21":"purchasable","22":"product-type-variable"},"aioseo_notices":[],"uagb_featured_image_src":{"full":["https:\/\/i0.wp.com\/pilluwear.com\/wp-content\/uploads\/2025\/02\/unisex-eco-sweatshirt-white-front-679f8a060f643.jpg?fit=2000%2C2000&ssl=1",2000,2000,false],"thumbnail":["https:\/\/i0.wp.com\/pilluwear.com\/wp-content\/uploads\/2025\/02\/unisex-eco-sweatshirt-white-front-679f8a060f643.jpg?resize=150%2C150&ssl=1",150,150,true],"medium":["https:\/\/i0.wp.com\/pilluwear.com\/wp-content\/uploads\/2025\/02\/unisex-eco-sweatshirt-white-front-679f8a060f643.jpg?fit=300%2C300&ssl=1",300,300,true],"medium_large":["https:\/\/i0.wp.com\/pilluwear.com\/wp-content\/uploads\/2025\/02\/unisex-eco-sweatshirt-white-front-679f8a060f643.jpg?fit=768%2C768&ssl=1",768,768,true],"large":["https:\/\/i0.wp.com\/pilluwear.com\/wp-content\/uploads\/2025\/02\/unisex-eco-sweatshirt-white-front-679f8a060f643.jpg?fit=1024%2C1024&ssl=1",1024,1024,true],"1536x1536":["https:\/\/i0.wp.com\/pilluwear.com\/wp-content\/uploads\/2025\/02\/unisex-eco-sweatshirt-white-front-679f8a060f643.jpg?fit=1536%2C1536&ssl=1",1536,1536,true],"2048x2048":["https:\/\/i0.wp.com\/pilluwear.com\/wp-content\/uploads\/2025\/02\/unisex-eco-sweatshirt-white-front-679f8a060f643.jpg?fit=2000%2C2000&ssl=1",2000,2000,true],"trp-custom-language-flag":["https:\/\/i0.wp.com\/pilluwear.com\/wp-content\/uploads\/2025\/02\/unisex-eco-sweatshirt-white-front-679f8a060f643.jpg?fit=12%2C12&ssl=1",12,12,true],"woocommerce_thumbnail":["https:\/\/i0.wp.com\/pilluwear.com\/wp-content\/uploads\/2025\/02\/unisex-eco-sweatshirt-white-front-679f8a060f643.jpg?resize=300%2C300&ssl=1",300,300,true],"woocommerce_single":["https:\/\/i0.wp.com\/pilluwear.com\/wp-content\/uploads\/2025\/02\/unisex-eco-sweatshirt-white-front-679f8a060f643.jpg?fit=600%2C600&ssl=1",600,600,true],"woocommerce_gallery_thumbnail":["https:\/\/i0.wp.com\/pilluwear.com\/wp-content\/uploads\/2025\/02\/unisex-eco-sweatshirt-white-front-679f8a060f643.jpg?resize=100%2C100&ssl=1",100,100,true]},"uagb_author_info":{"display_name":"pilluwear.com","author_link":"https:\/\/pilluwear.com\/fr\/author\/"},"uagb_comment_info":0,"uagb_excerpt":"Mit diesem Unisex-\u00d6ko-Pullover kannst du deinen Stil aufpeppen. Das Shirt hat einen schicken, knackigen Look und passt sowohl zu legeren als auch zu schickeren Outfits. Dieses Sweatshirt aus Bio-Baumwolle ist strapazierf\u00e4hig, bequem und besonders weich. \u2022 100% organische, ringgesponnene, gek\u00e4mmte Baumwolle \u2022 Stoffgewicht: 10,3 oz.\/yd.\u00b2 (350 g\/m\u00b2) \u2022 Normale Passform \u2022 Eingesetzte \u00c4rmel \u2022 1\u00d71\u2026","jetpack_sharing_enabled":true,"_links":{"self":[{"href":"https:\/\/pilluwear.com\/fr\/wp-json\/wp\/v2\/product\/23702","targetHints":{"allow":["GET"]}}],"collection":[{"href":"https:\/\/pilluwear.com\/fr\/wp-json\/wp\/v2\/product"}],"about":[{"href":"https:\/\/pilluwear.com\/fr\/wp-json\/wp\/v2\/types\/product"}],"replies":[{"embeddable":true,"href":"https:\/\/pilluwear.com\/fr\/wp-json\/wp\/v2\/comments?post=23702"}],"wp:featuredmedia":[{"embeddable":true,"href":"https:\/\/pilluwear.com\/fr\/wp-json\/wp\/v2\/media\/23720"}],"wp:attachment":[{"href":"https:\/\/pilluwear.com\/fr\/wp-json\/wp\/v2\/media?parent=23702"}],"wp:term":[{"taxonomy":"product_brand","embeddable":true,"href":"https:\/\/pilluwear.com\/fr\/wp-json\/wp\/v2\/product_brand?post=23702"},{"taxonomy":"product_cat","embeddable":true,"href":"https:\/\/pilluwear.com\/fr\/wp-json\/wp\/v2\/product_cat?post=23702"},{"taxonomy":"product_tag","embeddable":true,"href":"https:\/\/pilluwear.com\/fr\/wp-json\/wp\/v2\/product_tag?post=23702"}],"curies":[{"name":"wp","href":"https:\/\/api.w.org\/{rel}","templated":true}]}}