{"id":23569,"date":"2025-02-02T16:00:39","date_gmt":"2025-02-02T15:00:39","guid":{"rendered":"https:\/\/pilluwear.com\/produkt\/wanderer-unisex-bio-baumwoll-t-shirt\/"},"modified":"2025-04-13T13:46:11","modified_gmt":"2025-04-13T11:46:11","slug":"t-shirt-en-coton-bio-unisexe-pour-randonneurs","status":"publish","type":"product","link":"https:\/\/pilluwear.com\/fr\/produit\/t-shirt-en-coton-bio-unisexe-pour-randonneurs\/","title":{"rendered":"Randonneur - T-shirt unisexe en coton bio"},"content":{"rendered":"<p>Ce t-shirt unisexe en coton biologique 100 % ring-spun est un must. Il est de grande qualit\u00e9, super confortable et le meilleur de tout - \u00e9cologique. <\/p>\n<p> - 100 % coton biologique ring-spun <br \/>\n - Poids du tissu : 180 g\/m\u00b2 (5,3 oz.\/yd.\u00b2) <br \/>\n - jersey simple <br \/>\n - Coupe moyenne <br \/>\n - Manches ajust\u00e9es <br \/>\n - 1 \u00d7 1 C\u00f4tes au col <br \/>\n - Larges doubles coutures sur les manches et les ourlets inf\u00e9rieurs <br \/>\n - Bandeau de cou auto-tiss\u00e9 (int\u00e9rieur, dos du cou) <br \/>\n - Produit brut du Bangladesh <\/p>\n<p> Les tailles correspondent \u00e0 une taille plus petite sur le march\u00e9 am\u00e9ricain, les clients am\u00e9ricains devraient donc commander une taille plus grande.<\/p>\n<p>- La tra\u00e7abilit\u00e9 :<br \/>\n- Tissage - Bangladesh<br \/>\n- Teinture - Bangladesh<br \/>\n- Fabrication - Bangladesh<br \/>\n- Contient 0 % de polyester recycl\u00e9<br \/>\n- Contient 0 % substances dangereuses<\/p>\n<p>Age restrictions : Pour les adultes<br \/>\nGarantie UE : 2 ans<br \/>\nOther compliance information : Conforme aux exigences REACH de l'UE.<\/p>\n<p>En accord avec le r\u00e8glement g\u00e9n\u00e9ral sur la s\u00e9curit\u00e9 des produits (GPSR), garantit <b>Pilluwear e.U.<\/b>que tous les produits propos\u00e9s aux consommateurs sont s\u00fbrs et conformes aux normes europ\u00e9ennes. Si tu as des questions ou des doutes sur la s\u00e9curit\u00e9 des produits, n'h\u00e9site pas \u00e0 nous contacter \u00e0 l'adresse suivante <b>ruslan@pilluwear.com<\/b>ou par courrier \u00e0 <b>Handelskai 98a\/59<br \/>\n1200 Vienne.<b \/><\/p>","protected":false},"excerpt":{"rendered":"<p>Ce t-shirt unisexe en coton biologique 100 % ring-spun est un must. Il est de grande qualit\u00e9, super confortable et le meilleur de tout - \u00e9cologique. - 100 Coton biologique ring-spun % - Poids du tissu : 180 g\/m\u00b2 (5,3 oz.\/yd.\u00b2) - Jersey simple - Coupe moyenne - Manches ajust\u00e9es - C\u00f4te 1 \u00d7 1 au col - Larges doubles coutures aux manches et [...]<\/p>","protected":false},"featured_media":23646,"comment_status":"open","ping_status":"closed","template":"","meta":{"_uag_custom_page_level_css":"","_uf_show_specific_survey":0,"_uf_disable_surveys":false,"_themeisle_gutenberg_block_has_review":false},"product_brand":[],"product_cat":[108,122,35],"product_tag":[],"class_list":{"0":"post-23569","1":"product","2":"type-product","3":"status-publish","4":"has-post-thumbnail","6":"product_cat-jogger","7":"product_cat-kollektionen","8":"product_cat-tshirts","9":"pa_farbe-anthracite","10":"pa_farbe-burgundy","11":"pa_farbe-cotton-pink","12":"pa_farbe-dark-heather-blue","13":"pa_farbe-desert-dust","14":"pa_farbe-dunkles-heather-grau","15":"pa_farbe-fraiche-peche","16":"pa_farbe-french-navy","17":"pa_farbe-heather-grau","18":"pa_farbe-khaki","19":"pa_farbe-lavendel","20":"pa_farbe-schwarz","21":"pa_farbe-stargazer","22":"pa_farbe-weiss","23":"pa_grosse-2xl","24":"pa_grosse-3xl","25":"pa_grosse-l","26":"pa_grosse-m","27":"pa_grosse-s","28":"pa_grosse-xl","30":"first","31":"instock","32":"taxable","33":"shipping-taxable","34":"purchasable","35":"product-type-variable"},"aioseo_notices":[],"uagb_featured_image_src":{"full":["https:\/\/i0.wp.com\/pilluwear.com\/wp-content\/uploads\/2025\/02\/unisex-organic-cotton-t-shirt-khaki-front-679f887cd1be7.jpg?fit=2000%2C2000&ssl=1",2000,2000,false],"thumbnail":["https:\/\/i0.wp.com\/pilluwear.com\/wp-content\/uploads\/2025\/02\/unisex-organic-cotton-t-shirt-khaki-front-679f887cd1be7.jpg?resize=150%2C150&ssl=1",150,150,true],"medium":["https:\/\/i0.wp.com\/pilluwear.com\/wp-content\/uploads\/2025\/02\/unisex-organic-cotton-t-shirt-khaki-front-679f887cd1be7.jpg?fit=300%2C300&ssl=1",300,300,true],"medium_large":["https:\/\/i0.wp.com\/pilluwear.com\/wp-content\/uploads\/2025\/02\/unisex-organic-cotton-t-shirt-khaki-front-679f887cd1be7.jpg?fit=768%2C768&ssl=1",768,768,true],"large":["https:\/\/i0.wp.com\/pilluwear.com\/wp-content\/uploads\/2025\/02\/unisex-organic-cotton-t-shirt-khaki-front-679f887cd1be7.jpg?fit=1024%2C1024&ssl=1",1024,1024,true],"1536x1536":["https:\/\/i0.wp.com\/pilluwear.com\/wp-content\/uploads\/2025\/02\/unisex-organic-cotton-t-shirt-khaki-front-679f887cd1be7.jpg?fit=1536%2C1536&ssl=1",1536,1536,true],"2048x2048":["https:\/\/i0.wp.com\/pilluwear.com\/wp-content\/uploads\/2025\/02\/unisex-organic-cotton-t-shirt-khaki-front-679f887cd1be7.jpg?fit=2000%2C2000&ssl=1",2000,2000,true],"trp-custom-language-flag":["https:\/\/i0.wp.com\/pilluwear.com\/wp-content\/uploads\/2025\/02\/unisex-organic-cotton-t-shirt-khaki-front-679f887cd1be7.jpg?fit=12%2C12&ssl=1",12,12,true],"woocommerce_thumbnail":["https:\/\/i0.wp.com\/pilluwear.com\/wp-content\/uploads\/2025\/02\/unisex-organic-cotton-t-shirt-khaki-front-679f887cd1be7.jpg?resize=300%2C300&ssl=1",300,300,true],"woocommerce_single":["https:\/\/i0.wp.com\/pilluwear.com\/wp-content\/uploads\/2025\/02\/unisex-organic-cotton-t-shirt-khaki-front-679f887cd1be7.jpg?fit=600%2C600&ssl=1",600,600,true],"woocommerce_gallery_thumbnail":["https:\/\/i0.wp.com\/pilluwear.com\/wp-content\/uploads\/2025\/02\/unisex-organic-cotton-t-shirt-khaki-front-679f887cd1be7.jpg?resize=100%2C100&ssl=1",100,100,true]},"uagb_author_info":{"display_name":"pilluwear.com","author_link":"https:\/\/pilluwear.com\/fr\/author\/"},"uagb_comment_info":0,"uagb_excerpt":"Dieses Unisex-T-Shirt aus 100 % ringgesponnener Bio-Baumwolle ist ein absolutes Muss. Es ist hochwertig, super bequem und das Beste von allem \u2013 umweltfreundlich. \u2022 100 % ringgesponnene Bio-Baumwolle \u2022 Stoffgewicht: 180 g\/m\u00b2 (5,3 oz.\/yd.\u00b2) \u2022 Single-Jersey \u2022 Mittlere Passform \u2022 Eingestellte \u00c4rmel \u2022 1 \u00d7 1 Rippung am Kragen \u2022 Breite Doppeln\u00e4hte an \u00c4rmeln und\u2026","jetpack_sharing_enabled":true,"_links":{"self":[{"href":"https:\/\/pilluwear.com\/fr\/wp-json\/wp\/v2\/product\/23569","targetHints":{"allow":["GET"]}}],"collection":[{"href":"https:\/\/pilluwear.com\/fr\/wp-json\/wp\/v2\/product"}],"about":[{"href":"https:\/\/pilluwear.com\/fr\/wp-json\/wp\/v2\/types\/product"}],"replies":[{"embeddable":true,"href":"https:\/\/pilluwear.com\/fr\/wp-json\/wp\/v2\/comments?post=23569"}],"wp:featuredmedia":[{"embeddable":true,"href":"https:\/\/pilluwear.com\/fr\/wp-json\/wp\/v2\/media\/23646"}],"wp:attachment":[{"href":"https:\/\/pilluwear.com\/fr\/wp-json\/wp\/v2\/media?parent=23569"}],"wp:term":[{"taxonomy":"product_brand","embeddable":true,"href":"https:\/\/pilluwear.com\/fr\/wp-json\/wp\/v2\/product_brand?post=23569"},{"taxonomy":"product_cat","embeddable":true,"href":"https:\/\/pilluwear.com\/fr\/wp-json\/wp\/v2\/product_cat?post=23569"},{"taxonomy":"product_tag","embeddable":true,"href":"https:\/\/pilluwear.com\/fr\/wp-json\/wp\/v2\/product_tag?post=23569"}],"curies":[{"name":"wp","href":"https:\/\/api.w.org\/{rel}","templated":true}]}}