{"id":23401,"date":"2024-11-07T15:09:52","date_gmt":"2024-11-07T14:09:52","guid":{"rendered":"https:\/\/pilluwear.com\/produkt\/skier-unisex-bio-pullover-2\/"},"modified":"2024-11-07T15:13:31","modified_gmt":"2024-11-07T14:13:31","slug":"pull-bio-unisex-skier-2","status":"publish","type":"product","link":"https:\/\/pilluwear.com\/fr\/produit\/pull-bio-unisex-skier-2\/","title":{"rendered":"Skis - Pull bio unisexe"},"content":{"rendered":"<p>Ce pull-over bio unisexe est fabriqu\u00e9 \u00e0 partir de mat\u00e9riaux biologiques et recycl\u00e9s et est doux et moelleux au toucher. Il a des manches encastr\u00e9es, des c\u00f4tes 2\u00d72 au col et une bande de cou en tissu propre. Commande ton prochain v\u00eatement \u00e9cologique pr\u00e9f\u00e9r\u00e9 et conquiers les rues avec style !<\/p>\n<p>- 80% coton bio, 20% polyester recycl\u00e9<br \/>\n- Ext\u00e9rieur 100% coton bio<br \/>\n- Tricot \u00e9ponge fran\u00e7ais <br \/>\n- Manches encastr\u00e9es<br \/>\n- 2\u00d72 c\u00f4tes au col<br \/>\n- Bandeau de cou autocollant<br \/>\n- Ebauche de Bangladesh<\/p>\n<p>Clause de non-responsabilit\u00e9 : les clients am\u00e9ricains doivent commander une taille plus grande, car les tailles UE de ce fournisseur correspondent \u00e0 une taille plus petite aux \u00c9tats-Unis.<\/p>","protected":false},"excerpt":{"rendered":"<p>Ce pull-over bio unisexe est fabriqu\u00e9 \u00e0 partir de mat\u00e9riaux biologiques et recycl\u00e9s et est doux et moelleux au toucher. Il a des manches encastr\u00e9es, des c\u00f4tes 2\u00d72 au col et une bande de cou en tissu propre. Commande ton prochain v\u00eatement \u00e9cologique pr\u00e9f\u00e9r\u00e9 et conquiers les rues avec style ! - Coton bio 80%, polyester recycl\u00e9 20% - Ext\u00e9rieur coton bio 100% - Tricot \u00e9ponge fran\u00e7ais - Manches encastr\u00e9es [...].<\/p>","protected":false},"featured_media":23439,"comment_status":"open","ping_status":"closed","template":"","meta":{"_uag_custom_page_level_css":"","_uf_show_specific_survey":0,"_uf_disable_surveys":false,"_themeisle_gutenberg_block_has_review":false},"product_brand":[],"product_cat":[122,282],"product_tag":[],"class_list":{"0":"post-23401","1":"product","2":"type-product","3":"status-publish","4":"has-post-thumbnail","6":"product_cat-kollektionen","7":"product_cat-skier","8":"pa_farbe-bottle-green","9":"pa_farbe-deep-charcoal-grey","10":"pa_farbe-french-navy","11":"pa_farbe-grey-melange","12":"pa_farbe-koenigsblau","13":"pa_farbe-schwarz","14":"pa_farbe-weiss","15":"pa_grosse-l","16":"pa_grosse-m","17":"pa_grosse-s","18":"pa_grosse-xl","19":"pa_grosse-xxl","21":"first","22":"instock","23":"taxable","24":"shipping-taxable","25":"purchasable","26":"product-type-variable"},"aioseo_notices":[],"uagb_featured_image_src":{"full":["https:\/\/i0.wp.com\/pilluwear.com\/wp-content\/uploads\/2024\/11\/unisex-organic-sweatshirt-royal-blue-front-672cc68952e0e.jpg?fit=2000%2C2000&ssl=1",2000,2000,false],"thumbnail":["https:\/\/i0.wp.com\/pilluwear.com\/wp-content\/uploads\/2024\/11\/unisex-organic-sweatshirt-royal-blue-front-672cc68952e0e.jpg?resize=150%2C150&ssl=1",150,150,true],"medium":["https:\/\/i0.wp.com\/pilluwear.com\/wp-content\/uploads\/2024\/11\/unisex-organic-sweatshirt-royal-blue-front-672cc68952e0e.jpg?fit=300%2C300&ssl=1",300,300,true],"medium_large":["https:\/\/i0.wp.com\/pilluwear.com\/wp-content\/uploads\/2024\/11\/unisex-organic-sweatshirt-royal-blue-front-672cc68952e0e.jpg?fit=768%2C768&ssl=1",768,768,true],"large":["https:\/\/i0.wp.com\/pilluwear.com\/wp-content\/uploads\/2024\/11\/unisex-organic-sweatshirt-royal-blue-front-672cc68952e0e.jpg?fit=1024%2C1024&ssl=1",1024,1024,true],"1536x1536":["https:\/\/i0.wp.com\/pilluwear.com\/wp-content\/uploads\/2024\/11\/unisex-organic-sweatshirt-royal-blue-front-672cc68952e0e.jpg?fit=1536%2C1536&ssl=1",1536,1536,true],"2048x2048":["https:\/\/i0.wp.com\/pilluwear.com\/wp-content\/uploads\/2024\/11\/unisex-organic-sweatshirt-royal-blue-front-672cc68952e0e.jpg?fit=2000%2C2000&ssl=1",2000,2000,true],"trp-custom-language-flag":["https:\/\/i0.wp.com\/pilluwear.com\/wp-content\/uploads\/2024\/11\/unisex-organic-sweatshirt-royal-blue-front-672cc68952e0e.jpg?fit=12%2C12&ssl=1",12,12,true],"woocommerce_thumbnail":["https:\/\/i0.wp.com\/pilluwear.com\/wp-content\/uploads\/2024\/11\/unisex-organic-sweatshirt-royal-blue-front-672cc68952e0e.jpg?resize=300%2C300&ssl=1",300,300,true],"woocommerce_single":["https:\/\/i0.wp.com\/pilluwear.com\/wp-content\/uploads\/2024\/11\/unisex-organic-sweatshirt-royal-blue-front-672cc68952e0e.jpg?fit=600%2C600&ssl=1",600,600,true],"woocommerce_gallery_thumbnail":["https:\/\/i0.wp.com\/pilluwear.com\/wp-content\/uploads\/2024\/11\/unisex-organic-sweatshirt-royal-blue-front-672cc68952e0e.jpg?resize=100%2C100&ssl=1",100,100,true]},"uagb_author_info":{"display_name":"pilluwear.com","author_link":"https:\/\/pilluwear.com\/fr\/author\/"},"uagb_comment_info":0,"uagb_excerpt":"Dieser Unisex-Bio-Pullover besteht aus biologischen und recycelten Materialien und f\u00fchlt sich weich und kuschelig an. Es hat eingelassene \u00c4rmel, 2\u00d72 Rippen am Kragen und ein Nackenband aus Eigengewebe. Bestelle dein n\u00e4chstes umweltfreundliches Lieblingsteil und erobere die Stra\u00dfen mit Stil! \u2022 80% Bio-Baumwolle, 20% recyceltes Polyester \u2022 Au\u00dfen 100% Bio-Baumwolle \u2022 Franz\u00f6sischer Frotteestrick \u2022 Eingelassene \u00c4rmel\u2026","jetpack_sharing_enabled":true,"_links":{"self":[{"href":"https:\/\/pilluwear.com\/fr\/wp-json\/wp\/v2\/product\/23401","targetHints":{"allow":["GET"]}}],"collection":[{"href":"https:\/\/pilluwear.com\/fr\/wp-json\/wp\/v2\/product"}],"about":[{"href":"https:\/\/pilluwear.com\/fr\/wp-json\/wp\/v2\/types\/product"}],"replies":[{"embeddable":true,"href":"https:\/\/pilluwear.com\/fr\/wp-json\/wp\/v2\/comments?post=23401"}],"wp:featuredmedia":[{"embeddable":true,"href":"https:\/\/pilluwear.com\/fr\/wp-json\/wp\/v2\/media\/23439"}],"wp:attachment":[{"href":"https:\/\/pilluwear.com\/fr\/wp-json\/wp\/v2\/media?parent=23401"}],"wp:term":[{"taxonomy":"product_brand","embeddable":true,"href":"https:\/\/pilluwear.com\/fr\/wp-json\/wp\/v2\/product_brand?post=23401"},{"taxonomy":"product_cat","embeddable":true,"href":"https:\/\/pilluwear.com\/fr\/wp-json\/wp\/v2\/product_cat?post=23401"},{"taxonomy":"product_tag","embeddable":true,"href":"https:\/\/pilluwear.com\/fr\/wp-json\/wp\/v2\/product_tag?post=23401"}],"curies":[{"name":"wp","href":"https:\/\/api.w.org\/{rel}","templated":true}]}}