{"id":22127,"date":"2024-11-07T14:00:44","date_gmt":"2024-11-07T13:00:44","guid":{"rendered":"https:\/\/pilluwear.com\/produkt\/cozy-companion-unisex-kapuzenpullover\/"},"modified":"2024-11-07T14:08:22","modified_gmt":"2024-11-07T13:08:22","slug":"cozy-companion-sweat-a-capuche-unisexe","status":"publish","type":"product","link":"https:\/\/pilluwear.com\/fr\/produit\/cozy-companion-sweat-a-capuche-unisexe\/","title":{"rendered":"Cozy Companion - Sweat \u00e0 capuche unisexe"},"content":{"rendered":"<p>Tout le monde a besoin d'un sweat \u00e0 capuche confortable dans lequel se blottir, alors opte pour celui qui est doux, lisse et styl\u00e9. Il est le choix parfait pour les soir\u00e9es plus fra\u00eeches !<\/p>\n<p>- 50 % coton pr\u00e9-r\u00e9tr\u00e9ci, 50 % polyester<br \/>\n- Poids du tissu : 271,25 g\/m\u00b2 (8,0 oz\/yd\u00b2)<br \/>\n- Fil\u00e9 \u00e0 l'air, doux au toucher et \u00e0 faible boulochage<br \/>\n- Capuche doublement doubl\u00e9e avec cordon de serrage assorti<br \/>\n- Torse tourn\u00e9 en quart de tour pour \u00e9viter les plis au milieu<br \/>\n- 1 \u00d7 1 poignets en tricot c\u00f4tel\u00e9 athl\u00e9tique et ceinture avec \u00e9lasthanne<br \/>\n- Poche en forme de sac sur le devant<br \/>\n- Col, \u00e9paules, emmanchures, poignets et ourlet doublement cousus<br \/>\n- Produit brut du Bangladesh, du Nicaragua, du Honduras ou du Salvador<\/p>\n<p>- La tra\u00e7abilit\u00e9 :<br \/>\n- Tricotage - Honduras, Bangladesh<br \/>\n- Teinture - Honduras, Bangladesh<br \/>\n- Fabrication - Nicaragua, Honduras, Bangladesh, ou Salvador<br \/>\n- Contient 0 % de polyester recycl\u00e9<br \/>\n- Contient 0 % substances dangereuses<br \/>\n- Cet article lib\u00e8re des microfibres de plastique dans l'environnement lors du lavage.<\/p>","protected":false},"excerpt":{"rendered":"<p>Tout le monde a besoin d'un sweat \u00e0 capuche confortable dans lequel se blottir, alors opte pour celui qui est doux, lisse et styl\u00e9. Il est le choix parfait pour les soir\u00e9es plus fra\u00eeches ! - 50 % coton pr\u00e9-r\u00e9tr\u00e9ci, 50 % polyester - Poids du tissu : 271,25 g\/m\u00b2 (8,0 oz\/yd\u00b2) - Fil\u00e9 \u00e0 l'air avec un toucher doux et peu de boulochage - Double [...]<\/p>","protected":false},"featured_media":22228,"comment_status":"open","ping_status":"closed","template":"","meta":{"_uag_custom_page_level_css":"","_uf_show_specific_survey":0,"_uf_disable_surveys":false,"_themeisle_gutenberg_block_has_review":false},"product_brand":[],"product_cat":[116,122],"product_tag":[],"class_list":{"0":"post-22127","1":"product","2":"type-product","3":"status-publish","4":"has-post-thumbnail","6":"product_cat-dog","7":"product_cat-kollektionen","8":"pa_farbe-dunkle-schokolade","9":"pa_farbe-dunkles-heather","10":"pa_farbe-heather-sport-dark-navy","11":"pa_farbe-hellblau","12":"pa_farbe-hellpink","13":"pa_farbe-indigoblau","14":"pa_farbe-irisches-gruen","15":"pa_farbe-kastanienbraun","16":"pa_farbe-militaergruen","17":"pa_farbe-navy","18":"pa_farbe-royal","19":"pa_farbe-sand","20":"pa_farbe-schwarz","21":"pa_farbe-sportgrau","22":"pa_farbe-weiss","23":"pa_grosse-2xl","24":"pa_grosse-3xl","25":"pa_grosse-4xl","26":"pa_grosse-l","27":"pa_grosse-m","28":"pa_grosse-s","29":"pa_grosse-xl","31":"first","32":"instock","33":"taxable","34":"shipping-taxable","35":"purchasable","36":"product-type-variable"},"aioseo_notices":[],"uagb_featured_image_src":{"full":["https:\/\/i0.wp.com\/pilluwear.com\/wp-content\/uploads\/2024\/11\/unisex-heavy-blend-hoodie-sport-grey-front-672cb9cc15f99.jpg?fit=2000%2C2000&ssl=1",2000,2000,false],"thumbnail":["https:\/\/i0.wp.com\/pilluwear.com\/wp-content\/uploads\/2024\/11\/unisex-heavy-blend-hoodie-sport-grey-front-672cb9cc15f99.jpg?resize=150%2C150&ssl=1",150,150,true],"medium":["https:\/\/i0.wp.com\/pilluwear.com\/wp-content\/uploads\/2024\/11\/unisex-heavy-blend-hoodie-sport-grey-front-672cb9cc15f99.jpg?fit=300%2C300&ssl=1",300,300,true],"medium_large":["https:\/\/i0.wp.com\/pilluwear.com\/wp-content\/uploads\/2024\/11\/unisex-heavy-blend-hoodie-sport-grey-front-672cb9cc15f99.jpg?fit=768%2C768&ssl=1",768,768,true],"large":["https:\/\/i0.wp.com\/pilluwear.com\/wp-content\/uploads\/2024\/11\/unisex-heavy-blend-hoodie-sport-grey-front-672cb9cc15f99.jpg?fit=1024%2C1024&ssl=1",1024,1024,true],"1536x1536":["https:\/\/i0.wp.com\/pilluwear.com\/wp-content\/uploads\/2024\/11\/unisex-heavy-blend-hoodie-sport-grey-front-672cb9cc15f99.jpg?fit=1536%2C1536&ssl=1",1536,1536,true],"2048x2048":["https:\/\/i0.wp.com\/pilluwear.com\/wp-content\/uploads\/2024\/11\/unisex-heavy-blend-hoodie-sport-grey-front-672cb9cc15f99.jpg?fit=2000%2C2000&ssl=1",2000,2000,true],"trp-custom-language-flag":["https:\/\/i0.wp.com\/pilluwear.com\/wp-content\/uploads\/2024\/11\/unisex-heavy-blend-hoodie-sport-grey-front-672cb9cc15f99.jpg?fit=12%2C12&ssl=1",12,12,true],"woocommerce_thumbnail":["https:\/\/i0.wp.com\/pilluwear.com\/wp-content\/uploads\/2024\/11\/unisex-heavy-blend-hoodie-sport-grey-front-672cb9cc15f99.jpg?resize=300%2C300&ssl=1",300,300,true],"woocommerce_single":["https:\/\/i0.wp.com\/pilluwear.com\/wp-content\/uploads\/2024\/11\/unisex-heavy-blend-hoodie-sport-grey-front-672cb9cc15f99.jpg?fit=600%2C600&ssl=1",600,600,true],"woocommerce_gallery_thumbnail":["https:\/\/i0.wp.com\/pilluwear.com\/wp-content\/uploads\/2024\/11\/unisex-heavy-blend-hoodie-sport-grey-front-672cb9cc15f99.jpg?resize=100%2C100&ssl=1",100,100,true]},"uagb_author_info":{"display_name":"pilluwear.com","author_link":"https:\/\/pilluwear.com\/fr\/author\/"},"uagb_comment_info":0,"uagb_excerpt":"Jeder braucht einen gem\u00fctlichen Hoodie, in den man sich einkuscheln kann, also entscheide dich f\u00fcr einen, der weich, glatt und stylisch ist. Er ist die perfekte Wahl f\u00fcr k\u00fchlere Abende! \u2022 50 % vorgeschrumpfte Baumwolle, 50\u00a0% Polyester \u2022 Stoffgewicht: 271,25 g\/m\u00b2 (8,0 oz\/yd\u00b2) \u2022 Luftgesponnenes Garn mit weichem Griff und geringer Kn\u00f6tchenbildung \u2022 Doppelt gef\u00fctterte\u2026","jetpack_sharing_enabled":true,"_links":{"self":[{"href":"https:\/\/pilluwear.com\/fr\/wp-json\/wp\/v2\/product\/22127","targetHints":{"allow":["GET"]}}],"collection":[{"href":"https:\/\/pilluwear.com\/fr\/wp-json\/wp\/v2\/product"}],"about":[{"href":"https:\/\/pilluwear.com\/fr\/wp-json\/wp\/v2\/types\/product"}],"replies":[{"embeddable":true,"href":"https:\/\/pilluwear.com\/fr\/wp-json\/wp\/v2\/comments?post=22127"}],"wp:featuredmedia":[{"embeddable":true,"href":"https:\/\/pilluwear.com\/fr\/wp-json\/wp\/v2\/media\/22228"}],"wp:attachment":[{"href":"https:\/\/pilluwear.com\/fr\/wp-json\/wp\/v2\/media?parent=22127"}],"wp:term":[{"taxonomy":"product_brand","embeddable":true,"href":"https:\/\/pilluwear.com\/fr\/wp-json\/wp\/v2\/product_brand?post=22127"},{"taxonomy":"product_cat","embeddable":true,"href":"https:\/\/pilluwear.com\/fr\/wp-json\/wp\/v2\/product_cat?post=22127"},{"taxonomy":"product_tag","embeddable":true,"href":"https:\/\/pilluwear.com\/fr\/wp-json\/wp\/v2\/product_tag?post=22127"}],"curies":[{"name":"wp","href":"https:\/\/api.w.org\/{rel}","templated":true}]}}