{"id":22101,"date":"2024-11-07T13:57:27","date_gmt":"2024-11-07T12:57:27","guid":{"rendered":"https:\/\/pilluwear.com\/produkt\/cozy-companion-beanie\/"},"modified":"2024-11-07T13:59:04","modified_gmt":"2024-11-07T12:59:04","slug":"bonnet-de-compagnon-confortable","status":"publish","type":"product","link":"https:\/\/pilluwear.com\/fr\/produit\/bonnet-de-compagnon-confortable\/","title":{"rendered":"Cozy Companion - Bonnet"},"content":{"rendered":"<p>Un bonnet ajust\u00e9 et douillet avec une enveloppe. Garde ta t\u00eate au chaud et ajoute du charme \u00e0 ta garde-robe.<\/p>\n<p>- 100 % Turbo-acrylique<br \/>\n- Longueur : 30 cm<br \/>\n- Hypoallerg\u00e9nique<br \/>\n- Unisexe<br \/>\n- Lavage \u00e0 la main possible<br \/>\n- Produit brut achet\u00e9 au Vietnam ou au Bangladesh<\/p>\n<p>La tra\u00e7abilit\u00e9 :<br \/>\n- Teinture-Indon\u00e9sie<br \/>\n- Fabrication-R\u00e9publique de Cor\u00e9e<br \/>\n- Contient 0 % de polyester recycl\u00e9<br \/>\n- Contient 0 % substances dangereuses<br \/>\n- Cet article lib\u00e8re des microfibres de plastique dans l'environnement lors du lavage.<\/p>","protected":false},"excerpt":{"rendered":"<p>Un bonnet ajust\u00e9 et douillet avec une enveloppe. Garde ta t\u00eate au chaud et ajoute du charme \u00e0 ta garde-robe. - 100 % Turbo-Acrylique - Longueur : 30 cm - Hypoallerg\u00e9nique - Unisexe - Lavage \u00e0 la main possible - Produit brut achet\u00e9 au Vietnam ou au Bangladesh Tra\u00e7abilit\u00e9 : - Teinture-Indon\u00e9sie - Fabrication-R\u00e9publique de Cor\u00e9e - Contient 0 % de polyester recycl\u00e9 - Contient 0 % de substances dangereuses [...].<\/p>","protected":false},"featured_media":22115,"comment_status":"open","ping_status":"closed","template":"","meta":{"_uag_custom_page_level_css":"","_uf_show_specific_survey":0,"_uf_disable_surveys":false,"_themeisle_gutenberg_block_has_review":false},"product_brand":[],"product_cat":[116,122],"product_tag":[],"class_list":{"0":"post-22101","1":"product","2":"type-product","3":"status-publish","4":"has-post-thumbnail","6":"product_cat-dog","7":"product_cat-kollektionen","8":"pa_farbe-baby-pink","9":"pa_farbe-braun","10":"pa_farbe-dunkelgrau","11":"pa_farbe-fichte","12":"pa_farbe-gold","13":"pa_farbe-heather-grau","14":"pa_farbe-navy","15":"pa_farbe-olive","16":"pa_farbe-rot","17":"pa_farbe-royal","18":"pa_farbe-schwarz","19":"pa_farbe-weiss","21":"first","22":"instock","23":"taxable","24":"shipping-taxable","25":"purchasable","26":"product-type-variable"},"aioseo_notices":[],"uagb_featured_image_src":{"full":["https:\/\/i0.wp.com\/pilluwear.com\/wp-content\/uploads\/2024\/11\/cuffed-beanie-olive-front-672cb92514d84.jpg?fit=2000%2C2000&ssl=1",2000,2000,false],"thumbnail":["https:\/\/i0.wp.com\/pilluwear.com\/wp-content\/uploads\/2024\/11\/cuffed-beanie-olive-front-672cb92514d84.jpg?resize=150%2C150&ssl=1",150,150,true],"medium":["https:\/\/i0.wp.com\/pilluwear.com\/wp-content\/uploads\/2024\/11\/cuffed-beanie-olive-front-672cb92514d84.jpg?fit=300%2C300&ssl=1",300,300,true],"medium_large":["https:\/\/i0.wp.com\/pilluwear.com\/wp-content\/uploads\/2024\/11\/cuffed-beanie-olive-front-672cb92514d84.jpg?fit=768%2C768&ssl=1",768,768,true],"large":["https:\/\/i0.wp.com\/pilluwear.com\/wp-content\/uploads\/2024\/11\/cuffed-beanie-olive-front-672cb92514d84.jpg?fit=1024%2C1024&ssl=1",1024,1024,true],"1536x1536":["https:\/\/i0.wp.com\/pilluwear.com\/wp-content\/uploads\/2024\/11\/cuffed-beanie-olive-front-672cb92514d84.jpg?fit=1536%2C1536&ssl=1",1536,1536,true],"2048x2048":["https:\/\/i0.wp.com\/pilluwear.com\/wp-content\/uploads\/2024\/11\/cuffed-beanie-olive-front-672cb92514d84.jpg?fit=2000%2C2000&ssl=1",2000,2000,true],"trp-custom-language-flag":["https:\/\/i0.wp.com\/pilluwear.com\/wp-content\/uploads\/2024\/11\/cuffed-beanie-olive-front-672cb92514d84.jpg?fit=12%2C12&ssl=1",12,12,true],"woocommerce_thumbnail":["https:\/\/i0.wp.com\/pilluwear.com\/wp-content\/uploads\/2024\/11\/cuffed-beanie-olive-front-672cb92514d84.jpg?resize=300%2C300&ssl=1",300,300,true],"woocommerce_single":["https:\/\/i0.wp.com\/pilluwear.com\/wp-content\/uploads\/2024\/11\/cuffed-beanie-olive-front-672cb92514d84.jpg?fit=600%2C600&ssl=1",600,600,true],"woocommerce_gallery_thumbnail":["https:\/\/i0.wp.com\/pilluwear.com\/wp-content\/uploads\/2024\/11\/cuffed-beanie-olive-front-672cb92514d84.jpg?resize=100%2C100&ssl=1",100,100,true]},"uagb_author_info":{"display_name":"pilluwear.com","author_link":"https:\/\/pilluwear.com\/fr\/author\/"},"uagb_comment_info":0,"uagb_excerpt":"Eine eng anliegende, kuschlige Beanie mit Umschlag. H\u00e4lt deinen Kopf warm und verleiht deiner Garderobe Charm. \u2022 100 % Turbo-Acryl \u2022 L\u00e4nge: 30 cm \u2022 Hypoallergen \u2022 Unisex \u2022 Handw\u00e4sche m\u00f6glich \u2022 Rohprodukt bezogen aus Vietnam oder Bangladesch R\u00fcckverfolgbarkeit: &#8211; F\u00e4rben-Indonesien &#8211; Herstellung-Republik Korea &#8211; Enth\u00e4lt 0\u00a0% recyceltes Polyester &#8211; Enth\u00e4lt 0\u00a0% gef\u00e4hrliche Stoffe &#8211;\u2026","jetpack_sharing_enabled":true,"_links":{"self":[{"href":"https:\/\/pilluwear.com\/fr\/wp-json\/wp\/v2\/product\/22101","targetHints":{"allow":["GET"]}}],"collection":[{"href":"https:\/\/pilluwear.com\/fr\/wp-json\/wp\/v2\/product"}],"about":[{"href":"https:\/\/pilluwear.com\/fr\/wp-json\/wp\/v2\/types\/product"}],"replies":[{"embeddable":true,"href":"https:\/\/pilluwear.com\/fr\/wp-json\/wp\/v2\/comments?post=22101"}],"wp:featuredmedia":[{"embeddable":true,"href":"https:\/\/pilluwear.com\/fr\/wp-json\/wp\/v2\/media\/22115"}],"wp:attachment":[{"href":"https:\/\/pilluwear.com\/fr\/wp-json\/wp\/v2\/media?parent=22101"}],"wp:term":[{"taxonomy":"product_brand","embeddable":true,"href":"https:\/\/pilluwear.com\/fr\/wp-json\/wp\/v2\/product_brand?post=22101"},{"taxonomy":"product_cat","embeddable":true,"href":"https:\/\/pilluwear.com\/fr\/wp-json\/wp\/v2\/product_cat?post=22101"},{"taxonomy":"product_tag","embeddable":true,"href":"https:\/\/pilluwear.com\/fr\/wp-json\/wp\/v2\/product_tag?post=22101"}],"curies":[{"name":"wp","href":"https:\/\/api.w.org\/{rel}","templated":true}]}}