{"id":20722,"date":"2024-05-30T13:59:02","date_gmt":"2024-05-30T11:59:02","guid":{"rendered":"https:\/\/pilluwear.com\/produkt\/music-lover-unisex-eco-sweatshirt\/"},"modified":"2024-05-30T14:00:04","modified_gmt":"2024-05-30T12:00:04","slug":"sweat-shirt-eco-unisexe-music-lover","status":"publish","type":"product","link":"https:\/\/pilluwear.com\/fr\/produit\/sweat-shirt-eco-unisexe-music-lover\/","title":{"rendered":"Music Lover - Sweat-shirt \u00e9co unisexe"},"content":{"rendered":"<p>\u00c9l\u00e8ve ton style avec ce sweat-shirt \u00e9co unisexe. Le tee-shirt a un look chic et croustillant et ira tr\u00e8s bien avec des tenues d\u00e9contract\u00e9es ou plus habill\u00e9es. Fabriqu\u00e9 en coton biologique, ce sweat-shirt est durable, confortable et extra doux.<\/p>\n<p>- 100% coton organique ring-spun combed<br \/>\n- Poids du tissu : 350 g\/m\u00b2 (10.3 oz.\/yd.\u00b2)<br \/>\n- Coupe r\u00e9guli\u00e8re<br \/>\n- Set-in manches<br \/>\n- 1\u00d71 rib \u00e0 l'encolure, \u00e0 la manche et au bas de la chemise<br \/>\n- Double-needle topstitch sur le col du cou, sur les manches, et sur le bas des manches<br \/>\n- Inside herringbone back neck tape<br \/>\n- Self-fabric half moon sur le dos du cou<br \/>\n- Produit vierge provenant du Bangladesh<\/p>\n<p>Les tailles correspondent \u00e0 une taille plus petite sur le march\u00e9 am\u00e9ricain, les clients am\u00e9ricains devraient donc commander une taille sup\u00e9rieure.<\/p>\n<p>Ce produit est sp\u00e9cialement con\u00e7u pour toi d\u00e8s que tu passes une commande, c'est pourquoi il nous faut un peu plus de temps pour te le livrer. Le fait de fabriquer des produits \u00e0 la demande plut\u00f4t qu'en vrac permet de r\u00e9duire la surproduction, alors merci de prendre des d\u00e9cisions r\u00e9fl\u00e9chies en mati\u00e8re d'achat !<\/p>\n<p>- Tra\u00e7abilit\u00e9 :<br \/>\n- Tissage-Bangladesh<br \/>\n- Dyeing-Bangladesh<br \/>\n- Manufacturing-Bangladesh<br \/>\n- Contient du polyester recycl\u00e9 15%<br \/>\n- Contient 0% substances dangereuses<\/p>","protected":false},"excerpt":{"rendered":"<p>\u00c9l\u00e8ve ton style avec ce sweat-shirt \u00e9co unisexe. Le tee-shirt a un look chic et croustillant et ira tr\u00e8s bien avec des tenues d\u00e9contract\u00e9es ou plus habill\u00e9es. Fabriqu\u00e9 en coton biologique, ce sweat-shirt est durable, confortable et extra doux. - 100% coton organique ring-spun combed - Poids du tissu : 350 g\/m\u00b2 (10.3 oz.\/yd.\u00b2) - Coupe r\u00e9guli\u00e8re [...].<\/p>","protected":false},"featured_media":20740,"comment_status":"open","ping_status":"closed","template":"","meta":{"_uag_custom_page_level_css":"","_uf_show_specific_survey":0,"_uf_disable_surveys":false,"_themeisle_gutenberg_block_has_review":false},"product_brand":[],"product_cat":[278,121],"product_tag":[],"class_list":{"0":"post-20722","1":"product","2":"type-product","3":"status-publish","4":"has-post-thumbnail","6":"product_cat-music-lover","7":"product_cat-pullover","8":"pa_size-2xl","9":"pa_size-l","10":"pa_size-m","11":"pa_size-s","12":"pa_size-xl","14":"first","15":"instock","16":"taxable","17":"shipping-taxable","18":"purchasable","19":"product-type-variable"},"aioseo_notices":[],"uagb_featured_image_src":{"full":["https:\/\/i0.wp.com\/pilluwear.com\/wp-content\/uploads\/2024\/05\/unisex-eco-sweatshirt-white-front-66586932b55c8.jpg?fit=2000%2C2000&ssl=1",2000,2000,false],"thumbnail":["https:\/\/i0.wp.com\/pilluwear.com\/wp-content\/uploads\/2024\/05\/unisex-eco-sweatshirt-white-front-66586932b55c8.jpg?resize=150%2C150&ssl=1",150,150,true],"medium":["https:\/\/i0.wp.com\/pilluwear.com\/wp-content\/uploads\/2024\/05\/unisex-eco-sweatshirt-white-front-66586932b55c8.jpg?fit=300%2C300&ssl=1",300,300,true],"medium_large":["https:\/\/i0.wp.com\/pilluwear.com\/wp-content\/uploads\/2024\/05\/unisex-eco-sweatshirt-white-front-66586932b55c8.jpg?fit=768%2C768&ssl=1",768,768,true],"large":["https:\/\/i0.wp.com\/pilluwear.com\/wp-content\/uploads\/2024\/05\/unisex-eco-sweatshirt-white-front-66586932b55c8.jpg?fit=1024%2C1024&ssl=1",1024,1024,true],"1536x1536":["https:\/\/i0.wp.com\/pilluwear.com\/wp-content\/uploads\/2024\/05\/unisex-eco-sweatshirt-white-front-66586932b55c8.jpg?fit=1536%2C1536&ssl=1",1536,1536,true],"2048x2048":["https:\/\/i0.wp.com\/pilluwear.com\/wp-content\/uploads\/2024\/05\/unisex-eco-sweatshirt-white-front-66586932b55c8.jpg?fit=2000%2C2000&ssl=1",2000,2000,true],"trp-custom-language-flag":["https:\/\/i0.wp.com\/pilluwear.com\/wp-content\/uploads\/2024\/05\/unisex-eco-sweatshirt-white-front-66586932b55c8.jpg?fit=12%2C12&ssl=1",12,12,true],"woocommerce_thumbnail":["https:\/\/i0.wp.com\/pilluwear.com\/wp-content\/uploads\/2024\/05\/unisex-eco-sweatshirt-white-front-66586932b55c8.jpg?resize=300%2C300&ssl=1",300,300,true],"woocommerce_single":["https:\/\/i0.wp.com\/pilluwear.com\/wp-content\/uploads\/2024\/05\/unisex-eco-sweatshirt-white-front-66586932b55c8.jpg?fit=600%2C600&ssl=1",600,600,true],"woocommerce_gallery_thumbnail":["https:\/\/i0.wp.com\/pilluwear.com\/wp-content\/uploads\/2024\/05\/unisex-eco-sweatshirt-white-front-66586932b55c8.jpg?resize=100%2C100&ssl=1",100,100,true]},"uagb_author_info":{"display_name":"pilluwear.com","author_link":"https:\/\/pilluwear.com\/fr\/author\/"},"uagb_comment_info":0,"uagb_excerpt":"Elevate your style with this unisex eco sweatshirt. The shirt has a chic, crisp look and will go great with both casual and more dressed up outfits. Made of organic cotton, this sweatshirt is durable, comfy, and extra soft. \u2022 100% organic ring-spun combed cotton \u2022 Fabric weight: 350 g\/m\u00b2 (10.3 oz.\/yd.\u00b2) \u2022 Regular fit\u2026","jetpack_sharing_enabled":true,"_links":{"self":[{"href":"https:\/\/pilluwear.com\/fr\/wp-json\/wp\/v2\/product\/20722","targetHints":{"allow":["GET"]}}],"collection":[{"href":"https:\/\/pilluwear.com\/fr\/wp-json\/wp\/v2\/product"}],"about":[{"href":"https:\/\/pilluwear.com\/fr\/wp-json\/wp\/v2\/types\/product"}],"replies":[{"embeddable":true,"href":"https:\/\/pilluwear.com\/fr\/wp-json\/wp\/v2\/comments?post=20722"}],"wp:featuredmedia":[{"embeddable":true,"href":"https:\/\/pilluwear.com\/fr\/wp-json\/wp\/v2\/media\/20740"}],"wp:attachment":[{"href":"https:\/\/pilluwear.com\/fr\/wp-json\/wp\/v2\/media?parent=20722"}],"wp:term":[{"taxonomy":"product_brand","embeddable":true,"href":"https:\/\/pilluwear.com\/fr\/wp-json\/wp\/v2\/product_brand?post=20722"},{"taxonomy":"product_cat","embeddable":true,"href":"https:\/\/pilluwear.com\/fr\/wp-json\/wp\/v2\/product_cat?post=20722"},{"taxonomy":"product_tag","embeddable":true,"href":"https:\/\/pilluwear.com\/fr\/wp-json\/wp\/v2\/product_tag?post=20722"}],"curies":[{"name":"wp","href":"https:\/\/api.w.org\/{rel}","templated":true}]}}