{"id":17062,"date":"2024-05-23T10:31:08","date_gmt":"2024-05-23T08:31:08","guid":{"rendered":"https:\/\/pilluwear.com\/produkt\/camper-unisex-bio-baumwoll-t-shirt\/"},"modified":"2024-05-24T17:45:36","modified_gmt":"2024-05-24T15:45:36","slug":"camper-unisex-bio-baumwoll-t-shirt","status":"publish","type":"product","link":"https:\/\/pilluwear.com\/fr\/produit\/camper-unisex-bio-baumwoll-t-shirt\/","title":{"rendered":"Camper - T-shirt unisexe en coton bio"},"content":{"rendered":"<p>Ce t-shirt unisexe en coton biologique 100 % ring-spun est un must. Il est de grande qualit\u00e9, super confortable et le meilleur de tout - \u00e9cologique. <\/p>\n<p> - 100 % coton biologique ring-spun <br \/>\n - Poids du tissu : 180 g\/m\u00b2 (5,3 oz.\/yd.\u00b2) <br \/>\n - jersey simple <br \/>\n - Coupe moyenne <br \/>\n - Manches ajust\u00e9es <br \/>\n - 1 \u00d7 1 C\u00f4tes au col <br \/>\n - Larges doubles coutures sur les manches et les ourlets inf\u00e9rieurs <br \/>\n - Bandeau de cou auto-tiss\u00e9 (int\u00e9rieur, dos du cou) <br \/>\n - Produit brut du Bangladesh <\/p>\n<p> Les tailles correspondent \u00e0 une taille plus petite sur le march\u00e9 am\u00e9ricain, les clients am\u00e9ricains devraient donc commander une taille plus grande.<\/p>\n<p>- La tra\u00e7abilit\u00e9 :<br \/>\n- Tissage - Bangladesh<br \/>\n- Teinture - Bangladesh<br \/>\n- Fabrication - Bangladesh<br \/>\n- Contient 0 % de polyester recycl\u00e9<br \/>\n- Contient 0 % substances dangereuses<\/p>","protected":false},"excerpt":{"rendered":"<p>Ce t-shirt unisexe en coton biologique 100 % ring-spun est un must. Il est de grande qualit\u00e9, super confortable et le meilleur de tout - \u00e9cologique. - 100 Coton biologique ring-spun % - Poids du tissu : 180 g\/m\u00b2 (5,3 oz.\/yd.\u00b2) - Jersey simple - Coupe moyenne - Manches ajust\u00e9es - C\u00f4te 1 \u00d7 1 au col - Larges doubles coutures aux manches et [...]<\/p>","protected":false},"featured_media":17139,"comment_status":"open","ping_status":"closed","template":"","meta":{"_uag_custom_page_level_css":"","_uf_show_specific_survey":0,"_uf_disable_surveys":false,"_themeisle_gutenberg_block_has_review":false},"product_brand":[],"product_cat":[111,35],"product_tag":[],"class_list":{"0":"post-17062","1":"product","2":"type-product","3":"status-publish","4":"has-post-thumbnail","6":"product_cat-camper","7":"product_cat-tshirts","8":"pa_farbe-anthracite","9":"pa_farbe-burgundy","10":"pa_farbe-cotton-pink","11":"pa_farbe-dark-heather-blue","12":"pa_farbe-desert-dust","13":"pa_farbe-dunkles-heather-grau","14":"pa_farbe-fraiche-peche","15":"pa_farbe-french-navy","16":"pa_farbe-heather-grau","17":"pa_farbe-khaki","18":"pa_farbe-lavendel","19":"pa_farbe-schwarz","20":"pa_farbe-stargazer","21":"pa_farbe-weiss","22":"pa_grosse-2xl","23":"pa_grosse-3xl","24":"pa_grosse-l","25":"pa_grosse-m","26":"pa_grosse-s","27":"pa_grosse-xl","29":"first","30":"instock","31":"taxable","32":"shipping-taxable","33":"purchasable","34":"product-type-variable"},"aioseo_notices":[],"uagb_featured_image_src":{"full":["https:\/\/i0.wp.com\/pilluwear.com\/wp-content\/uploads\/2024\/05\/unisex-organic-cotton-t-shirt-burgundy-front-664efc07daa22.jpg?fit=2000%2C2000&ssl=1",2000,2000,false],"thumbnail":["https:\/\/i0.wp.com\/pilluwear.com\/wp-content\/uploads\/2024\/05\/unisex-organic-cotton-t-shirt-burgundy-front-664efc07daa22.jpg?resize=150%2C150&ssl=1",150,150,true],"medium":["https:\/\/i0.wp.com\/pilluwear.com\/wp-content\/uploads\/2024\/05\/unisex-organic-cotton-t-shirt-burgundy-front-664efc07daa22.jpg?fit=300%2C300&ssl=1",300,300,true],"medium_large":["https:\/\/i0.wp.com\/pilluwear.com\/wp-content\/uploads\/2024\/05\/unisex-organic-cotton-t-shirt-burgundy-front-664efc07daa22.jpg?fit=768%2C768&ssl=1",768,768,true],"large":["https:\/\/i0.wp.com\/pilluwear.com\/wp-content\/uploads\/2024\/05\/unisex-organic-cotton-t-shirt-burgundy-front-664efc07daa22.jpg?fit=1024%2C1024&ssl=1",1024,1024,true],"1536x1536":["https:\/\/i0.wp.com\/pilluwear.com\/wp-content\/uploads\/2024\/05\/unisex-organic-cotton-t-shirt-burgundy-front-664efc07daa22.jpg?fit=1536%2C1536&ssl=1",1536,1536,true],"2048x2048":["https:\/\/i0.wp.com\/pilluwear.com\/wp-content\/uploads\/2024\/05\/unisex-organic-cotton-t-shirt-burgundy-front-664efc07daa22.jpg?fit=2000%2C2000&ssl=1",2000,2000,true],"trp-custom-language-flag":["https:\/\/i0.wp.com\/pilluwear.com\/wp-content\/uploads\/2024\/05\/unisex-organic-cotton-t-shirt-burgundy-front-664efc07daa22.jpg?fit=12%2C12&ssl=1",12,12,true],"woocommerce_thumbnail":["https:\/\/i0.wp.com\/pilluwear.com\/wp-content\/uploads\/2024\/05\/unisex-organic-cotton-t-shirt-burgundy-front-664efc07daa22.jpg?resize=300%2C300&ssl=1",300,300,true],"woocommerce_single":["https:\/\/i0.wp.com\/pilluwear.com\/wp-content\/uploads\/2024\/05\/unisex-organic-cotton-t-shirt-burgundy-front-664efc07daa22.jpg?fit=600%2C600&ssl=1",600,600,true],"woocommerce_gallery_thumbnail":["https:\/\/i0.wp.com\/pilluwear.com\/wp-content\/uploads\/2024\/05\/unisex-organic-cotton-t-shirt-burgundy-front-664efc07daa22.jpg?resize=100%2C100&ssl=1",100,100,true]},"uagb_author_info":{"display_name":"pilluwear.com","author_link":"https:\/\/pilluwear.com\/fr\/author\/"},"uagb_comment_info":0,"uagb_excerpt":"Dieses Unisex-T-Shirt aus 100 % ringgesponnener Bio-Baumwolle ist ein absolutes Muss. Es ist hochwertig, super bequem und das Beste von allem \u2013 umweltfreundlich. \u2022 100 % ringgesponnene Bio-Baumwolle \u2022 Stoffgewicht: 180 g\/m\u00b2 (5,3 oz.\/yd.\u00b2) \u2022 Single-Jersey \u2022 Mittlere Passform \u2022 Eingestellte \u00c4rmel \u2022 1 \u00d7 1 Rippung am Kragen \u2022 Breite Doppeln\u00e4hte an \u00c4rmeln und\u2026","jetpack_sharing_enabled":true,"_links":{"self":[{"href":"https:\/\/pilluwear.com\/fr\/wp-json\/wp\/v2\/product\/17062","targetHints":{"allow":["GET"]}}],"collection":[{"href":"https:\/\/pilluwear.com\/fr\/wp-json\/wp\/v2\/product"}],"about":[{"href":"https:\/\/pilluwear.com\/fr\/wp-json\/wp\/v2\/types\/product"}],"replies":[{"embeddable":true,"href":"https:\/\/pilluwear.com\/fr\/wp-json\/wp\/v2\/comments?post=17062"}],"wp:featuredmedia":[{"embeddable":true,"href":"https:\/\/pilluwear.com\/fr\/wp-json\/wp\/v2\/media\/17139"}],"wp:attachment":[{"href":"https:\/\/pilluwear.com\/fr\/wp-json\/wp\/v2\/media?parent=17062"}],"wp:term":[{"taxonomy":"product_brand","embeddable":true,"href":"https:\/\/pilluwear.com\/fr\/wp-json\/wp\/v2\/product_brand?post=17062"},{"taxonomy":"product_cat","embeddable":true,"href":"https:\/\/pilluwear.com\/fr\/wp-json\/wp\/v2\/product_cat?post=17062"},{"taxonomy":"product_tag","embeddable":true,"href":"https:\/\/pilluwear.com\/fr\/wp-json\/wp\/v2\/product_tag?post=17062"}],"curies":[{"name":"wp","href":"https:\/\/api.w.org\/{rel}","templated":true}]}}