{"id":6123,"date":"2024-05-17T09:15:49","date_gmt":"2024-05-17T07:15:49","guid":{"rendered":"https:\/\/pilluwear.com\/widerrufsbelehrung\/"},"modified":"2025-03-16T11:36:28","modified_gmt":"2025-03-16T10:36:28","slug":"information-sur-le-droit-de-retractation","status":"publish","type":"page","link":"https:\/\/pilluwear.com\/fr\/information-sur-le-droit-de-retractation\/","title":{"rendered":"Informations sur le droit de r\u00e9tractation"},"content":{"rendered":"<h3>Droit de r\u00e9tractation pour les consommateurs<\/h3>\n<p>(Le consommateur est toute personne physique qui conclut un acte juridique \u00e0 des fins qui, pour la plupart, ne peuvent \u00eatre attribu\u00e9es ni \u00e0 son activit\u00e9 commerciale ni \u00e0 son activit\u00e9 professionnelle ind\u00e9pendante).<\/p>\n<h1>Informations sur le droit de r\u00e9tractation<\/h1>\n<h3>Droit de r\u00e9tractation<\/h3>\n<p>Tu as le droit de te r\u00e9tracter de ce contrat dans un d\u00e9lai de quatorze jours sans donner de raisons.<\/p>\n<p>Le d\u00e9lai de r\u00e9tractation est de quatorze jours \u00e0 compter du jour,<\/p>\n<ul>\n<li>le jour o\u00f9 toi, ou un tiers autre que le transporteur et d\u00e9sign\u00e9 par toi, a pris possession des marchandises, si tu as command\u00e9 une ou plusieurs marchandises dans le cadre d'une commande unique et qu'elles sont livr\u00e9es en une seule fois, ou<\/li>\n<li>le jour o\u00f9 toi ou un tiers d\u00e9sign\u00e9 par toi, qui n'est pas le transporteur, a pris ou a pris possession du dernier produit, si tu as command\u00e9 plusieurs produits dans le cadre d'une commande unique et que ceux-ci sont livr\u00e9s s\u00e9par\u00e9ment, ou<\/li>\n<li>le jour o\u00f9 toi, ou un tiers autre que le transporteur et d\u00e9sign\u00e9 par toi, a pris possession du dernier envoi partiel ou de la derni\u00e8re pi\u00e8ce, si tu as command\u00e9 un produit livr\u00e9 en plusieurs envois partiels ou pi\u00e8ces, ou<\/li>\n<li>le jour o\u00f9 toi ou un tiers d\u00e9sign\u00e9 par toi et qui n'est pas le transporteur, a pris ou a pris possession du premier produit, si tu as conclu un contrat pour la livraison r\u00e9guli\u00e8re de produits sur une p\u00e9riode d\u00e9termin\u00e9e.<\/li>\n<\/ul>\n<p>\nPour exercer ton droit de r\u00e9tractation, tu dois nous informer (pilluwear e.U, Handelskai 98a\/59, 1200 Vienne, Autriche, num\u00e9ro de t\u00e9l\u00e9phone : +4367762418750, adresse e-mail : ruslan@pilluwear.com) de ta d\u00e9cision de te r\u00e9tracter du pr\u00e9sent contrat au moyen d'une d\u00e9claration claire (par exemple, une lettre envoy\u00e9e par la poste, un e-mail). Pour ce faire, tu peux utiliser le mod\u00e8le de formulaire de r\u00e9tractation ci-joint, qui n'est toutefois pas obligatoire.<\/p>\n<p>Pour que le d\u00e9lai de r\u00e9tractation soit respect\u00e9, il suffit que tu envoies la communication relative \u00e0 l'exercice du droit de r\u00e9tractation avant l'expiration du d\u00e9lai de r\u00e9tractation.<\/p>\n<h3>Cons\u00e9quences de la r\u00e9tractation<\/h3>\n<p>Si tu r\u00e9voques ce contrat, nous te rembourserons tous les paiements que nous avons re\u00e7us de toi, y compris les frais de livraison (\u00e0 l'exception des frais suppl\u00e9mentaires r\u00e9sultant du fait que tu as choisi un mode de livraison autre que le mode de livraison standard le moins cher que nous proposons), sans d\u00e9lai et au plus tard dans les quatorze jours \u00e0 compter de la date \u00e0 laquelle nous avons re\u00e7u la communication de ta r\u00e9vocation de ce contrat. Pour ce remboursement, nous utilisons le m\u00eame moyen de paiement que celui que tu as utilis\u00e9 lors de la transaction initiale, sauf accord expr\u00e8s contraire avec toi ; en aucun cas, des frais ne te seront factur\u00e9s pour ce remboursement.<\/p>\n<p>Nous pouvons refuser de te rembourser jusqu'\u00e0 ce que nous ayons r\u00e9cup\u00e9r\u00e9 les marchandises ou jusqu'\u00e0 ce que tu nous aies fourni la preuve que tu as renvoy\u00e9 les marchandises, la date retenue \u00e9tant la plus proche.<\/p>\n<\/p>\n<p>Tu dois renvoyer ou remettre les marchandises \u00e0 l'adresse indiqu\u00e9e sur l'\u00e9tiquette de retour sans retard excessif et, dans tous les cas, au plus tard quatorze jours \u00e0 compter de la date \u00e0 laquelle tu nous as inform\u00e9s de la r\u00e9vocation du pr\u00e9sent contrat. Le d\u00e9lai est respect\u00e9 si tu renvoies les marchandises avant l'expiration du d\u00e9lai de quatorze jours.<\/p>\n<\/p>\n<p>Nous prenons en charge les frais de renvoi des marchandises. <\/p>\n<p>Tu ne devras payer pour une \u00e9ventuelle perte de valeur des marchandises que si cette perte de valeur est due \u00e0 une manipulation non n\u00e9cessaire pour v\u00e9rifier les caract\u00e9ristiques, les propri\u00e9t\u00e9s et le fonctionnement des marchandises.<\/p>\n<\/ul>\n<h2>Mod\u00e8le de formulaire de r\u00e9tractation<\/h2>\n<p>(Si tu veux annuler le contrat, remplis ce formulaire et renvoie-le).<\/p>\n<p>- A<\/p>\n<p>pilluwear e.U, Handelskai 98a\/59, 1200 Vienne, Autriche, num\u00e9ro de t\u00e9l\u00e9phone : +4367762418750, adresse e-mail : ruslan@pilluwear.com<\/p>\n<p>- Par la pr\u00e9sente, je\/nous (*) annule(ons) le contrat que j'ai\/nous avons (*) conclu pour l'achat des marchandises suivantes (*)\/la fourniture du service suivant (*)<\/p>\n<p>- Command\u00e9 le (*)\/re\u00e7u le (*)<\/p>\n<p>- Nom du\/des consommateur(s)<\/p>\n<p>- Adresse du\/des consommateur(s)<\/p>\n<p>- Signature du\/des consommateur(s) (uniquement en cas de communication sur papier)<\/p>\n<p>- Date<\/p>\n<p>___________<br \/>\n(*) Biffer la mention inutile.<\/p>","protected":false},"excerpt":{"rendered":"<p>Widerrufsrecht f\u00fcr Verbraucher (Verbraucher ist jede nat\u00fcrliche Person, die ein Rechtsgesch\u00e4ft zu Zwecken abschlie\u00dft, die \u00fcberwiegend weder ihrer gewerblichen noch ihrer selbstst\u00e4ndigen beruflichen T\u00e4tigkeit zugerechnet werden kann.) Widerrufsbelehrung Widerrufsrecht Sie haben das Recht, binnen vierzehn Tagen ohne Angabe von Gr\u00fcnden diesen Vertrag zu widerrufen. Die Widerrufsfrist betr\u00e4gt vierzehn Tage ab dem Tag, an dem Sie [&hellip;]<\/p>","protected":false},"author":1,"featured_media":0,"parent":0,"menu_order":0,"comment_status":"closed","ping_status":"closed","template":"","meta":{"_uag_custom_page_level_css":"","_uf_show_specific_survey":0,"_uf_disable_surveys":false,"_themeisle_gutenberg_block_has_review":false,"footnotes":""},"class_list":["post-6123","page","type-page","status-publish","hentry"],"aioseo_notices":[],"uagb_featured_image_src":{"full":false,"thumbnail":false,"medium":false,"medium_large":false,"large":false,"1536x1536":false,"2048x2048":false,"trp-custom-language-flag":false,"woocommerce_thumbnail":false,"woocommerce_single":false,"woocommerce_gallery_thumbnail":false},"uagb_author_info":{"display_name":"pilluwear.com","author_link":"https:\/\/pilluwear.com\/fr\/author\/pilluwear-com\/"},"uagb_comment_info":0,"uagb_excerpt":"Widerrufsrecht f\u00fcr Verbraucher (Verbraucher ist jede nat\u00fcrliche Person, die ein Rechtsgesch\u00e4ft zu Zwecken abschlie\u00dft, die \u00fcberwiegend weder ihrer gewerblichen noch ihrer selbstst\u00e4ndigen beruflichen T\u00e4tigkeit zugerechnet werden kann.) Widerrufsbelehrung Widerrufsrecht Sie haben das Recht, binnen vierzehn Tagen ohne Angabe von Gr\u00fcnden diesen Vertrag zu widerrufen. Die Widerrufsfrist betr\u00e4gt vierzehn Tage ab dem Tag, an dem Sie\u2026","jetpack_sharing_enabled":true,"_links":{"self":[{"href":"https:\/\/pilluwear.com\/fr\/wp-json\/wp\/v2\/pages\/6123","targetHints":{"allow":["GET"]}}],"collection":[{"href":"https:\/\/pilluwear.com\/fr\/wp-json\/wp\/v2\/pages"}],"about":[{"href":"https:\/\/pilluwear.com\/fr\/wp-json\/wp\/v2\/types\/page"}],"author":[{"embeddable":true,"href":"https:\/\/pilluwear.com\/fr\/wp-json\/wp\/v2\/users\/1"}],"replies":[{"embeddable":true,"href":"https:\/\/pilluwear.com\/fr\/wp-json\/wp\/v2\/comments?post=6123"}],"version-history":[{"count":2,"href":"https:\/\/pilluwear.com\/fr\/wp-json\/wp\/v2\/pages\/6123\/revisions"}],"predecessor-version":[{"id":23766,"href":"https:\/\/pilluwear.com\/fr\/wp-json\/wp\/v2\/pages\/6123\/revisions\/23766"}],"wp:attachment":[{"href":"https:\/\/pilluwear.com\/fr\/wp-json\/wp\/v2\/media?parent=6123"}],"curies":[{"name":"wp","href":"https:\/\/api.w.org\/{rel}","templated":true}]}}