{"id":23401,"date":"2024-11-07T15:09:52","date_gmt":"2024-11-07T14:09:52","guid":{"rendered":"https:\/\/pilluwear.com\/produkt\/skier-unisex-bio-pullover-2\/"},"modified":"2024-11-07T15:13:31","modified_gmt":"2024-11-07T14:13:31","slug":"jersey-organico-unisex-skier-2","status":"publish","type":"product","link":"https:\/\/pilluwear.com\/es\/producto\/jersey-organico-unisex-skier-2\/","title":{"rendered":"Esquiador - Jersey org\u00e1nico unisex"},"content":{"rendered":"<p>Este jersey org\u00e1nico unisex est\u00e1 hecho de materiales org\u00e1nicos y reciclados, y es suave y acogedor. Tiene mangas remetidas, canal\u00e9 2\u00d72 en el cuello y una cinta autoadhesiva en el cuello. \u00a1Pide tu pr\u00f3xima prenda ecol\u00f3gica favorita y conquista las calles con estilo!<\/p>\n<p>- 80% algod\u00f3n org\u00e1nico, 20% poli\u00e9ster reciclado<br \/>\n- Exterior 100% algod\u00f3n org\u00e1nico<br \/>\n- Punto de rizo franc\u00e9s <br \/>\n- Manguitos encastrados<br \/>\n- Costillas de 2\u00d72 en el cuello<br \/>\n- Cinta autoadhesiva para el cuello<br \/>\n- En blanco desde Bangladesh<\/p>\n<p>Advertencia: Los clientes de EE.UU. deben pedir una talla m\u00e1s, ya que las tallas de este proveedor en la UE corresponden a una talla m\u00e1s peque\u00f1a en EE.UU.<\/p>","protected":false},"excerpt":{"rendered":"<p>Este jersey org\u00e1nico unisex est\u00e1 hecho de materiales org\u00e1nicos y reciclados, y es suave y acogedor. Tiene mangas remetidas, canal\u00e9 2\u00d72 en el cuello y una cinta autoadhesiva en el cuello. \u00a1Pide tu pr\u00f3xima prenda ecol\u00f3gica favorita y conquista las calles con estilo! - Algod\u00f3n org\u00e1nico 80%, poli\u00e9ster reciclado 20% - Exterior de algod\u00f3n org\u00e1nico 100% - Punto de rizo franc\u00e9s - Mangas remetidas [...].<\/p>","protected":false},"featured_media":23439,"comment_status":"open","ping_status":"closed","template":"","meta":{"_uag_custom_page_level_css":"","_uf_show_specific_survey":0,"_uf_disable_surveys":false,"_themeisle_gutenberg_block_has_review":false},"product_brand":[],"product_cat":[122,282],"product_tag":[],"class_list":{"0":"post-23401","1":"product","2":"type-product","3":"status-publish","4":"has-post-thumbnail","6":"product_cat-kollektionen","7":"product_cat-skier","8":"pa_farbe-bottle-green","9":"pa_farbe-deep-charcoal-grey","10":"pa_farbe-french-navy","11":"pa_farbe-grey-melange","12":"pa_farbe-koenigsblau","13":"pa_farbe-schwarz","14":"pa_farbe-weiss","15":"pa_grosse-l","16":"pa_grosse-m","17":"pa_grosse-s","18":"pa_grosse-xl","19":"pa_grosse-xxl","21":"first","22":"instock","23":"taxable","24":"shipping-taxable","25":"purchasable","26":"product-type-variable"},"aioseo_notices":[],"uagb_featured_image_src":{"full":["https:\/\/i0.wp.com\/pilluwear.com\/wp-content\/uploads\/2024\/11\/unisex-organic-sweatshirt-royal-blue-front-672cc68952e0e.jpg?fit=2000%2C2000&ssl=1",2000,2000,false],"thumbnail":["https:\/\/i0.wp.com\/pilluwear.com\/wp-content\/uploads\/2024\/11\/unisex-organic-sweatshirt-royal-blue-front-672cc68952e0e.jpg?resize=150%2C150&ssl=1",150,150,true],"medium":["https:\/\/i0.wp.com\/pilluwear.com\/wp-content\/uploads\/2024\/11\/unisex-organic-sweatshirt-royal-blue-front-672cc68952e0e.jpg?fit=300%2C300&ssl=1",300,300,true],"medium_large":["https:\/\/i0.wp.com\/pilluwear.com\/wp-content\/uploads\/2024\/11\/unisex-organic-sweatshirt-royal-blue-front-672cc68952e0e.jpg?fit=768%2C768&ssl=1",768,768,true],"large":["https:\/\/i0.wp.com\/pilluwear.com\/wp-content\/uploads\/2024\/11\/unisex-organic-sweatshirt-royal-blue-front-672cc68952e0e.jpg?fit=1024%2C1024&ssl=1",1024,1024,true],"1536x1536":["https:\/\/i0.wp.com\/pilluwear.com\/wp-content\/uploads\/2024\/11\/unisex-organic-sweatshirt-royal-blue-front-672cc68952e0e.jpg?fit=1536%2C1536&ssl=1",1536,1536,true],"2048x2048":["https:\/\/i0.wp.com\/pilluwear.com\/wp-content\/uploads\/2024\/11\/unisex-organic-sweatshirt-royal-blue-front-672cc68952e0e.jpg?fit=2000%2C2000&ssl=1",2000,2000,true],"trp-custom-language-flag":["https:\/\/i0.wp.com\/pilluwear.com\/wp-content\/uploads\/2024\/11\/unisex-organic-sweatshirt-royal-blue-front-672cc68952e0e.jpg?fit=12%2C12&ssl=1",12,12,true],"woocommerce_thumbnail":["https:\/\/i0.wp.com\/pilluwear.com\/wp-content\/uploads\/2024\/11\/unisex-organic-sweatshirt-royal-blue-front-672cc68952e0e.jpg?resize=300%2C300&ssl=1",300,300,true],"woocommerce_single":["https:\/\/i0.wp.com\/pilluwear.com\/wp-content\/uploads\/2024\/11\/unisex-organic-sweatshirt-royal-blue-front-672cc68952e0e.jpg?fit=600%2C600&ssl=1",600,600,true],"woocommerce_gallery_thumbnail":["https:\/\/i0.wp.com\/pilluwear.com\/wp-content\/uploads\/2024\/11\/unisex-organic-sweatshirt-royal-blue-front-672cc68952e0e.jpg?resize=100%2C100&ssl=1",100,100,true]},"uagb_author_info":{"display_name":"pilluwear.com","author_link":"https:\/\/pilluwear.com\/es\/author\/"},"uagb_comment_info":0,"uagb_excerpt":"Dieser Unisex-Bio-Pullover besteht aus biologischen und recycelten Materialien und f\u00fchlt sich weich und kuschelig an. Es hat eingelassene \u00c4rmel, 2\u00d72 Rippen am Kragen und ein Nackenband aus Eigengewebe. Bestelle dein n\u00e4chstes umweltfreundliches Lieblingsteil und erobere die Stra\u00dfen mit Stil! \u2022 80% Bio-Baumwolle, 20% recyceltes Polyester \u2022 Au\u00dfen 100% Bio-Baumwolle \u2022 Franz\u00f6sischer Frotteestrick \u2022 Eingelassene \u00c4rmel&hellip;","jetpack_sharing_enabled":true,"_links":{"self":[{"href":"https:\/\/pilluwear.com\/es\/wp-json\/wp\/v2\/product\/23401","targetHints":{"allow":["GET"]}}],"collection":[{"href":"https:\/\/pilluwear.com\/es\/wp-json\/wp\/v2\/product"}],"about":[{"href":"https:\/\/pilluwear.com\/es\/wp-json\/wp\/v2\/types\/product"}],"replies":[{"embeddable":true,"href":"https:\/\/pilluwear.com\/es\/wp-json\/wp\/v2\/comments?post=23401"}],"wp:featuredmedia":[{"embeddable":true,"href":"https:\/\/pilluwear.com\/es\/wp-json\/wp\/v2\/media\/23439"}],"wp:attachment":[{"href":"https:\/\/pilluwear.com\/es\/wp-json\/wp\/v2\/media?parent=23401"}],"wp:term":[{"taxonomy":"product_brand","embeddable":true,"href":"https:\/\/pilluwear.com\/es\/wp-json\/wp\/v2\/product_brand?post=23401"},{"taxonomy":"product_cat","embeddable":true,"href":"https:\/\/pilluwear.com\/es\/wp-json\/wp\/v2\/product_cat?post=23401"},{"taxonomy":"product_tag","embeddable":true,"href":"https:\/\/pilluwear.com\/es\/wp-json\/wp\/v2\/product_tag?post=23401"}],"curies":[{"name":"wp","href":"https:\/\/api.w.org\/{rel}","templated":true}]}}