{"id":22288,"date":"2024-11-07T14:08:55","date_gmt":"2024-11-07T13:08:55","guid":{"rendered":"https:\/\/pilluwear.com\/produkt\/cozy-companion-umweltfreundlicher-unisex-kapuzenpullover\/"},"modified":"2024-11-07T14:11:02","modified_gmt":"2024-11-07T13:11:02","slug":"sudadera-con-capucha-unisex-ecologica-cozy-companion","status":"publish","type":"product","link":"https:\/\/pilluwear.com\/es\/producto\/sudadera-con-capucha-unisex-ecologica-cozy-companion\/","title":{"rendered":"Cozy Companion - Jersey unisex ecol\u00f3gico con capucha"},"content":{"rendered":"<p>La cl\u00e1sica sudadera con capucha org\u00e1nica unisex es una buena compra para los amantes de la moda concienciados con el medio ambiente gracias a sus materiales org\u00e1nicos. Esta c\u00f3moda sudadera con capucha de corte recto tiene una capucha de doble capa, mangas ajustadas y un bolsillo frontal.<\/p>\n<p>- 100% Algod\u00f3n org\u00e1nico<br \/>\n- Peso del tejido: 350 g\/m\u00b2 (10,32 oz.\/yd.\u00b2)<br \/>\n- Ajuste normal<br \/>\n- Manguitos encastrados<br \/>\n- Capucha de doble capa de tejido propio<br \/>\n- Bolsillo frontal<br \/>\n- Canal\u00e9 1\u00d71 en el dobladillo de la manga y en el dobladillo inferior<br \/>\n- Pespunte a una aguja en el escote y a lo largo de la abertura de la capucha<br \/>\n- Ojales met\u00e1licos<br \/>\n- Ligamento interno del cuello<br \/>\n- Media luna tejida en el cuello<br \/>\n- Descarga los certificados de productos respetuosos con el medio ambiente<br \/>\n- En blanco desde Bangladesh<\/p>\n<p>Las tallas corresponden a una talla m\u00e1s peque\u00f1a en el mercado estadounidense, por lo que los clientes estadounidenses deben pedir una talla m\u00e1s.<\/p>\n<p>- Trazabilidad:<br \/>\n- Tejedur\u00eda - Bangladesh<br \/>\n- Te\u00f1ido - Bangladesh<br \/>\n- Producci\u00f3n - Bangladesh<br \/>\n- Fabricado con algod\u00f3n org\u00e1nico 100 %<br \/>\n- Contiene 0 % sustancias peligrosas<\/p>","protected":false},"excerpt":{"rendered":"<p>La cl\u00e1sica sudadera con capucha org\u00e1nica unisex es una buena compra para los amantes de la moda concienciados con el medio ambiente gracias a sus materiales org\u00e1nicos. Esta c\u00f3moda sudadera con capucha de corte recto tiene una capucha de doble capa, mangas ajustadas y un bolsillo frontal. - Algod\u00f3n org\u00e1nico 100% - Peso del tejido: 350 g\/m\u00b2 - Corte recto - Mangas remetidas - Capucha de doble capa de tejido propio - Bolsillo delantero [...]<\/p>","protected":false},"featured_media":22311,"comment_status":"open","ping_status":"closed","template":"","meta":{"_uag_custom_page_level_css":"","_uf_show_specific_survey":0,"_uf_disable_surveys":false,"_themeisle_gutenberg_block_has_review":false},"product_brand":[],"product_cat":[116,122],"product_tag":[],"class_list":{"0":"post-22288","1":"product","2":"type-product","3":"status-publish","4":"has-post-thumbnail","6":"product_cat-dog","7":"product_cat-kollektionen","8":"pa_farbe-desert-dust","9":"pa_farbe-french-navy","10":"pa_farbe-schwarz","11":"pa_farbe-weiss","12":"pa_grosse-2xl","13":"pa_grosse-l","14":"pa_grosse-m","15":"pa_grosse-s","16":"pa_grosse-xl","18":"first","19":"instock","20":"taxable","21":"shipping-taxable","22":"purchasable","23":"product-type-variable"},"aioseo_notices":[],"uagb_featured_image_src":{"full":["https:\/\/i0.wp.com\/pilluwear.com\/wp-content\/uploads\/2024\/11\/unisex-essential-eco-hoodie-desert-dust-front-672cba4bc1ff0.jpg?fit=2000%2C2000&ssl=1",2000,2000,false],"thumbnail":["https:\/\/i0.wp.com\/pilluwear.com\/wp-content\/uploads\/2024\/11\/unisex-essential-eco-hoodie-desert-dust-front-672cba4bc1ff0.jpg?resize=150%2C150&ssl=1",150,150,true],"medium":["https:\/\/i0.wp.com\/pilluwear.com\/wp-content\/uploads\/2024\/11\/unisex-essential-eco-hoodie-desert-dust-front-672cba4bc1ff0.jpg?fit=300%2C300&ssl=1",300,300,true],"medium_large":["https:\/\/i0.wp.com\/pilluwear.com\/wp-content\/uploads\/2024\/11\/unisex-essential-eco-hoodie-desert-dust-front-672cba4bc1ff0.jpg?fit=768%2C768&ssl=1",768,768,true],"large":["https:\/\/i0.wp.com\/pilluwear.com\/wp-content\/uploads\/2024\/11\/unisex-essential-eco-hoodie-desert-dust-front-672cba4bc1ff0.jpg?fit=1024%2C1024&ssl=1",1024,1024,true],"1536x1536":["https:\/\/i0.wp.com\/pilluwear.com\/wp-content\/uploads\/2024\/11\/unisex-essential-eco-hoodie-desert-dust-front-672cba4bc1ff0.jpg?fit=1536%2C1536&ssl=1",1536,1536,true],"2048x2048":["https:\/\/i0.wp.com\/pilluwear.com\/wp-content\/uploads\/2024\/11\/unisex-essential-eco-hoodie-desert-dust-front-672cba4bc1ff0.jpg?fit=2000%2C2000&ssl=1",2000,2000,true],"trp-custom-language-flag":["https:\/\/i0.wp.com\/pilluwear.com\/wp-content\/uploads\/2024\/11\/unisex-essential-eco-hoodie-desert-dust-front-672cba4bc1ff0.jpg?fit=12%2C12&ssl=1",12,12,true],"woocommerce_thumbnail":["https:\/\/i0.wp.com\/pilluwear.com\/wp-content\/uploads\/2024\/11\/unisex-essential-eco-hoodie-desert-dust-front-672cba4bc1ff0.jpg?resize=300%2C300&ssl=1",300,300,true],"woocommerce_single":["https:\/\/i0.wp.com\/pilluwear.com\/wp-content\/uploads\/2024\/11\/unisex-essential-eco-hoodie-desert-dust-front-672cba4bc1ff0.jpg?fit=600%2C600&ssl=1",600,600,true],"woocommerce_gallery_thumbnail":["https:\/\/i0.wp.com\/pilluwear.com\/wp-content\/uploads\/2024\/11\/unisex-essential-eco-hoodie-desert-dust-front-672cba4bc1ff0.jpg?resize=100%2C100&ssl=1",100,100,true]},"uagb_author_info":{"display_name":"pilluwear.com","author_link":"https:\/\/pilluwear.com\/es\/author\/"},"uagb_comment_info":0,"uagb_excerpt":"Der Klassischer Unisex Bio-Hoodie ist dank seiner Bio-Materialien ein guter Kauf f\u00fcr umweltbewusste Modeliebhaber. Der bequeme Kapuzenpullover mit normaler Passform hat eine doppellagige Kapuze, angesetzte \u00c4rmel und eine Beuteltasche vorne. \u2022 100% Bio-Baumwolle \u2022 Stoffgewicht: 10,32 oz.\/yd.\u00b2 (350 g\/m\u00b2) \u2022 Normale Passform \u2022 Eingesetzte \u00c4rmel \u2022 Doppellagige Kapuze aus Eigengewebe \u2022 Beuteltasche vorne \u2022 1\u00d71&hellip;","jetpack_sharing_enabled":true,"_links":{"self":[{"href":"https:\/\/pilluwear.com\/es\/wp-json\/wp\/v2\/product\/22288","targetHints":{"allow":["GET"]}}],"collection":[{"href":"https:\/\/pilluwear.com\/es\/wp-json\/wp\/v2\/product"}],"about":[{"href":"https:\/\/pilluwear.com\/es\/wp-json\/wp\/v2\/types\/product"}],"replies":[{"embeddable":true,"href":"https:\/\/pilluwear.com\/es\/wp-json\/wp\/v2\/comments?post=22288"}],"wp:featuredmedia":[{"embeddable":true,"href":"https:\/\/pilluwear.com\/es\/wp-json\/wp\/v2\/media\/22311"}],"wp:attachment":[{"href":"https:\/\/pilluwear.com\/es\/wp-json\/wp\/v2\/media?parent=22288"}],"wp:term":[{"taxonomy":"product_brand","embeddable":true,"href":"https:\/\/pilluwear.com\/es\/wp-json\/wp\/v2\/product_brand?post=22288"},{"taxonomy":"product_cat","embeddable":true,"href":"https:\/\/pilluwear.com\/es\/wp-json\/wp\/v2\/product_cat?post=22288"},{"taxonomy":"product_tag","embeddable":true,"href":"https:\/\/pilluwear.com\/es\/wp-json\/wp\/v2\/product_tag?post=22288"}],"curies":[{"name":"wp","href":"https:\/\/api.w.org\/{rel}","templated":true}]}}