{"id":22127,"date":"2024-11-07T14:00:44","date_gmt":"2024-11-07T13:00:44","guid":{"rendered":"https:\/\/pilluwear.com\/produkt\/cozy-companion-unisex-kapuzenpullover\/"},"modified":"2024-11-07T14:08:22","modified_gmt":"2024-11-07T13:08:22","slug":"jersey-unisex-con-capucha-cozy-companion","status":"publish","type":"product","link":"https:\/\/pilluwear.com\/es\/producto\/jersey-unisex-con-capucha-cozy-companion\/","title":{"rendered":"Cozy Companion - Jersey unisex con capucha"},"content":{"rendered":"<p>Todo el mundo necesita una sudadera acogedora para acurrucarse, as\u00ed que elige una que sea suave, elegante y con estilo. Es la elecci\u00f3n perfecta para las noches m\u00e1s frescas.<\/p>\n<p>- 50 % algod\u00f3n preencogido, 50 % poli\u00e9ster<br \/>\n- Peso del tejido: 271,25 g\/m\u00b2 (8,0 oz\/yd\u00b2)<br \/>\n- Hilo hilado al aire con tacto suave y baja formaci\u00f3n de nudos<br \/>\n- Capucha con doble forro y cord\u00f3n a juego<br \/>\n- Parte superior del cuerpo con un cuarto de vuelta para evitar pliegues en el centro<br \/>\n- 1 \u00d7 1 pu\u00f1os y cintura de canal\u00e9 atl\u00e9tico con elastano<br \/>\n- Bolsillo frontal<br \/>\n- Cuello, hombros, sisas, pu\u00f1os y dobladillo con doble costura<br \/>\n- Producto bruto procedente de Bangladesh, Nicaragua, Honduras o El Salvador<\/p>\n<p>- Trazabilidad:<br \/>\n- Punto - Honduras, Bangladesh<br \/>\n- Te\u00f1ido - Honduras, Bangladesh<br \/>\n- Fabricaci\u00f3n - Nicaragua, Honduras, Bangladesh o El Salvador<br \/>\n- Contiene 0 % de poli\u00e9ster reciclado<br \/>\n- Contiene 0 % sustancias peligrosas<br \/>\n- Este art\u00edculo libera microfibras de pl\u00e1stico al medio ambiente durante el lavado.<\/p>","protected":false},"excerpt":{"rendered":"<p>Todo el mundo necesita una sudadera acogedora para acurrucarse, as\u00ed que elige una que sea suave, elegante y con estilo. Es la elecci\u00f3n perfecta para las noches m\u00e1s frescas. - 50 % algod\u00f3n preencogido, 50 % poli\u00e9ster - Peso del tejido: 271,25 g\/m\u00b2 (8,0 oz\/yd\u00b2) - Hilado al aire con un tacto suave y poco enganchado - Doble forro [...].<\/p>","protected":false},"featured_media":22228,"comment_status":"open","ping_status":"closed","template":"","meta":{"_uag_custom_page_level_css":"","_uf_show_specific_survey":0,"_uf_disable_surveys":false,"_themeisle_gutenberg_block_has_review":false},"product_brand":[],"product_cat":[116,122],"product_tag":[],"class_list":{"0":"post-22127","1":"product","2":"type-product","3":"status-publish","4":"has-post-thumbnail","6":"product_cat-dog","7":"product_cat-kollektionen","8":"pa_farbe-dunkle-schokolade","9":"pa_farbe-dunkles-heather","10":"pa_farbe-heather-sport-dark-navy","11":"pa_farbe-hellblau","12":"pa_farbe-hellpink","13":"pa_farbe-indigoblau","14":"pa_farbe-irisches-gruen","15":"pa_farbe-kastanienbraun","16":"pa_farbe-militaergruen","17":"pa_farbe-navy","18":"pa_farbe-royal","19":"pa_farbe-sand","20":"pa_farbe-schwarz","21":"pa_farbe-sportgrau","22":"pa_farbe-weiss","23":"pa_grosse-2xl","24":"pa_grosse-3xl","25":"pa_grosse-4xl","26":"pa_grosse-l","27":"pa_grosse-m","28":"pa_grosse-s","29":"pa_grosse-xl","31":"first","32":"instock","33":"taxable","34":"shipping-taxable","35":"purchasable","36":"product-type-variable"},"aioseo_notices":[],"uagb_featured_image_src":{"full":["https:\/\/i0.wp.com\/pilluwear.com\/wp-content\/uploads\/2024\/11\/unisex-heavy-blend-hoodie-sport-grey-front-672cb9cc15f99.jpg?fit=2000%2C2000&ssl=1",2000,2000,false],"thumbnail":["https:\/\/i0.wp.com\/pilluwear.com\/wp-content\/uploads\/2024\/11\/unisex-heavy-blend-hoodie-sport-grey-front-672cb9cc15f99.jpg?resize=150%2C150&ssl=1",150,150,true],"medium":["https:\/\/i0.wp.com\/pilluwear.com\/wp-content\/uploads\/2024\/11\/unisex-heavy-blend-hoodie-sport-grey-front-672cb9cc15f99.jpg?fit=300%2C300&ssl=1",300,300,true],"medium_large":["https:\/\/i0.wp.com\/pilluwear.com\/wp-content\/uploads\/2024\/11\/unisex-heavy-blend-hoodie-sport-grey-front-672cb9cc15f99.jpg?fit=768%2C768&ssl=1",768,768,true],"large":["https:\/\/i0.wp.com\/pilluwear.com\/wp-content\/uploads\/2024\/11\/unisex-heavy-blend-hoodie-sport-grey-front-672cb9cc15f99.jpg?fit=1024%2C1024&ssl=1",1024,1024,true],"1536x1536":["https:\/\/i0.wp.com\/pilluwear.com\/wp-content\/uploads\/2024\/11\/unisex-heavy-blend-hoodie-sport-grey-front-672cb9cc15f99.jpg?fit=1536%2C1536&ssl=1",1536,1536,true],"2048x2048":["https:\/\/i0.wp.com\/pilluwear.com\/wp-content\/uploads\/2024\/11\/unisex-heavy-blend-hoodie-sport-grey-front-672cb9cc15f99.jpg?fit=2000%2C2000&ssl=1",2000,2000,true],"trp-custom-language-flag":["https:\/\/i0.wp.com\/pilluwear.com\/wp-content\/uploads\/2024\/11\/unisex-heavy-blend-hoodie-sport-grey-front-672cb9cc15f99.jpg?fit=12%2C12&ssl=1",12,12,true],"woocommerce_thumbnail":["https:\/\/i0.wp.com\/pilluwear.com\/wp-content\/uploads\/2024\/11\/unisex-heavy-blend-hoodie-sport-grey-front-672cb9cc15f99.jpg?resize=300%2C300&ssl=1",300,300,true],"woocommerce_single":["https:\/\/i0.wp.com\/pilluwear.com\/wp-content\/uploads\/2024\/11\/unisex-heavy-blend-hoodie-sport-grey-front-672cb9cc15f99.jpg?fit=600%2C600&ssl=1",600,600,true],"woocommerce_gallery_thumbnail":["https:\/\/i0.wp.com\/pilluwear.com\/wp-content\/uploads\/2024\/11\/unisex-heavy-blend-hoodie-sport-grey-front-672cb9cc15f99.jpg?resize=100%2C100&ssl=1",100,100,true]},"uagb_author_info":{"display_name":"pilluwear.com","author_link":"https:\/\/pilluwear.com\/es\/author\/"},"uagb_comment_info":0,"uagb_excerpt":"Jeder braucht einen gem\u00fctlichen Hoodie, in den man sich einkuscheln kann, also entscheide dich f\u00fcr einen, der weich, glatt und stylisch ist. Er ist die perfekte Wahl f\u00fcr k\u00fchlere Abende! \u2022 50 % vorgeschrumpfte Baumwolle, 50\u00a0% Polyester \u2022 Stoffgewicht: 271,25 g\/m\u00b2 (8,0 oz\/yd\u00b2) \u2022 Luftgesponnenes Garn mit weichem Griff und geringer Kn\u00f6tchenbildung \u2022 Doppelt gef\u00fctterte&hellip;","jetpack_sharing_enabled":true,"_links":{"self":[{"href":"https:\/\/pilluwear.com\/es\/wp-json\/wp\/v2\/product\/22127","targetHints":{"allow":["GET"]}}],"collection":[{"href":"https:\/\/pilluwear.com\/es\/wp-json\/wp\/v2\/product"}],"about":[{"href":"https:\/\/pilluwear.com\/es\/wp-json\/wp\/v2\/types\/product"}],"replies":[{"embeddable":true,"href":"https:\/\/pilluwear.com\/es\/wp-json\/wp\/v2\/comments?post=22127"}],"wp:featuredmedia":[{"embeddable":true,"href":"https:\/\/pilluwear.com\/es\/wp-json\/wp\/v2\/media\/22228"}],"wp:attachment":[{"href":"https:\/\/pilluwear.com\/es\/wp-json\/wp\/v2\/media?parent=22127"}],"wp:term":[{"taxonomy":"product_brand","embeddable":true,"href":"https:\/\/pilluwear.com\/es\/wp-json\/wp\/v2\/product_brand?post=22127"},{"taxonomy":"product_cat","embeddable":true,"href":"https:\/\/pilluwear.com\/es\/wp-json\/wp\/v2\/product_cat?post=22127"},{"taxonomy":"product_tag","embeddable":true,"href":"https:\/\/pilluwear.com\/es\/wp-json\/wp\/v2\/product_tag?post=22127"}],"curies":[{"name":"wp","href":"https:\/\/api.w.org\/{rel}","templated":true}]}}