{"id":19952,"date":"2024-05-29T16:34:53","date_gmt":"2024-05-29T14:34:53","guid":{"rendered":"https:\/\/pilluwear.com\/produkt\/unisex-organic-cotton-t-shirt\/"},"modified":"2024-05-29T16:38:45","modified_gmt":"2024-05-29T14:38:45","slug":"camiseta-unisex-de-algodon-organico","status":"publish","type":"product","link":"https:\/\/pilluwear.com\/es\/producto\/camiseta-unisex-de-algodon-organico\/","title":{"rendered":"Camiseta unisex de algod\u00f3n org\u00e1nico"},"content":{"rendered":"<p>Fabricada con algod\u00f3n org\u00e1nico hilado en anillo 100%, esta camiseta unisex es una prenda imprescindible. Es de alta calidad, muy c\u00f3moda y, lo mejor de todo, respetuosa con el medio ambiente.<\/p>\n<p>- 100% algod\u00f3n org\u00e1nico hilado en anillos<br \/>\n- Peso del tejido: 180 g\/m\u00b2 (5,3 oz.\/yd.\u00b2)<br \/>\n- Maillot individual<br \/>\n- Ajuste medio<br \/>\n- Manguitos encastrados<br \/>\n- 1 \u00d7 1 costilla en el cuello<br \/>\n- Pespunte ancho a doble aguja en las mangas y los dobladillos inferiores<br \/>\n- Cinta autoadhesiva para el cuello (interior, nuca)<br \/>\n- Producto en blanco procedente de Bangladesh<\/p>\n<p>Las tallas corresponden a una talla m\u00e1s peque\u00f1a en el mercado estadounidense, por lo que los clientes estadounidenses deben pedir una talla m\u00e1s.<\/p>\n<p>Este producto se fabrica especialmente para ti en cuanto haces un pedido, por eso tardamos un poco m\u00e1s en entreg\u00e1rtelo. Fabricar productos bajo pedido en lugar de a granel ayuda a reducir la sobreproducci\u00f3n, as\u00ed que \u00a1gracias por tomar decisiones de compra meditadas!<\/p>","protected":false},"excerpt":{"rendered":"<p>Fabricada con algod\u00f3n org\u00e1nico hilado en anillos 100%, esta camiseta unisex es imprescindible. Es de alta calidad, muy c\u00f3moda y, lo mejor de todo, respetuosa con el medio ambiente. - Algod\u00f3n org\u00e1nico hilado en anillo 100% - Peso del tejido: 180 g\/m\u00b2 - Punto sencillo - Corte medio - Mangas remetidas - Cuello de canal\u00e9 1 \u00d7 1 - Pespunte ancho de doble aguja en la [...]].<\/p>","protected":false},"featured_media":20029,"comment_status":"open","ping_status":"closed","template":"","meta":{"_uag_custom_page_level_css":"","_uf_show_specific_survey":0,"_uf_disable_surveys":false,"_themeisle_gutenberg_block_has_review":false},"product_brand":[],"product_cat":[122],"product_tag":[],"class_list":{"0":"post-19952","1":"product","2":"type-product","3":"status-publish","4":"has-post-thumbnail","6":"product_cat-kollektionen","7":"pa_size-2xl","8":"pa_size-3xl","9":"pa_size-l","10":"pa_size-m","11":"pa_size-s","12":"pa_size-xl","14":"first","15":"instock","16":"taxable","17":"shipping-taxable","18":"purchasable","19":"product-type-variable"},"aioseo_notices":[],"uagb_featured_image_src":{"full":["https:\/\/i0.wp.com\/pilluwear.com\/wp-content\/uploads\/2024\/05\/unisex-organic-cotton-t-shirt-black-front-66573c912d393.jpg?fit=2000%2C2000&ssl=1",2000,2000,false],"thumbnail":["https:\/\/i0.wp.com\/pilluwear.com\/wp-content\/uploads\/2024\/05\/unisex-organic-cotton-t-shirt-black-front-66573c912d393.jpg?resize=150%2C150&ssl=1",150,150,true],"medium":["https:\/\/i0.wp.com\/pilluwear.com\/wp-content\/uploads\/2024\/05\/unisex-organic-cotton-t-shirt-black-front-66573c912d393.jpg?fit=300%2C300&ssl=1",300,300,true],"medium_large":["https:\/\/i0.wp.com\/pilluwear.com\/wp-content\/uploads\/2024\/05\/unisex-organic-cotton-t-shirt-black-front-66573c912d393.jpg?fit=768%2C768&ssl=1",768,768,true],"large":["https:\/\/i0.wp.com\/pilluwear.com\/wp-content\/uploads\/2024\/05\/unisex-organic-cotton-t-shirt-black-front-66573c912d393.jpg?fit=1024%2C1024&ssl=1",1024,1024,true],"1536x1536":["https:\/\/i0.wp.com\/pilluwear.com\/wp-content\/uploads\/2024\/05\/unisex-organic-cotton-t-shirt-black-front-66573c912d393.jpg?fit=1536%2C1536&ssl=1",1536,1536,true],"2048x2048":["https:\/\/i0.wp.com\/pilluwear.com\/wp-content\/uploads\/2024\/05\/unisex-organic-cotton-t-shirt-black-front-66573c912d393.jpg?fit=2000%2C2000&ssl=1",2000,2000,true],"trp-custom-language-flag":["https:\/\/i0.wp.com\/pilluwear.com\/wp-content\/uploads\/2024\/05\/unisex-organic-cotton-t-shirt-black-front-66573c912d393.jpg?fit=12%2C12&ssl=1",12,12,true],"woocommerce_thumbnail":["https:\/\/i0.wp.com\/pilluwear.com\/wp-content\/uploads\/2024\/05\/unisex-organic-cotton-t-shirt-black-front-66573c912d393.jpg?resize=300%2C300&ssl=1",300,300,true],"woocommerce_single":["https:\/\/i0.wp.com\/pilluwear.com\/wp-content\/uploads\/2024\/05\/unisex-organic-cotton-t-shirt-black-front-66573c912d393.jpg?fit=600%2C600&ssl=1",600,600,true],"woocommerce_gallery_thumbnail":["https:\/\/i0.wp.com\/pilluwear.com\/wp-content\/uploads\/2024\/05\/unisex-organic-cotton-t-shirt-black-front-66573c912d393.jpg?resize=100%2C100&ssl=1",100,100,true]},"uagb_author_info":{"display_name":"pilluwear.com","author_link":"https:\/\/pilluwear.com\/es\/author\/"},"uagb_comment_info":0,"uagb_excerpt":"Made from 100% organic ring-spun cotton, this unisex t-shirt is a total must-have. It&#8217;s high-quality, super comfy, and best of all\u2014eco-friendly. \u2022 100% organic ring-spun cotton \u2022 Fabric weight: 5.3 oz.\/yd.\u00b2 (180 g\/m\u00b2) \u2022 Single jersey \u2022 Medium fit \u2022 Set-in sleeves \u2022 1 \u00d7 1 rib at collar \u2022 Wide double-needle topstitch on the&hellip;","jetpack_sharing_enabled":true,"_links":{"self":[{"href":"https:\/\/pilluwear.com\/es\/wp-json\/wp\/v2\/product\/19952","targetHints":{"allow":["GET"]}}],"collection":[{"href":"https:\/\/pilluwear.com\/es\/wp-json\/wp\/v2\/product"}],"about":[{"href":"https:\/\/pilluwear.com\/es\/wp-json\/wp\/v2\/types\/product"}],"replies":[{"embeddable":true,"href":"https:\/\/pilluwear.com\/es\/wp-json\/wp\/v2\/comments?post=19952"}],"wp:featuredmedia":[{"embeddable":true,"href":"https:\/\/pilluwear.com\/es\/wp-json\/wp\/v2\/media\/20029"}],"wp:attachment":[{"href":"https:\/\/pilluwear.com\/es\/wp-json\/wp\/v2\/media?parent=19952"}],"wp:term":[{"taxonomy":"product_brand","embeddable":true,"href":"https:\/\/pilluwear.com\/es\/wp-json\/wp\/v2\/product_brand?post=19952"},{"taxonomy":"product_cat","embeddable":true,"href":"https:\/\/pilluwear.com\/es\/wp-json\/wp\/v2\/product_cat?post=19952"},{"taxonomy":"product_tag","embeddable":true,"href":"https:\/\/pilluwear.com\/es\/wp-json\/wp\/v2\/product_tag?post=19952"}],"curies":[{"name":"wp","href":"https:\/\/api.w.org\/{rel}","templated":true}]}}