{"id":16987,"date":"2024-05-23T10:27:10","date_gmt":"2024-05-23T08:27:10","guid":{"rendered":"https:\/\/pilluwear.com\/produkt\/camper-unisex-bio-pullover\/"},"modified":"2024-05-24T17:45:30","modified_gmt":"2024-05-24T15:45:30","slug":"camper-unisex-bio-pullover","status":"publish","type":"product","link":"https:\/\/pilluwear.com\/es\/producto\/camper-unisex-bio-pullover\/","title":{"rendered":"Camper - Jersey ecol\u00f3gico unisex"},"content":{"rendered":"<p>Dale vida a tu estilo con este jersey unisex ecol\u00f3gico. La camiseta tiene un aspecto chic y n\u00edtido y combina bien tanto con conjuntos informales como elegantes. Esta sudadera de algod\u00f3n org\u00e1nico es duradera, c\u00f3moda y especialmente suave.<\/p>\n<p>- 100% algod\u00f3n org\u00e1nico, hilado en anillos, peinado<br \/>\n- Peso del tejido: 350 g\/m\u00b2 (10,3 oz.\/yd.\u00b2)<br \/>\n- Ajuste normal<br \/>\n- Manguitos encastrados<br \/>\n- Canal\u00e9 1\u00d71 en el cuello, el dobladillo de las mangas y el bajo<br \/>\n- Doble pespunte en el cuello, las mangas y el dobladillo inferior<br \/>\n- Banda para el cuello con dibujo de espiga en el interior<br \/>\n- Media luna tejida en el cuello<br \/>\n- En blanco desde Bangladesh<\/p>\n<p>Las tallas corresponden a una talla menor en el mercado estadounidense, por lo que los clientes estadounidenses deben pedir una talla m\u00e1s.<\/p>\n<p>- Trazabilidad:<br \/>\n- Tejedur\u00eda - Bangladesh<br \/>\n- Te\u00f1ido - Bangladesh<br \/>\n- Producci\u00f3n - Bangladesh<br \/>\n- Contiene 15 % de poli\u00e9ster reciclado<br \/>\n- Contiene 0 % sustancias peligrosas<\/p>","protected":false},"excerpt":{"rendered":"<p>Dale vida a tu estilo con este jersey unisex ecol\u00f3gico. La camiseta tiene un aspecto chic y n\u00edtido y combina bien tanto con conjuntos informales como elegantes. Esta sudadera de algod\u00f3n org\u00e1nico es duradera, c\u00f3moda y especialmente suave. - 100% algod\u00f3n org\u00e1nico, hilado en anillos, peinado - Peso del tejido: 350 g\/m\u00b2 - Corte normal - Mangas remetidas - 1\u00d71 [...]<\/p>","protected":false},"featured_media":17000,"comment_status":"open","ping_status":"closed","template":"","meta":{"_uag_custom_page_level_css":"","_uf_show_specific_survey":0,"_uf_disable_surveys":false,"_themeisle_gutenberg_block_has_review":false},"product_brand":[],"product_cat":[111,121],"product_tag":[],"class_list":{"0":"post-16987","1":"product","2":"type-product","3":"status-publish","4":"has-post-thumbnail","6":"product_cat-camper","7":"product_cat-pullover","8":"pa_farbe-french-navy","9":"pa_farbe-schwarz","10":"pa_grosse-2xl","11":"pa_grosse-l","12":"pa_grosse-m","13":"pa_grosse-s","14":"pa_grosse-xl","16":"first","17":"instock","18":"taxable","19":"shipping-taxable","20":"purchasable","21":"product-type-variable"},"aioseo_notices":[],"uagb_featured_image_src":{"full":["https:\/\/i0.wp.com\/pilluwear.com\/wp-content\/uploads\/2024\/05\/unisex-eco-sweatshirt-black-front-664efd63113e8.jpg?fit=2000%2C2000&ssl=1",2000,2000,false],"thumbnail":["https:\/\/i0.wp.com\/pilluwear.com\/wp-content\/uploads\/2024\/05\/unisex-eco-sweatshirt-black-front-664efd63113e8.jpg?resize=150%2C150&ssl=1",150,150,true],"medium":["https:\/\/i0.wp.com\/pilluwear.com\/wp-content\/uploads\/2024\/05\/unisex-eco-sweatshirt-black-front-664efd63113e8.jpg?fit=300%2C300&ssl=1",300,300,true],"medium_large":["https:\/\/i0.wp.com\/pilluwear.com\/wp-content\/uploads\/2024\/05\/unisex-eco-sweatshirt-black-front-664efd63113e8.jpg?fit=768%2C768&ssl=1",768,768,true],"large":["https:\/\/i0.wp.com\/pilluwear.com\/wp-content\/uploads\/2024\/05\/unisex-eco-sweatshirt-black-front-664efd63113e8.jpg?fit=1024%2C1024&ssl=1",1024,1024,true],"1536x1536":["https:\/\/i0.wp.com\/pilluwear.com\/wp-content\/uploads\/2024\/05\/unisex-eco-sweatshirt-black-front-664efd63113e8.jpg?fit=1536%2C1536&ssl=1",1536,1536,true],"2048x2048":["https:\/\/i0.wp.com\/pilluwear.com\/wp-content\/uploads\/2024\/05\/unisex-eco-sweatshirt-black-front-664efd63113e8.jpg?fit=2000%2C2000&ssl=1",2000,2000,true],"trp-custom-language-flag":["https:\/\/i0.wp.com\/pilluwear.com\/wp-content\/uploads\/2024\/05\/unisex-eco-sweatshirt-black-front-664efd63113e8.jpg?fit=12%2C12&ssl=1",12,12,true],"woocommerce_thumbnail":["https:\/\/i0.wp.com\/pilluwear.com\/wp-content\/uploads\/2024\/05\/unisex-eco-sweatshirt-black-front-664efd63113e8.jpg?resize=300%2C300&ssl=1",300,300,true],"woocommerce_single":["https:\/\/i0.wp.com\/pilluwear.com\/wp-content\/uploads\/2024\/05\/unisex-eco-sweatshirt-black-front-664efd63113e8.jpg?fit=600%2C600&ssl=1",600,600,true],"woocommerce_gallery_thumbnail":["https:\/\/i0.wp.com\/pilluwear.com\/wp-content\/uploads\/2024\/05\/unisex-eco-sweatshirt-black-front-664efd63113e8.jpg?resize=100%2C100&ssl=1",100,100,true]},"uagb_author_info":{"display_name":"pilluwear.com","author_link":"https:\/\/pilluwear.com\/es\/author\/"},"uagb_comment_info":0,"uagb_excerpt":"Mit diesem Unisex-\u00d6ko-Pullover kannst du deinen Stil aufpeppen. Das Shirt hat einen schicken, knackigen Look und passt sowohl zu legeren als auch zu schickeren Outfits. Dieses Sweatshirt aus Bio-Baumwolle ist strapazierf\u00e4hig, bequem und besonders weich. \u2022 100% organische, ringgesponnene, gek\u00e4mmte Baumwolle \u2022 Stoffgewicht: 10,3 oz.\/yd.\u00b2 (350 g\/m\u00b2) \u2022 Normale Passform \u2022 Eingesetzte \u00c4rmel \u2022 1\u00d71&hellip;","jetpack_sharing_enabled":true,"_links":{"self":[{"href":"https:\/\/pilluwear.com\/es\/wp-json\/wp\/v2\/product\/16987","targetHints":{"allow":["GET"]}}],"collection":[{"href":"https:\/\/pilluwear.com\/es\/wp-json\/wp\/v2\/product"}],"about":[{"href":"https:\/\/pilluwear.com\/es\/wp-json\/wp\/v2\/types\/product"}],"replies":[{"embeddable":true,"href":"https:\/\/pilluwear.com\/es\/wp-json\/wp\/v2\/comments?post=16987"}],"wp:featuredmedia":[{"embeddable":true,"href":"https:\/\/pilluwear.com\/es\/wp-json\/wp\/v2\/media\/17000"}],"wp:attachment":[{"href":"https:\/\/pilluwear.com\/es\/wp-json\/wp\/v2\/media?parent=16987"}],"wp:term":[{"taxonomy":"product_brand","embeddable":true,"href":"https:\/\/pilluwear.com\/es\/wp-json\/wp\/v2\/product_brand?post=16987"},{"taxonomy":"product_cat","embeddable":true,"href":"https:\/\/pilluwear.com\/es\/wp-json\/wp\/v2\/product_cat?post=16987"},{"taxonomy":"product_tag","embeddable":true,"href":"https:\/\/pilluwear.com\/es\/wp-json\/wp\/v2\/product_tag?post=16987"}],"curies":[{"name":"wp","href":"https:\/\/api.w.org\/{rel}","templated":true}]}}