{"id":6146,"date":"2024-05-17T11:11:19","date_gmt":"2024-05-17T09:11:19","guid":{"rendered":"https:\/\/pilluwear.com\/impressum-2\/"},"modified":"2024-05-17T11:11:19","modified_gmt":"2024-05-17T09:11:19","slug":"impresion-2","status":"publish","type":"page","link":"https:\/\/pilluwear.com\/es\/impresion-2\/","title":{"rendered":"Pie de imprenta"},"content":{"rendered":"<!-- Legal document generated by Complianz | GDPR\/CCPA Cookie Consent https:\/\/wordpress.org\/plugins\/complianz-gdpr -->\n<div id=\"cmplz-document\" class=\"cmplz-document impressum cmplz-document-all\"><p><i>Este aviso legal \/ imprint fue actualizado por \u00faltima vez el 21. septiembre 2025.<\/i><\/p><p class=\"cmplz-subtitle\">El propietario de esta web es:<\/p><p>pilluwear e.U. e.U<br>Handelskai 98a<br \/>\n1200 Viena<br>Austria<br>Correo electr\u00f3nico:&nbsp;<span class=\"cmplz-obfuscate\">r&#117;&#115;&#108;an@<span class=\"cmplz-fmail-domain\">&#101;x&#046;&#099;o&#109;<\/span>p&#105;ll&#117;we&#097;r&#046;&#099;&#111;&#109;<\/span><br>N\u00famero de tel\u00e9fono: +4367762418750<br><\/p><p class=\"cmplz-subtitle\">El\/los representante\/s legal\/es de pilluwear e.U. e.U:<\/p><p>Ruslan Wacker<\/p><h2>1. general<\/h2><p>No estamos dispuestos ni obligados a participar en procedimientos de resoluci\u00f3n de conflictos ante una junta de arbitraje de consumo.<\/p><h2>2. la siguiente informaci\u00f3n es obligatoria seg\u00fan la legislaci\u00f3n alemana.<\/h2><\/div>","protected":false},"excerpt":{"rendered":"","protected":false},"author":1,"featured_media":0,"parent":0,"menu_order":0,"comment_status":"closed","ping_status":"closed","template":"","meta":{"_uag_custom_page_level_css":"","_uf_show_specific_survey":0,"_uf_disable_surveys":false,"_themeisle_gutenberg_block_has_review":false,"footnotes":""},"class_list":["post-6146","page","type-page","status-publish","hentry"],"aioseo_notices":[],"uagb_featured_image_src":{"full":false,"thumbnail":false,"medium":false,"medium_large":false,"large":false,"1536x1536":false,"2048x2048":false,"trp-custom-language-flag":false,"woocommerce_thumbnail":false,"woocommerce_single":false,"woocommerce_gallery_thumbnail":false},"uagb_author_info":{"display_name":"pilluwear.com","author_link":"https:\/\/pilluwear.com\/es\/author\/pilluwear-com\/"},"uagb_comment_info":0,"uagb_excerpt":null,"jetpack_sharing_enabled":true,"_links":{"self":[{"href":"https:\/\/pilluwear.com\/es\/wp-json\/wp\/v2\/pages\/6146","targetHints":{"allow":["GET"]}}],"collection":[{"href":"https:\/\/pilluwear.com\/es\/wp-json\/wp\/v2\/pages"}],"about":[{"href":"https:\/\/pilluwear.com\/es\/wp-json\/wp\/v2\/types\/page"}],"author":[{"embeddable":true,"href":"https:\/\/pilluwear.com\/es\/wp-json\/wp\/v2\/users\/1"}],"replies":[{"embeddable":true,"href":"https:\/\/pilluwear.com\/es\/wp-json\/wp\/v2\/comments?post=6146"}],"version-history":[{"count":0,"href":"https:\/\/pilluwear.com\/es\/wp-json\/wp\/v2\/pages\/6146\/revisions"}],"wp:attachment":[{"href":"https:\/\/pilluwear.com\/es\/wp-json\/wp\/v2\/media?parent=6146"}],"curies":[{"name":"wp","href":"https:\/\/api.w.org\/{rel}","templated":true}]}}