{"id":6123,"date":"2024-05-17T09:15:49","date_gmt":"2024-05-17T07:15:49","guid":{"rendered":"https:\/\/pilluwear.com\/widerrufsbelehrung\/"},"modified":"2025-03-16T11:36:28","modified_gmt":"2025-03-16T10:36:28","slug":"politica-de-cancelacion","status":"publish","type":"page","link":"https:\/\/pilluwear.com\/es\/politica-de-cancelacion\/","title":{"rendered":"Pol\u00edtica de cancelaci\u00f3n"},"content":{"rendered":"<h3>Derecho de cancelaci\u00f3n para los consumidores<\/h3>\n<p>(Se considera consumidor a toda persona f\u00edsica que celebre un negocio jur\u00eddico con fines predominantemente ajenos a su actividad comercial, empresarial o profesional).<\/p>\n<h1>Pol\u00edtica de cancelaci\u00f3n<\/h1>\n<h3>Derecho de cancelaci\u00f3n<\/h3>\n<p>Tienes derecho a rescindir este contrato en un plazo de catorce d\u00edas sin indicar motivo alguno.<\/p>\n<p>El plazo de cancelaci\u00f3n es de catorce d\u00edas a partir de la fecha,<\/p>\n<ul>\n<li>en el que t\u00fa o un tercero nombrado por ti, que no sea el transportista, tenga o haya tomado posesi\u00f3n de las mercanc\u00edas, siempre que hayas encargado una o varias mercanc\u00edas como parte de un \u00fanico pedido y \u00e9stas sean o vayan a ser entregadas de manera uniforme, o bien<\/li>\n<li>en el que t\u00fa o un tercero nombrado por ti, que no sea el transportista, haya tomado posesi\u00f3n de la \u00faltima mercanc\u00eda, siempre que hayas pedido varias mercanc\u00edas como parte de un \u00fanico pedido y \u00e9stas se entreguen por separado, o bien<\/li>\n<li>en el que t\u00fa o un tercero nombrado por ti, que no sea el transportista, haya tomado posesi\u00f3n del \u00faltimo env\u00edo parcial o de la \u00faltima pieza, si has encargado mercanc\u00edas que se entregan en varios env\u00edos parciales o piezas, o bien<\/li>\n<li>en la que t\u00fa o un tercero nombrado por ti, que no sea el transportista, hay\u00e1is tomado posesi\u00f3n de las primeras mercanc\u00edas, siempre que hay\u00e1is celebrado un contrato para la entrega peri\u00f3dica de mercanc\u00edas durante un per\u00edodo de tiempo determinado.<\/li>\n<\/ul>\n<p>\nPara ejercer el derecho de cancelaci\u00f3n, debes informarnos (pilluwear e.U, Handelskai 98a\/59, 1200 Viena, Austria, n\u00famero de tel\u00e9fono: +4367762418750, direcci\u00f3n de correo electr\u00f3nico: ruslan@pilluwear.com) de tu decisi\u00f3n de cancelar este contrato mediante una declaraci\u00f3n clara (por ejemplo, una carta enviada por correo postal, correo electr\u00f3nico). Puedes utilizar el modelo de formulario de cancelaci\u00f3n adjunto, pero no es obligatorio.<\/p>\n<p>Para cumplir el plazo de cancelaci\u00f3n, basta con que env\u00edes tu notificaci\u00f3n de ejercicio del derecho de cancelaci\u00f3n antes de que expire el plazo de cancelaci\u00f3n.<\/p>\n<h3>Consecuencias de la cancelaci\u00f3n<\/h3>\n<p>Si desistes del presente contrato, te reembolsaremos todos los pagos que hayamos recibido de ti, incluidos los gastos de entrega (con excepci\u00f3n de los gastos suplementarios resultantes de la elecci\u00f3n por tu parte de un tipo de entrega distinto del tipo menos costoso de entrega est\u00e1ndar que ofrezcamos), sin ninguna demora indebida y, en cualquier caso, a m\u00e1s tardar 14 d\u00edas a partir del d\u00eda en que se nos informe de tu decisi\u00f3n de desistir del presente contrato. Para este reembolso, utilizaremos el mismo medio de pago que utilizaste para la transacci\u00f3n original, a menos que se acuerde expresamente otra cosa contigo; en ning\u00fan caso se te cobrar\u00e1n comisiones por este reembolso.<\/p>\n<p>Podemos negarnos a reembolsarte el importe hasta que hayamos recibido la mercanc\u00eda de vuelta o hasta que hayas presentado una prueba de que has devuelto la mercanc\u00eda, seg\u00fan qu\u00e9 condici\u00f3n se cumpla primero.<\/p>\n<\/p>\n<p>Debes devolver o entregar los bienes inmediatamente y, en cualquier caso, a m\u00e1s tardar en el plazo de catorce d\u00edas a partir del d\u00eda en que nos comuniques la rescisi\u00f3n del presente contrato a la direcci\u00f3n que figura en la etiqueta de devoluci\u00f3n. El plazo se cumple si env\u00edas los bienes antes de que haya expirado el plazo de catorce d\u00edas.<\/p>\n<\/p>\n<p>Nosotros correremos con los gastos de devoluci\u00f3n de la mercanc\u00eda. <\/p>\n<p>S\u00f3lo tendr\u00e1s que pagar por la p\u00e9rdida de valor de los bienes si dicha p\u00e9rdida de valor se debe a una manipulaci\u00f3n de los bienes que no sea necesaria para comprobar su estado, propiedades y funcionalidad.<\/p>\n<\/ul>\n<h2>Modelo de formulario de cancelaci\u00f3n<\/h2>\n<p>(Si deseas cancelar el contrato, rellena y devuelve este formulario).<\/p>\n<p>- Para<\/p>\n<p>pilluwear e.U, Handelskai 98a\/59, 1200 Viena, Austria, n\u00famero de tel\u00e9fono: +4367762418750, direcci\u00f3n de correo electr\u00f3nico: ruslan@pilluwear.com<\/p>\n<p>- Yo\/nosotros (*) rescindimos el contrato celebrado por m\u00ed\/nosotros (*) para la compra de los siguientes bienes (*)\/la prestaci\u00f3n del siguiente servicio (*)<\/p>\n<p>- Pedido el (*)\/recibido el (*)<\/p>\n<p>- Nombre del consumidor o consumidores<\/p>\n<p>- Direcci\u00f3n del consumidor o consumidores<\/p>\n<p>- Firma del consumidor o consumidores (s\u00f3lo para notificaciones en papel)<\/p>\n<p>- fecha<\/p>\n<p>___________<br \/>\n(*) T\u00e1chese lo que no proceda.<\/p>","protected":false},"excerpt":{"rendered":"<p>Widerrufsrecht f\u00fcr Verbraucher (Verbraucher ist jede nat\u00fcrliche Person, die ein Rechtsgesch\u00e4ft zu Zwecken abschlie\u00dft, die \u00fcberwiegend weder ihrer gewerblichen noch ihrer selbstst\u00e4ndigen beruflichen T\u00e4tigkeit zugerechnet werden kann.) Widerrufsbelehrung Widerrufsrecht Sie haben das Recht, binnen vierzehn Tagen ohne Angabe von Gr\u00fcnden diesen Vertrag zu widerrufen. Die Widerrufsfrist betr\u00e4gt vierzehn Tage ab dem Tag, an dem Sie [&hellip;]<\/p>","protected":false},"author":1,"featured_media":0,"parent":0,"menu_order":0,"comment_status":"closed","ping_status":"closed","template":"","meta":{"_uag_custom_page_level_css":"","_uf_show_specific_survey":0,"_uf_disable_surveys":false,"_themeisle_gutenberg_block_has_review":false,"footnotes":""},"class_list":["post-6123","page","type-page","status-publish","hentry"],"aioseo_notices":[],"uagb_featured_image_src":{"full":false,"thumbnail":false,"medium":false,"medium_large":false,"large":false,"1536x1536":false,"2048x2048":false,"trp-custom-language-flag":false,"woocommerce_thumbnail":false,"woocommerce_single":false,"woocommerce_gallery_thumbnail":false},"uagb_author_info":{"display_name":"pilluwear.com","author_link":"https:\/\/pilluwear.com\/es\/author\/pilluwear-com\/"},"uagb_comment_info":0,"uagb_excerpt":"Widerrufsrecht f\u00fcr Verbraucher (Verbraucher ist jede nat\u00fcrliche Person, die ein Rechtsgesch\u00e4ft zu Zwecken abschlie\u00dft, die \u00fcberwiegend weder ihrer gewerblichen noch ihrer selbstst\u00e4ndigen beruflichen T\u00e4tigkeit zugerechnet werden kann.) Widerrufsbelehrung Widerrufsrecht Sie haben das Recht, binnen vierzehn Tagen ohne Angabe von Gr\u00fcnden diesen Vertrag zu widerrufen. Die Widerrufsfrist betr\u00e4gt vierzehn Tage ab dem Tag, an dem Sie&hellip;","jetpack_sharing_enabled":true,"_links":{"self":[{"href":"https:\/\/pilluwear.com\/es\/wp-json\/wp\/v2\/pages\/6123","targetHints":{"allow":["GET"]}}],"collection":[{"href":"https:\/\/pilluwear.com\/es\/wp-json\/wp\/v2\/pages"}],"about":[{"href":"https:\/\/pilluwear.com\/es\/wp-json\/wp\/v2\/types\/page"}],"author":[{"embeddable":true,"href":"https:\/\/pilluwear.com\/es\/wp-json\/wp\/v2\/users\/1"}],"replies":[{"embeddable":true,"href":"https:\/\/pilluwear.com\/es\/wp-json\/wp\/v2\/comments?post=6123"}],"version-history":[{"count":2,"href":"https:\/\/pilluwear.com\/es\/wp-json\/wp\/v2\/pages\/6123\/revisions"}],"predecessor-version":[{"id":23766,"href":"https:\/\/pilluwear.com\/es\/wp-json\/wp\/v2\/pages\/6123\/revisions\/23766"}],"wp:attachment":[{"href":"https:\/\/pilluwear.com\/es\/wp-json\/wp\/v2\/media?parent=6123"}],"curies":[{"name":"wp","href":"https:\/\/api.w.org\/{rel}","templated":true}]}}