{"id":6122,"date":"2024-05-17T09:15:49","date_gmt":"2024-05-17T07:15:49","guid":{"rendered":"https:\/\/pilluwear.com\/agb\/"},"modified":"2024-05-19T16:21:08","modified_gmt":"2024-05-19T14:21:08","slug":"agb","status":"publish","type":"page","link":"https:\/\/pilluwear.com\/es\/agb\/","title":{"rendered":"GTC"},"content":{"rendered":"<h1>Condiciones generales<\/h1>\n<h3>\u00a7 1 Validez, definiciones de t\u00e9rminos<\/h3>\n<p>(1) Pilluwear e.U., Handelskai 98a\/59, 1200 Viena, Austria (en adelante: \"nosotros\" o \"pilluwear\") gestiona una tienda online de productos en el sitio web https:\/\/pilluwear.com. Las siguientes condiciones generales se aplican a todos los servicios entre nosotros y nuestros clientes (en adelante: \"cliente\" o \"t\u00fa\") en la versi\u00f3n v\u00e1lida en el momento del pedido, a menos que se acuerde expresamente lo contrario.<\/p>\n<p>(2) \"Consumidor\", en el sentido de las presentes Condiciones, es toda persona f\u00edsica que celebre un negocio jur\u00eddico con fines predominantemente ajenos a su actividad comercial, empresarial o profesional. \"Empresario\" es una persona f\u00edsica o jur\u00eddica o una sociedad con capacidad jur\u00eddica que, al celebrar un negocio jur\u00eddico, act\u00faa en el ejercicio de su actividad comercial o profesional independiente, entendi\u00e9ndose por sociedad con capacidad jur\u00eddica una sociedad con capacidad para adquirir derechos y contraer obligaciones.<\/p>\n<h3>\u00a7 2 Conclusi\u00f3n de los contratos, almacenamiento del texto del contrato<\/h3>\n<p>(1) Las siguientes disposiciones sobre la celebraci\u00f3n de contratos se aplican a los pedidos realizados a trav\u00e9s de nuestra tienda online en https:\/\/pilluwear.com.<\/p>\n<p>(2) Nuestras presentaciones de productos en Internet no son vinculantes y no constituyen una oferta vinculante para celebrar un contrato.<\/p>\n<p>(3) Al recibir un pedido en nuestra tienda online, se aplican las siguientes normas: El cliente presenta una oferta contractual vinculante completando con \u00e9xito el procedimiento de pedido previsto en nuestra tienda online. El pedido se realiza en los siguientes pasos:<\/p>\n<ol>\n<li>Selecci\u00f3n de la mercanc\u00eda deseada,<\/li>\n<li>A\u00f1ade los productos haciendo clic en el bot\u00f3n correspondiente (por ejemplo, \"A\u00f1adir a la cesta de la compra\", \"A\u00f1adir a la bolsa de la compra\" o similar),<\/li>\n<li>Comprueba los detalles en la cesta de la compra,<\/li>\n<li>Accede al resumen del pedido haciendo clic en el bot\u00f3n correspondiente (por ejemplo, \"Continuar con la compra\", \"Continuar con el pago\", \"Al resumen del pedido\" o similar),<\/li>\n<li>Introducci\u00f3n\/verificaci\u00f3n de la direcci\u00f3n y los datos de contacto, selecci\u00f3n del m\u00e9todo de pago, confirmaci\u00f3n de las condiciones generales y de la pol\u00edtica de cancelaci\u00f3n,<\/li>\n<li>Si la calidad acordada de la mercanc\u00eda se desv\u00eda de su calidad y condiciones de uso habituales, confirmaci\u00f3n de un acuerdo de calidad negativo,<\/li>\n<li>Conclusi\u00f3n del pedido pulsando el bot\u00f3n \"Comprar ahora\". Esto constituye tu pedido vinculante.<\/li>\n<li>El contrato se perfecciona cuando recibes de nosotros una confirmaci\u00f3n del pedido en el plazo de tres d\u00edas laborables a la direcci\u00f3n de correo electr\u00f3nico facilitada.<\/li>\n<\/ol>\n<p>(4) Si se celebra el contrato, \u00e9ste se celebra con Pilluwear e.U., Handelskai 98a\/59, 1200 Viena, Austria.<\/p>\n<p>(5) Antes de realizar el pedido, los datos del contrato pueden imprimirse o guardarse electr\u00f3nicamente mediante la funci\u00f3n de impresi\u00f3n del navegador. La tramitaci\u00f3n del pedido y la transmisi\u00f3n de toda la informaci\u00f3n necesaria en relaci\u00f3n con la celebraci\u00f3n del contrato, en particular los datos del pedido, las CGC y la pol\u00edtica de cancelaci\u00f3n, se realiza por correo electr\u00f3nico despu\u00e9s de que hayas realizado el pedido, en algunos casos de forma autom\u00e1tica. No guardamos el texto del contrato una vez celebrado.<\/p>\n<p>(6) Los errores de introducci\u00f3n pueden corregirse utilizando las funciones habituales del teclado, el rat\u00f3n y el navegador (por ejemplo, el \"bot\u00f3n atr\u00e1s\" del navegador). Tambi\u00e9n pueden corregirse cancelando prematuramente el proceso de pedido, cerrando la ventana del navegador y repitiendo el proceso.<\/p>\n<p>(7) La tramitaci\u00f3n del pedido y la transmisi\u00f3n de toda la informaci\u00f3n necesaria en relaci\u00f3n con la celebraci\u00f3n del contrato se realiza parcialmente de forma automatizada por correo electr\u00f3nico. Por lo tanto, debes asegurarte de que la direcci\u00f3n de correo electr\u00f3nico que nos has facilitado es correcta, de que la recepci\u00f3n de correos electr\u00f3nicos est\u00e1 t\u00e9cnicamente garantizada y, en particular, de que no est\u00e1 impedida por filtros de SPAM.<\/p>\n<h3>\u00a7 3 Objeto del contrato y caracter\u00edsticas esenciales de los productos<\/h3>\n<p>(1) El objeto del contrato es nuestra tienda online:<\/p>\n<ol style=\"list-style-type: lower-alpha\">\n<li>La venta de mercanc\u00edas. Los productos espec\u00edficos que se ofrecen se pueden encontrar en nuestras p\u00e1ginas de productos.<\/li>\n<\/ol>\n<p>(2) Las caracter\u00edsticas esenciales de la mercanc\u00eda se encuentran en la descripci\u00f3n del art\u00edculo. Si la calidad acordada de la mercanc\u00eda se desv\u00eda de su calidad y condiciones de uso habituales, esto se indicar\u00e1 expresamente en la descripci\u00f3n del art\u00edculo (acuerdo negativo de calidad). En la medida en que el cliente haya dado su consentimiento expreso a la desviaci\u00f3n negativa de la calidad, esto define el objeto del contrato.<\/p>\n<h3>\u00a7 4 Precios, gastos de env\u00edo y entrega<\/h3>\n<p>(1) Los precios indicados en las respectivas ofertas, as\u00ed como los gastos de env\u00edo, son precios totales e incluyen todos los componentes del precio, incluidos todos los impuestos aplicables.<\/p>\n<p>(2) El precio de compra correspondiente debe abonarse antes de la entrega del producto (pago por adelantado), a menos que ofrezcamos expresamente la compra a cuenta. Los m\u00e9todos de pago disponibles para ti se muestran en un bot\u00f3n con la etiqueta correspondiente en la tienda online o en la oferta respectiva. Salvo que se indique lo contrario para los distintos m\u00e9todos de pago, las solicitudes de pago deben abonarse inmediatamente.<\/p>\n<p>(3) Adem\u00e1s de los precios indicados, puede haber gastos de env\u00edo para la entrega de los productos, a menos que el art\u00edculo correspondiente est\u00e9 etiquetado como libre de gastos de env\u00edo. Los gastos de env\u00edo se te volver\u00e1n a comunicar claramente en las ofertas, si procede en el sistema de cesta de la compra y en el resumen del pedido.<\/p>\n<p>(4) Todos los productos ofrecidos suelen procesarse en un plazo de 3 a 7 d\u00edas, tras lo cual se env\u00edan. Plazo de entrega:<\/p>\n<p>El plazo de entrega depende de tu ubicaci\u00f3n y se estima como sigue:<\/p>\n<ul>\n<li>Europa: 6 - 8 d\u00edas laborables<\/li>\n<li>EE.UU.: 3 - 4 d\u00edas laborables<\/li>\n<li>Australia: 2 - 14 d\u00edas laborables<\/li>\n<li>Jap\u00f3n: 4 - 8 d\u00edas laborables<\/li>\n<li>Internacional: 10 - 20 d\u00edas laborables<\/li>\n<\/ul>\n<p>(5) Se aplican las siguientes restricciones de zona de entrega: La entrega se realiza en los siguientes pa\u00edses: Alemania, Austria, B\u00e9lgica, Bulgaria, Chipre, Dinamarca, Eslovaquia, Eslovenia, Espa\u00f1a, Estonia, Finlandia, Francia, Grecia, Croacia, Hungr\u00eda, Irlanda, Italia, Lituania, Luxemburgo, Letonia, Malta, Pa\u00edses Bajos, Polonia, Portugal, Rep\u00fablica Checa, Ruman\u00eda, Suecia.<\/p>\n<h3>\u00a7 5 Derecho de retorno<\/h3>\n<p>(1) Colaboramos con un proveedor de impresi\u00f3n bajo demanda que produce primero los art\u00edculos,<br \/>\ncuando se encarguen. Para evitar la sobreproducci\u00f3n, te rogamos que nos env\u00edes el medioambiental<br \/>\ny no pedir productos innecesarios.<br \/>\nSi hay alg\u00fan problema con tu pedido, puedes cancelarlo en un plazo de 14 d\u00edas.<br \/>\nser devuelto. Por favor, av\u00edsanos si hay alg\u00fan problema con tu pedido o si deseas devolverlo.<br \/>\nno est\u00e1s satisfecho poni\u00e9ndote en contacto con nosotros en ruslan@pilluwear.com.<\/p>\n<h3>\u00a7 6 Derecho de retenci\u00f3n, reserva de dominio<\/h3>\n<p>(1) S\u00f3lo podr\u00e1s ejercer un derecho de retenci\u00f3n en la medida en que se refiera a reclamaciones derivadas de la misma relaci\u00f3n contractual.<\/p>\n<p>(2) La mercanc\u00eda seguir\u00e1 siendo de nuestra propiedad hasta el pago \u00edntegro del precio de compra.<\/p>\n<h3>\u00a7 7 Derecho de cancelaci\u00f3n<\/h3>\n<p>Como consumidor, tienes derecho de cancelaci\u00f3n. Esto se basa en nuestro <a href=\"https:\/\/pilluwear.com\/es\/politica-de-cancelacion\/\">Pol\u00edtica de cancelaci\u00f3n<\/a>.<\/p>\n<h3>\u00a7 8 Lenguaje contractual<\/h3>\n<p>El idioma del contrato es exclusivamente el alem\u00e1n.<\/p>\n<h3>\u00a7 9 Responsabilidad<\/h3>\n<p>(1) Sujeto a las siguientes excepciones, nuestra responsabilidad por incumplimientos contractuales y por actos no autorizados se limita a dolo o negligencia grave.<\/p>\n<p>(2) Seremos responsables sin limitaci\u00f3n en caso de negligencia leve en caso de lesi\u00f3n de la vida, la integridad f\u00edsica o la salud o en caso de incumplimiento de una obligaci\u00f3n contractual material. Si incurrimos en demora en el cumplimiento por negligencia leve, si el cumplimiento se ha hecho imposible o si hemos incumplido una obligaci\u00f3n contractual material, la responsabilidad por los da\u00f1os materiales y las p\u00e9rdidas econ\u00f3micas resultantes se limitar\u00e1 al importe de los da\u00f1os. <strong>da\u00f1os previsibles t\u00edpicos del contrato<\/strong> limitada. Una obligaci\u00f3n contractual sustancial es aquella cuyo cumplimiento es esencial para la correcta ejecuci\u00f3n del contrato, cuyo incumplimiento pone en peligro la consecuci\u00f3n del objeto del contrato y en cuyo cumplimiento puedes confiar regularmente. Esto incluye, en particular, nuestra obligaci\u00f3n de actuar y cumplir el servicio contractualmente debido, que se describe en el \u00a7 3.<\/p>\n<h3>\u00a7 10 Garant\u00eda<\/h3>\n<p>(1) La garant\u00eda se regir\u00e1 por las disposiciones legales.<\/p>\n<p>(2) El periodo de garant\u00eda de los bienes entregados a los empresarios es de 12 meses.<\/p>\n<p>(3) Como consumidor, se te pide que compruebes el art\u00edculo\/mercanc\u00eda digital o el servicio prestado inmediatamente despu\u00e9s del cumplimiento del contrato en cuanto a integridad, defectos evidentes y da\u00f1os de transporte, y que nos notifiques a nosotros y al transportista cualquier queja lo antes posible. Si no lo haces, ello no afectar\u00e1, por supuesto, a tus derechos de garant\u00eda legales.<\/p>\n<h3>\u00a7 11 Disposiciones finales\/resoluci\u00f3n de litigios<\/h3>\n<p>(1) Se aplicar\u00e1 la legislaci\u00f3n alemana. En el caso de los consumidores, esta elecci\u00f3n de ley s\u00f3lo se aplicar\u00e1 en la medida en que no se suprima la protecci\u00f3n que ofrecen las disposiciones imperativas de la ley del estado de residencia habitual del consumidor (principio de favorabilidad).<\/p>\n<p>(2) No se aplicar\u00e1n expresamente las disposiciones de la Convenci\u00f3n de las Naciones Unidas sobre los Contratos de Compraventa Internacional de Mercader\u00edas.<\/p>\n<p>(3) Si el cliente es un comerciante, una persona jur\u00eddica de derecho p\u00fablico o un patrimonio especial de derecho p\u00fablico, el fuero competente para todos los litigios derivados de las relaciones contractuales entre el cliente y el proveedor es el domicilio social del proveedor.<\/p>\n<p>(4)\n\nNo estamos obligados ni dispuestos a participar en procedimientos de resoluci\u00f3n de conflictos ante una junta de arbitraje de consumo.<\/p>","protected":false},"excerpt":{"rendered":"<p>Allgemeine Gesch\u00e4ftsbedingungen \u00a7 1 Geltung, Begriffsdefinitionen (1) Pilluwear e.U., Handelskai 98a\/59, 1200 Wien, \u00d6sterreich (im Folgenden: \u201ewir\u201c oder \u201epilluwear\u201c) betreibt unter der Webseite https:\/\/pilluwear.com einen Online-Shop f\u00fcr Waren. Die nachfolgenden allgemeinen Gesch\u00e4ftsbedingungen gelten f\u00fcr alle Leistungen zwischen uns und unseren Kunden (im Folgenden: \u201eKunde\u201c oder \u201eSie\u201c) in ihrer zum Zeitpunkt der Bestellung g\u00fcltigen Fassung, soweit [&hellip;]<\/p>","protected":false},"author":1,"featured_media":0,"parent":0,"menu_order":0,"comment_status":"closed","ping_status":"closed","template":"","meta":{"_uag_custom_page_level_css":"","_uf_show_specific_survey":0,"_uf_disable_surveys":false,"_themeisle_gutenberg_block_has_review":false,"footnotes":""},"class_list":["post-6122","page","type-page","status-publish","hentry"],"aioseo_notices":[],"uagb_featured_image_src":{"full":false,"thumbnail":false,"medium":false,"medium_large":false,"large":false,"1536x1536":false,"2048x2048":false,"trp-custom-language-flag":false,"woocommerce_thumbnail":false,"woocommerce_single":false,"woocommerce_gallery_thumbnail":false},"uagb_author_info":{"display_name":"pilluwear.com","author_link":"https:\/\/pilluwear.com\/es\/author\/pilluwear-com\/"},"uagb_comment_info":0,"uagb_excerpt":"Allgemeine Gesch\u00e4ftsbedingungen \u00a7 1 Geltung, Begriffsdefinitionen (1) Pilluwear e.U., Handelskai 98a\/59, 1200 Wien, \u00d6sterreich (im Folgenden: \u201ewir\u201c oder \u201epilluwear\u201c) betreibt unter der Webseite https:\/\/pilluwear.com einen Online-Shop f\u00fcr Waren. Die nachfolgenden allgemeinen Gesch\u00e4ftsbedingungen gelten f\u00fcr alle Leistungen zwischen uns und unseren Kunden (im Folgenden: \u201eKunde\u201c oder \u201eSie\u201c) in ihrer zum Zeitpunkt der Bestellung g\u00fcltigen Fassung, soweit&hellip;","jetpack_sharing_enabled":true,"_links":{"self":[{"href":"https:\/\/pilluwear.com\/es\/wp-json\/wp\/v2\/pages\/6122","targetHints":{"allow":["GET"]}}],"collection":[{"href":"https:\/\/pilluwear.com\/es\/wp-json\/wp\/v2\/pages"}],"about":[{"href":"https:\/\/pilluwear.com\/es\/wp-json\/wp\/v2\/types\/page"}],"author":[{"embeddable":true,"href":"https:\/\/pilluwear.com\/es\/wp-json\/wp\/v2\/users\/1"}],"replies":[{"embeddable":true,"href":"https:\/\/pilluwear.com\/es\/wp-json\/wp\/v2\/comments?post=6122"}],"version-history":[{"count":4,"href":"https:\/\/pilluwear.com\/es\/wp-json\/wp\/v2\/pages\/6122\/revisions"}],"predecessor-version":[{"id":15940,"href":"https:\/\/pilluwear.com\/es\/wp-json\/wp\/v2\/pages\/6122\/revisions\/15940"}],"wp:attachment":[{"href":"https:\/\/pilluwear.com\/es\/wp-json\/wp\/v2\/media?parent=6122"}],"curies":[{"name":"wp","href":"https:\/\/api.w.org\/{rel}","templated":true}]}}