{"id":23468,"date":"2024-11-07T17:11:24","date_gmt":"2024-11-07T16:11:24","guid":{"rendered":"https:\/\/pilluwear.com\/produkt\/engineer-unisex-premium-pullover\/"},"modified":"2024-11-07T17:15:38","modified_gmt":"2024-11-07T16:15:38","slug":"engineer-unisex-premium-pullover","status":"publish","type":"product","link":"https:\/\/pilluwear.com\/en\/product\/engineer-unisex-premium-pullover\/","title":{"rendered":"Engineer - Unisex premium jumper"},"content":{"rendered":"<p>The classic sweatshirt shape with a ribbed round neckline, long cuffs and a flat hem. You can mix and match it or wear it on its own for a trendy streetwear look. The soft fleece inside and comfortable fit will make it your favourite everyday jumper!<\/p>\n<p>- Top side 100% cotton<br \/>\n- 65% cotton, 35% polyester<br \/>\n- Charcoal Heather: 55% cotton, 45% polyester<br \/>\n- Fabric weight: 288.2 g\/m\u00b2 (8.5 oz\/y\u00b2)<br \/>\n- Tightly knitted 3-end fleece <br \/>\n- Side-stitched design<br \/>\n- Self-knitted patch on the back<br \/>\n- Double-stitched ribbed collar, cuffs and hem<br \/>\n- Blank from Pakistan <\/p>\n<p>Disclaimer: This sweatshirt is cut small. For a perfect fit, we recommend ordering one size larger than your usual size.<\/p>\n<p>- Traceability:<br \/>\n- Weaving - Pakistan<br \/>\n- Colouring - Pakistan<br \/>\n- Production - Pakistan<br \/>\n- Contains 0 % recycled polyester<br \/>\n- Contains 0 % hazardous substances<\/p>","protected":false},"excerpt":{"rendered":"<p>The classic sweatshirt shape with a ribbed round neckline, long cuffs and a flat hem. You can mix and match it or wear it on its own for a trendy streetwear look. The soft fleece inside and comfortable fit will make it your favourite everyday jumper! - Top 100% cotton - 65% cotton, 35% polyester - Charcoal Heather: 55% cotton, 45% polyester - [...]<\/p>","protected":false},"featured_media":23519,"comment_status":"open","ping_status":"closed","template":"","meta":{"_uag_custom_page_level_css":"","_uf_show_specific_survey":0,"_uf_disable_surveys":false,"_themeisle_gutenberg_block_has_review":false},"product_brand":[],"product_cat":[122],"product_tag":[],"class_list":{"0":"post-23468","1":"product","2":"type-product","3":"status-publish","4":"has-post-thumbnail","6":"product_cat-kollektionen","7":"pa_farbe-carbon-grey","8":"pa_farbe-charcoal-heather","9":"pa_farbe-dusty-rose","10":"pa_farbe-navy-blazer","11":"pa_farbe-schwarz","12":"pa_farbe-team-royal","13":"pa_farbe-waldgruen","14":"pa_farbe-weiss","15":"pa_grosse-2xl","16":"pa_grosse-3xl","17":"pa_grosse-l","18":"pa_grosse-m","19":"pa_grosse-s","20":"pa_grosse-xl","22":"first","23":"instock","24":"taxable","25":"shipping-taxable","26":"purchasable","27":"product-type-variable"},"aioseo_notices":[],"uagb_featured_image_src":{"full":["https:\/\/i0.wp.com\/pilluwear.com\/wp-content\/uploads\/2024\/11\/unisex-premium-sweatshirt-forest-green-front-672ce68571011.jpg?fit=2000%2C2000&ssl=1",2000,2000,false],"thumbnail":["https:\/\/i0.wp.com\/pilluwear.com\/wp-content\/uploads\/2024\/11\/unisex-premium-sweatshirt-forest-green-front-672ce68571011.jpg?resize=150%2C150&ssl=1",150,150,true],"medium":["https:\/\/i0.wp.com\/pilluwear.com\/wp-content\/uploads\/2024\/11\/unisex-premium-sweatshirt-forest-green-front-672ce68571011.jpg?fit=300%2C300&ssl=1",300,300,true],"medium_large":["https:\/\/i0.wp.com\/pilluwear.com\/wp-content\/uploads\/2024\/11\/unisex-premium-sweatshirt-forest-green-front-672ce68571011.jpg?fit=768%2C768&ssl=1",768,768,true],"large":["https:\/\/i0.wp.com\/pilluwear.com\/wp-content\/uploads\/2024\/11\/unisex-premium-sweatshirt-forest-green-front-672ce68571011.jpg?fit=1024%2C1024&ssl=1",1024,1024,true],"1536x1536":["https:\/\/i0.wp.com\/pilluwear.com\/wp-content\/uploads\/2024\/11\/unisex-premium-sweatshirt-forest-green-front-672ce68571011.jpg?fit=1536%2C1536&ssl=1",1536,1536,true],"2048x2048":["https:\/\/i0.wp.com\/pilluwear.com\/wp-content\/uploads\/2024\/11\/unisex-premium-sweatshirt-forest-green-front-672ce68571011.jpg?fit=2000%2C2000&ssl=1",2000,2000,true],"trp-custom-language-flag":["https:\/\/i0.wp.com\/pilluwear.com\/wp-content\/uploads\/2024\/11\/unisex-premium-sweatshirt-forest-green-front-672ce68571011.jpg?fit=12%2C12&ssl=1",12,12,true],"woocommerce_thumbnail":["https:\/\/i0.wp.com\/pilluwear.com\/wp-content\/uploads\/2024\/11\/unisex-premium-sweatshirt-forest-green-front-672ce68571011.jpg?resize=300%2C300&ssl=1",300,300,true],"woocommerce_single":["https:\/\/i0.wp.com\/pilluwear.com\/wp-content\/uploads\/2024\/11\/unisex-premium-sweatshirt-forest-green-front-672ce68571011.jpg?fit=600%2C600&ssl=1",600,600,true],"woocommerce_gallery_thumbnail":["https:\/\/i0.wp.com\/pilluwear.com\/wp-content\/uploads\/2024\/11\/unisex-premium-sweatshirt-forest-green-front-672ce68571011.jpg?resize=100%2C100&ssl=1",100,100,true]},"uagb_author_info":{"display_name":"pilluwear.com","author_link":"https:\/\/pilluwear.com\/en\/author\/"},"uagb_comment_info":0,"uagb_excerpt":"Die klassische Sweatshirtform mit geripptem Rundhalsausschnitt, langen \u00c4rmelb\u00fcndchen und einem flachen Saum. Du kannst es kombinieren oder als Einzelst\u00fcck f\u00fcr einen angesagten Streetwear-Look verwenden. Die weiche Fleece-Innenseite und die bequeme Passform machen es zu deinem Lieblingspulli im Alltag! \u2022 Oberseite 100% Baumwolle \u2022 65% Baumwolle, 35% Polyester \u2022 Charcoal Heather: 55% Baumwolle, 45% Polyester \u2022&hellip;","jetpack_sharing_enabled":true,"_links":{"self":[{"href":"https:\/\/pilluwear.com\/en\/wp-json\/wp\/v2\/product\/23468","targetHints":{"allow":["GET"]}}],"collection":[{"href":"https:\/\/pilluwear.com\/en\/wp-json\/wp\/v2\/product"}],"about":[{"href":"https:\/\/pilluwear.com\/en\/wp-json\/wp\/v2\/types\/product"}],"replies":[{"embeddable":true,"href":"https:\/\/pilluwear.com\/en\/wp-json\/wp\/v2\/comments?post=23468"}],"wp:featuredmedia":[{"embeddable":true,"href":"https:\/\/pilluwear.com\/en\/wp-json\/wp\/v2\/media\/23519"}],"wp:attachment":[{"href":"https:\/\/pilluwear.com\/en\/wp-json\/wp\/v2\/media?parent=23468"}],"wp:term":[{"taxonomy":"product_brand","embeddable":true,"href":"https:\/\/pilluwear.com\/en\/wp-json\/wp\/v2\/product_brand?post=23468"},{"taxonomy":"product_cat","embeddable":true,"href":"https:\/\/pilluwear.com\/en\/wp-json\/wp\/v2\/product_cat?post=23468"},{"taxonomy":"product_tag","embeddable":true,"href":"https:\/\/pilluwear.com\/en\/wp-json\/wp\/v2\/product_tag?post=23468"}],"curies":[{"name":"wp","href":"https:\/\/api.w.org\/{rel}","templated":true}]}}