{"id":23401,"date":"2024-11-07T15:09:52","date_gmt":"2024-11-07T14:09:52","guid":{"rendered":"https:\/\/pilluwear.com\/produkt\/skier-unisex-bio-pullover-2\/"},"modified":"2024-11-07T15:13:31","modified_gmt":"2024-11-07T14:13:31","slug":"%cf%83%ce%ba%ce%b9%ce%ad%cf%81-unisex-%ce%bf%cf%81%ce%b3%ce%b1%ce%bd%ce%b9%ce%ba%cf%8c-%cf%80%ce%bf%cf%85%ce%bb%cf%8c%ce%b2%ce%b5%cf%81-2","status":"publish","type":"product","link":"https:\/\/pilluwear.com\/el\/%cf%80%cf%81%ce%bf%cf%8a%cf%8c%ce%bd\/%cf%83%ce%ba%ce%b9%ce%ad%cf%81-unisex-%ce%bf%cf%81%ce%b3%ce%b1%ce%bd%ce%b9%ce%ba%cf%8c-%cf%80%ce%bf%cf%85%ce%bb%cf%8c%ce%b2%ce%b5%cf%81-2\/","title":{"rendered":"Skier - Unisex \u03bf\u03c1\u03b3\u03b1\u03bd\u03b9\u03ba\u03cc \u03c0\u03bf\u03c5\u03bb\u03cc\u03b2\u03b5\u03c1"},"content":{"rendered":"<p>\u0391\u03c5\u03c4\u03cc \u03c4\u03bf \u03b2\u03b9\u03bf\u03bb\u03bf\u03b3\u03b9\u03ba\u03cc \u03c0\u03bf\u03c5\u03bb\u03cc\u03b2\u03b5\u03c1 unisex \u03b5\u03af\u03bd\u03b1\u03b9 \u03ba\u03b1\u03c4\u03b1\u03c3\u03ba\u03b5\u03c5\u03b1\u03c3\u03bc\u03ad\u03bd\u03bf \u03b1\u03c0\u03cc \u03b2\u03b9\u03bf\u03bb\u03bf\u03b3\u03b9\u03ba\u03ac \u03ba\u03b1\u03b9 \u03b1\u03bd\u03b1\u03ba\u03c5\u03ba\u03bb\u03c9\u03bc\u03ad\u03bd\u03b1 \u03c5\u03bb\u03b9\u03ba\u03ac \u03ba\u03b1\u03b9 \u03b5\u03af\u03bd\u03b1\u03b9 \u03bc\u03b1\u03bb\u03b1\u03ba\u03cc \u03ba\u03b1\u03b9 \u03ac\u03bd\u03b5\u03c4\u03bf. \u0394\u03b9\u03b1\u03b8\u03ad\u03c4\u03b5\u03b9 \u03bc\u03b1\u03bd\u03af\u03ba\u03b9\u03b1 \u03bc\u03b5 \u03b5\u03bd\u03c3\u03c9\u03bc\u03b1\u03c4\u03c9\u03bc\u03ad\u03bd\u03b1 \u03bc\u03b1\u03bd\u03af\u03ba\u03b9\u03b1, \u03c1\u03b1\u03b2\u03b4\u03ce\u03c3\u03b5\u03b9\u03c2 2\u00d72 \u03c3\u03c4\u03bf \u03b3\u03b9\u03b1\u03ba\u03ac \u03ba\u03b1\u03b9 \u03b1\u03c5\u03c4\u03bf\u03ba\u03cc\u03bb\u03bb\u03b7\u03c4\u03b7 \u03c4\u03b1\u03b9\u03bd\u03af\u03b1 \u03c3\u03c4\u03bf \u03bb\u03b1\u03b9\u03bc\u03cc. \u03a0\u03b1\u03c1\u03b1\u03b3\u03b3\u03b5\u03af\u03bb\u03c4\u03b5 \u03c4\u03bf \u03b5\u03c0\u03cc\u03bc\u03b5\u03bd\u03bf \u03b1\u03b3\u03b1\u03c0\u03b7\u03bc\u03ad\u03bd\u03bf \u03c3\u03b1\u03c2 \u03bf\u03b9\u03ba\u03bf\u03bb\u03bf\u03b3\u03b9\u03ba\u03cc \u03ba\u03bf\u03bc\u03bc\u03ac\u03c4\u03b9 \u03ba\u03b1\u03b9 \u03ba\u03b1\u03c4\u03b1\u03ba\u03c4\u03ae\u03c3\u03c4\u03b5 \u03c4\u03bf\u03c5\u03c2 \u03b4\u03c1\u03cc\u03bc\u03bf\u03c5\u03c2 \u03bc\u03b5 \u03c3\u03c4\u03c5\u03bb!<\/p>\n<p>- 80% \u03bf\u03c1\u03b3\u03b1\u03bd\u03b9\u03ba\u03cc \u03b2\u03b1\u03bc\u03b2\u03ac\u03ba\u03b9, 20% \u03b1\u03bd\u03b1\u03ba\u03c5\u03ba\u03bb\u03c9\u03bc\u03ad\u03bd\u03bf\u03c2 \u03c0\u03bf\u03bb\u03c5\u03b5\u03c3\u03c4\u03ad\u03c1\u03b1\u03c2<br \/>\n- \u0395\u03be\u03c9\u03c4\u03b5\u03c1\u03b9\u03ba\u03cc 100% \u03bf\u03c1\u03b3\u03b1\u03bd\u03b9\u03ba\u03cc \u03b2\u03b1\u03bc\u03b2\u03ac\u03ba\u03b9<br \/>\n- \u0393\u03b1\u03bb\u03bb\u03b9\u03ba\u03ae \u03c0\u03b5\u03c4\u03c3\u03b5\u03c4\u03ad \u03c0\u03bb\u03ad\u03be\u03b7 <br \/>\n- \u039c\u03b1\u03bd\u03af\u03ba\u03b9\u03b1 \u03bc\u03b5 \u03b4\u03c5\u03bd\u03b1\u03c4\u03cc\u03c4\u03b7\u03c4\u03b1 \u03c4\u03bf\u03c0\u03bf\u03b8\u03ad\u03c4\u03b7\u03c3\u03b7\u03c2<br \/>\n- 2\u00d72 \u03c0\u03bb\u03b5\u03c5\u03c1\u03ad\u03c2 \u03c3\u03c4\u03bf \u03ba\u03bf\u03bb\u03ac\u03c1\u03bf<br \/>\n- \u0391\u03c5\u03c4\u03bf\u03ba\u03cc\u03bb\u03bb\u03b7\u03c4\u03b7 \u03c4\u03b1\u03b9\u03bd\u03af\u03b1 \u03bb\u03b1\u03b9\u03bc\u03bf\u03cd<br \/>\n- \u039a\u03b5\u03bd\u03cc \u03b1\u03c0\u03cc \u03c4\u03bf \u039c\u03c0\u03b1\u03b3\u03ba\u03bb\u03b1\u03bd\u03c4\u03ad\u03c2<\/p>\n<p>\u0391\u03c0\u03bf\u03c0\u03bf\u03af\u03b7\u03c3\u03b7 \u03b5\u03c5\u03b8\u03c5\u03bd\u03ce\u03bd: \u039f\u03b9 \u03c0\u03b5\u03bb\u03ac\u03c4\u03b5\u03c2 \u03c4\u03c9\u03bd \u0397\u03a0\u0391 \u03b8\u03b1 \u03c0\u03c1\u03ad\u03c0\u03b5\u03b9 \u03bd\u03b1 \u03c0\u03b1\u03c1\u03b1\u03b3\u03b3\u03b5\u03af\u03bb\u03bf\u03c5\u03bd \u03ad\u03bd\u03b1 \u03bd\u03bf\u03cd\u03bc\u03b5\u03c1\u03bf \u03bc\u03b5\u03b3\u03b1\u03bb\u03cd\u03c4\u03b5\u03c1\u03bf, \u03ba\u03b1\u03b8\u03ce\u03c2 \u03c4\u03b1 \u03bc\u03b5\u03b3\u03ad\u03b8\u03b7 \u0395\u0395 \u03b1\u03c5\u03c4\u03bf\u03cd \u03c4\u03bf\u03c5 \u03c0\u03c1\u03bf\u03bc\u03b7\u03b8\u03b5\u03c5\u03c4\u03ae \u03b1\u03bd\u03c4\u03b9\u03c3\u03c4\u03bf\u03b9\u03c7\u03bf\u03cd\u03bd \u03c3\u03b5 \u03bc\u03b9\u03ba\u03c1\u03cc\u03c4\u03b5\u03c1\u03bf \u03bc\u03ad\u03b3\u03b5\u03b8\u03bf\u03c2 \u03c3\u03c4\u03b9\u03c2 \u0397\u03a0\u0391.<\/p>","protected":false},"excerpt":{"rendered":"<p>\u0391\u03c5\u03c4\u03cc \u03c4\u03bf \u03b2\u03b9\u03bf\u03bb\u03bf\u03b3\u03b9\u03ba\u03cc \u03c0\u03bf\u03c5\u03bb\u03cc\u03b2\u03b5\u03c1 unisex \u03b5\u03af\u03bd\u03b1\u03b9 \u03ba\u03b1\u03c4\u03b1\u03c3\u03ba\u03b5\u03c5\u03b1\u03c3\u03bc\u03ad\u03bd\u03bf \u03b1\u03c0\u03cc \u03b2\u03b9\u03bf\u03bb\u03bf\u03b3\u03b9\u03ba\u03ac \u03ba\u03b1\u03b9 \u03b1\u03bd\u03b1\u03ba\u03c5\u03ba\u03bb\u03c9\u03bc\u03ad\u03bd\u03b1 \u03c5\u03bb\u03b9\u03ba\u03ac \u03ba\u03b1\u03b9 \u03b5\u03af\u03bd\u03b1\u03b9 \u03bc\u03b1\u03bb\u03b1\u03ba\u03cc \u03ba\u03b1\u03b9 \u03ac\u03bd\u03b5\u03c4\u03bf. \u0394\u03b9\u03b1\u03b8\u03ad\u03c4\u03b5\u03b9 \u03bc\u03b1\u03bd\u03af\u03ba\u03b9\u03b1 \u03bc\u03b5 \u03b5\u03bd\u03c3\u03c9\u03bc\u03b1\u03c4\u03c9\u03bc\u03ad\u03bd\u03b1 \u03bc\u03b1\u03bd\u03af\u03ba\u03b9\u03b1, \u03c1\u03b1\u03b2\u03b4\u03ce\u03c3\u03b5\u03b9\u03c2 2\u00d72 \u03c3\u03c4\u03bf \u03b3\u03b9\u03b1\u03ba\u03ac \u03ba\u03b1\u03b9 \u03b1\u03c5\u03c4\u03bf\u03ba\u03cc\u03bb\u03bb\u03b7\u03c4\u03b7 \u03c4\u03b1\u03b9\u03bd\u03af\u03b1 \u03c3\u03c4\u03bf \u03bb\u03b1\u03b9\u03bc\u03cc. \u03a0\u03b1\u03c1\u03b1\u03b3\u03b3\u03b5\u03af\u03bb\u03c4\u03b5 \u03c4\u03bf \u03b5\u03c0\u03cc\u03bc\u03b5\u03bd\u03bf \u03b1\u03b3\u03b1\u03c0\u03b7\u03bc\u03ad\u03bd\u03bf \u03c3\u03b1\u03c2 \u03bf\u03b9\u03ba\u03bf\u03bb\u03bf\u03b3\u03b9\u03ba\u03cc \u03ba\u03bf\u03bc\u03bc\u03ac\u03c4\u03b9 \u03ba\u03b1\u03b9 \u03ba\u03b1\u03c4\u03b1\u03ba\u03c4\u03ae\u03c3\u03c4\u03b5 \u03c4\u03bf\u03c5\u03c2 \u03b4\u03c1\u03cc\u03bc\u03bf\u03c5\u03c2 \u03bc\u03b5 \u03c3\u03c4\u03c5\u03bb! - 80% \u03bf\u03c1\u03b3\u03b1\u03bd\u03b9\u03ba\u03cc \u03b2\u03b1\u03bc\u03b2\u03ac\u03ba\u03b9, 20% \u03b1\u03bd\u03b1\u03ba\u03c5\u03ba\u03bb\u03c9\u03bc\u03ad\u03bd\u03bf\u03c2 \u03c0\u03bf\u03bb\u03c5\u03b5\u03c3\u03c4\u03ad\u03c1\u03b1\u03c2 - 100% \u03bf\u03c1\u03b3\u03b1\u03bd\u03b9\u03ba\u03cc \u03b2\u03b1\u03bc\u03b2\u03ac\u03ba\u03b9 \u03b5\u03be\u03c9\u03c4\u03b5\u03c1\u03b9\u03ba\u03ac - \u03a0\u03bb\u03b5\u03ba\u03c4\u03cc \u03b1\u03c0\u03cc \u03b3\u03b1\u03bb\u03bb\u03b9\u03ba\u03ae \u03c0\u03b5\u03c4\u03c3\u03b5\u03c4\u03ad - \u039c\u03b1\u03bd\u03af\u03ba\u03b9\u03b1 set-in [...]<\/p>","protected":false},"featured_media":23439,"comment_status":"open","ping_status":"closed","template":"","meta":{"_uag_custom_page_level_css":"","_uf_show_specific_survey":0,"_uf_disable_surveys":false,"_themeisle_gutenberg_block_has_review":false},"product_brand":[],"product_cat":[122,282],"product_tag":[],"class_list":{"0":"post-23401","1":"product","2":"type-product","3":"status-publish","4":"has-post-thumbnail","6":"product_cat-kollektionen","7":"product_cat-skier","8":"pa_farbe-bottle-green","9":"pa_farbe-deep-charcoal-grey","10":"pa_farbe-french-navy","11":"pa_farbe-grey-melange","12":"pa_farbe-koenigsblau","13":"pa_farbe-schwarz","14":"pa_farbe-weiss","15":"pa_grosse-l","16":"pa_grosse-m","17":"pa_grosse-s","18":"pa_grosse-xl","19":"pa_grosse-xxl","21":"first","22":"instock","23":"taxable","24":"shipping-taxable","25":"purchasable","26":"product-type-variable"},"aioseo_notices":[],"uagb_featured_image_src":{"full":["https:\/\/i0.wp.com\/pilluwear.com\/wp-content\/uploads\/2024\/11\/unisex-organic-sweatshirt-royal-blue-front-672cc68952e0e.jpg?fit=2000%2C2000&ssl=1",2000,2000,false],"thumbnail":["https:\/\/i0.wp.com\/pilluwear.com\/wp-content\/uploads\/2024\/11\/unisex-organic-sweatshirt-royal-blue-front-672cc68952e0e.jpg?resize=150%2C150&ssl=1",150,150,true],"medium":["https:\/\/i0.wp.com\/pilluwear.com\/wp-content\/uploads\/2024\/11\/unisex-organic-sweatshirt-royal-blue-front-672cc68952e0e.jpg?fit=300%2C300&ssl=1",300,300,true],"medium_large":["https:\/\/i0.wp.com\/pilluwear.com\/wp-content\/uploads\/2024\/11\/unisex-organic-sweatshirt-royal-blue-front-672cc68952e0e.jpg?fit=768%2C768&ssl=1",768,768,true],"large":["https:\/\/i0.wp.com\/pilluwear.com\/wp-content\/uploads\/2024\/11\/unisex-organic-sweatshirt-royal-blue-front-672cc68952e0e.jpg?fit=1024%2C1024&ssl=1",1024,1024,true],"1536x1536":["https:\/\/i0.wp.com\/pilluwear.com\/wp-content\/uploads\/2024\/11\/unisex-organic-sweatshirt-royal-blue-front-672cc68952e0e.jpg?fit=1536%2C1536&ssl=1",1536,1536,true],"2048x2048":["https:\/\/i0.wp.com\/pilluwear.com\/wp-content\/uploads\/2024\/11\/unisex-organic-sweatshirt-royal-blue-front-672cc68952e0e.jpg?fit=2000%2C2000&ssl=1",2000,2000,true],"trp-custom-language-flag":["https:\/\/i0.wp.com\/pilluwear.com\/wp-content\/uploads\/2024\/11\/unisex-organic-sweatshirt-royal-blue-front-672cc68952e0e.jpg?fit=12%2C12&ssl=1",12,12,true],"woocommerce_thumbnail":["https:\/\/i0.wp.com\/pilluwear.com\/wp-content\/uploads\/2024\/11\/unisex-organic-sweatshirt-royal-blue-front-672cc68952e0e.jpg?resize=300%2C300&ssl=1",300,300,true],"woocommerce_single":["https:\/\/i0.wp.com\/pilluwear.com\/wp-content\/uploads\/2024\/11\/unisex-organic-sweatshirt-royal-blue-front-672cc68952e0e.jpg?fit=600%2C600&ssl=1",600,600,true],"woocommerce_gallery_thumbnail":["https:\/\/i0.wp.com\/pilluwear.com\/wp-content\/uploads\/2024\/11\/unisex-organic-sweatshirt-royal-blue-front-672cc68952e0e.jpg?resize=100%2C100&ssl=1",100,100,true]},"uagb_author_info":{"display_name":"pilluwear.com","author_link":"https:\/\/pilluwear.com\/el\/author\/"},"uagb_comment_info":0,"uagb_excerpt":"Dieser Unisex-Bio-Pullover besteht aus biologischen und recycelten Materialien und f\u00fchlt sich weich und kuschelig an. Es hat eingelassene \u00c4rmel, 2\u00d72 Rippen am Kragen und ein Nackenband aus Eigengewebe. Bestelle dein n\u00e4chstes umweltfreundliches Lieblingsteil und erobere die Stra\u00dfen mit Stil! \u2022 80% Bio-Baumwolle, 20% recyceltes Polyester \u2022 Au\u00dfen 100% Bio-Baumwolle \u2022 Franz\u00f6sischer Frotteestrick \u2022 Eingelassene \u00c4rmel&hellip;","jetpack_sharing_enabled":true,"_links":{"self":[{"href":"https:\/\/pilluwear.com\/el\/wp-json\/wp\/v2\/product\/23401","targetHints":{"allow":["GET"]}}],"collection":[{"href":"https:\/\/pilluwear.com\/el\/wp-json\/wp\/v2\/product"}],"about":[{"href":"https:\/\/pilluwear.com\/el\/wp-json\/wp\/v2\/types\/product"}],"replies":[{"embeddable":true,"href":"https:\/\/pilluwear.com\/el\/wp-json\/wp\/v2\/comments?post=23401"}],"wp:featuredmedia":[{"embeddable":true,"href":"https:\/\/pilluwear.com\/el\/wp-json\/wp\/v2\/media\/23439"}],"wp:attachment":[{"href":"https:\/\/pilluwear.com\/el\/wp-json\/wp\/v2\/media?parent=23401"}],"wp:term":[{"taxonomy":"product_brand","embeddable":true,"href":"https:\/\/pilluwear.com\/el\/wp-json\/wp\/v2\/product_brand?post=23401"},{"taxonomy":"product_cat","embeddable":true,"href":"https:\/\/pilluwear.com\/el\/wp-json\/wp\/v2\/product_cat?post=23401"},{"taxonomy":"product_tag","embeddable":true,"href":"https:\/\/pilluwear.com\/el\/wp-json\/wp\/v2\/product_tag?post=23401"}],"curies":[{"name":"wp","href":"https:\/\/api.w.org\/{rel}","templated":true}]}}