{"id":23294,"date":"2024-11-07T15:04:07","date_gmt":"2024-11-07T14:04:07","guid":{"rendered":"https:\/\/pilluwear.com\/produkt\/skier-unisex-premium-pullover\/"},"modified":"2024-11-07T15:08:13","modified_gmt":"2024-11-07T14:08:13","slug":"%cf%83%ce%ba%ce%b9%ce%ad%cf%81-unisex-premium-%cf%80%ce%bf%cf%85%ce%bb%cf%8c%ce%b2%ce%b5%cf%81","status":"publish","type":"product","link":"https:\/\/pilluwear.com\/el\/%cf%80%cf%81%ce%bf%cf%8a%cf%8c%ce%bd\/%cf%83%ce%ba%ce%b9%ce%ad%cf%81-unisex-premium-%cf%80%ce%bf%cf%85%ce%bb%cf%8c%ce%b2%ce%b5%cf%81\/","title":{"rendered":"Skis - unisex premium \u03c0\u03bf\u03c5\u03bb\u03cc\u03b2\u03b5\u03c1"},"content":{"rendered":"<p>\u03a4\u03bf \u03ba\u03bb\u03b1\u03c3\u03b9\u03ba\u03cc \u03c3\u03c7\u03ae\u03bc\u03b1 \u03c6\u03bf\u03cd\u03c4\u03b5\u03c1 \u03bc\u03b5 \u03c3\u03c4\u03c1\u03bf\u03b3\u03b3\u03c5\u03bb\u03ae \u03bb\u03b1\u03b9\u03bc\u03cc\u03ba\u03bf\u03c8\u03b7 \u03bc\u03b5 \u03c1\u03b1\u03b2\u03b4\u03ce\u03c3\u03b5\u03b9\u03c2, \u03bc\u03b1\u03ba\u03c1\u03b9\u03ac \u03bc\u03b1\u03bd\u03c3\u03ad\u03c4\u03b5\u03c2 \u03ba\u03b1\u03b9 \u03c0\u03bb\u03b1\u03c4\u03cd \u03c3\u03c4\u03c1\u03af\u03c6\u03c9\u03bc\u03b1. \u039c\u03c0\u03bf\u03c1\u03b5\u03af\u03c4\u03b5 \u03bd\u03b1 \u03c4\u03bf \u03c3\u03c5\u03bd\u03b4\u03c5\u03ac\u03c3\u03b5\u03c4\u03b5 \u03ae \u03bd\u03b1 \u03c4\u03bf \u03c6\u03bf\u03c1\u03ad\u03c3\u03b5\u03c4\u03b5 \u03bc\u03cc\u03bd\u03bf \u03c4\u03bf\u03c5 \u03b3\u03b9\u03b1 \u03ad\u03bd\u03b1 \u03bc\u03bf\u03bd\u03c4\u03ad\u03c1\u03bd\u03bf streetwear look. \u03a4\u03bf \u03bc\u03b1\u03bb\u03b1\u03ba\u03cc fleece \u03c3\u03c4\u03bf \u03b5\u03c3\u03c9\u03c4\u03b5\u03c1\u03b9\u03ba\u03cc \u03ba\u03b1\u03b9 \u03b7 \u03ac\u03bd\u03b5\u03c4\u03b7 \u03b5\u03c6\u03b1\u03c1\u03bc\u03bf\u03b3\u03ae \u03b8\u03b1 \u03c4\u03bf \u03ba\u03ac\u03bd\u03bf\u03c5\u03bd \u03c4\u03bf \u03b1\u03b3\u03b1\u03c0\u03b7\u03bc\u03ad\u03bd\u03bf \u03c3\u03b1\u03c2 \u03ba\u03b1\u03b8\u03b7\u03bc\u03b5\u03c1\u03b9\u03bd\u03cc \u03c0\u03bf\u03c5\u03bb\u03cc\u03b2\u03b5\u03c1!<\/p>\n<p>- \u0395\u03c0\u03ac\u03bd\u03c9 \u03c0\u03bb\u03b5\u03c5\u03c1\u03ac 100% \u03b2\u03b1\u03bc\u03b2\u03ac\u03ba\u03b9<br \/>\n- 65% \u03b2\u03b1\u03bc\u03b2\u03ac\u03ba\u03b9, 35% \u03c0\u03bf\u03bb\u03c5\u03b5\u03c3\u03c4\u03ad\u03c1\u03b1\u03c2<br \/>\n- \u0391\u03bd\u03b8\u03c1\u03b1\u03ba\u03af Heather: 55% \u03b2\u03b1\u03bc\u03b2\u03ac\u03ba\u03b9, 45% \u03c0\u03bf\u03bb\u03c5\u03b5\u03c3\u03c4\u03ad\u03c1\u03b1\u03c2<br \/>\n- \u0392\u03ac\u03c1\u03bf\u03c2 \u03c5\u03c6\u03ac\u03c3\u03bc\u03b1\u03c4\u03bf\u03c2: 288,2 g\/m\u00b2 (8,5 oz\/y\u00b2)<br \/>\n- \u03a3\u03c6\u03b9\u03c7\u03c4\u03ac \u03c0\u03bb\u03b5\u03ba\u03c4\u03cc fleece 3 \u03ac\u03ba\u03c1\u03c9\u03bd <br \/>\n- \u03a3\u03c7\u03b5\u03b4\u03b9\u03b1\u03c3\u03bc\u03cc\u03c2 \u03bc\u03b5 \u03c1\u03b1\u03c6\u03ad\u03c2 \u03c3\u03c4\u03bf \u03c0\u03bb\u03ac\u03b9<br \/>\n- \u0391\u03c5\u03c4\u03bf-\u03c0\u03bb\u03b5\u03ba\u03c4\u03cc \u03bc\u03c0\u03ac\u03bb\u03c9\u03bc\u03b1 \u03c3\u03c4\u03b7\u03bd \u03c0\u03bb\u03ac\u03c4\u03b7<br \/>\n- \u0394\u03b9\u03c0\u03bb\u03cc \u03c1\u03b1\u03bc\u03bc\u03ad\u03bd\u03bf \u03b3\u03b9\u03b1\u03ba\u03ac, \u03bc\u03b1\u03bd\u03c3\u03ad\u03c4\u03b5\u03c2 \u03ba\u03b1\u03b9 \u03c3\u03c4\u03c1\u03af\u03c6\u03c9\u03bc\u03b1<br \/>\n- \u039a\u03b5\u03bd\u03cc \u03b1\u03c0\u03cc \u03c4\u03bf \u03a0\u03b1\u03ba\u03b9\u03c3\u03c4\u03ac\u03bd <\/p>\n<p>\u0391\u03c0\u03bf\u03c0\u03bf\u03af\u03b7\u03c3\u03b7 \u03b5\u03c5\u03b8\u03c5\u03bd\u03ce\u03bd: \u0391\u03c5\u03c4\u03cc \u03c4\u03bf \u03c6\u03bf\u03cd\u03c4\u03b5\u03c1 \u03b5\u03af\u03bd\u03b1\u03b9 \u03ba\u03bf\u03bc\u03bc\u03ad\u03bd\u03bf \u03bc\u03b9\u03ba\u03c1\u03cc. \u0393\u03b9\u03b1 \u03c4\u03ad\u03bb\u03b5\u03b9\u03b1 \u03b5\u03c6\u03b1\u03c1\u03bc\u03bf\u03b3\u03ae, \u03c3\u03c5\u03bd\u03b9\u03c3\u03c4\u03bf\u03cd\u03bc\u03b5 \u03bd\u03b1 \u03c0\u03b1\u03c1\u03b1\u03b3\u03b3\u03b5\u03af\u03bb\u03b5\u03c4\u03b5 \u03ad\u03bd\u03b1 \u03bd\u03bf\u03cd\u03bc\u03b5\u03c1\u03bf \u03bc\u03b5\u03b3\u03b1\u03bb\u03cd\u03c4\u03b5\u03c1\u03bf \u03b1\u03c0\u03cc \u03c4\u03bf \u03c3\u03c5\u03bd\u03b7\u03b8\u03b9\u03c3\u03bc\u03ad\u03bd\u03bf \u03c3\u03b1\u03c2 \u03bd\u03bf\u03cd\u03bc\u03b5\u03c1\u03bf.<\/p>\n<p>- \u0399\u03c7\u03bd\u03b7\u03bb\u03b1\u03c3\u03b9\u03bc\u03cc\u03c4\u03b7\u03c4\u03b1:<br \/>\n- \u03a5\u03c6\u03b1\u03bd\u03c4\u03b9\u03ba\u03ae - \u03a0\u03b1\u03ba\u03b9\u03c3\u03c4\u03ac\u03bd<br \/>\n- \u03a7\u03c1\u03c9\u03bc\u03b1\u03c4\u03b9\u03c3\u03bc\u03cc\u03c2 - \u03a0\u03b1\u03ba\u03b9\u03c3\u03c4\u03ac\u03bd<br \/>\n- \u03a0\u03b1\u03c1\u03b1\u03b3\u03c9\u03b3\u03ae - \u03a0\u03b1\u03ba\u03b9\u03c3\u03c4\u03ac\u03bd<br \/>\n- \u03a0\u03b5\u03c1\u03b9\u03ad\u03c7\u03b5\u03b9 0 % \u03b1\u03bd\u03b1\u03ba\u03c5\u03ba\u03bb\u03c9\u03bc\u03ad\u03bd\u03bf \u03c0\u03bf\u03bb\u03c5\u03b5\u03c3\u03c4\u03ad\u03c1\u03b1<br \/>\n- \u03a0\u03b5\u03c1\u03b9\u03ad\u03c7\u03b5\u03b9 0 % \u03b5\u03c0\u03b9\u03ba\u03af\u03bd\u03b4\u03c5\u03bd\u03b5\u03c2 \u03bf\u03c5\u03c3\u03af\u03b5\u03c2<\/p>","protected":false},"excerpt":{"rendered":"<p>\u03a4\u03bf \u03ba\u03bb\u03b1\u03c3\u03b9\u03ba\u03cc \u03c3\u03c7\u03ae\u03bc\u03b1 \u03c6\u03bf\u03cd\u03c4\u03b5\u03c1 \u03bc\u03b5 \u03c3\u03c4\u03c1\u03bf\u03b3\u03b3\u03c5\u03bb\u03ae \u03bb\u03b1\u03b9\u03bc\u03cc\u03ba\u03bf\u03c8\u03b7 \u03bc\u03b5 \u03c1\u03b1\u03b2\u03b4\u03ce\u03c3\u03b5\u03b9\u03c2, \u03bc\u03b1\u03ba\u03c1\u03b9\u03ac \u03bc\u03b1\u03bd\u03c3\u03ad\u03c4\u03b5\u03c2 \u03ba\u03b1\u03b9 \u03c0\u03bb\u03b1\u03c4\u03cd \u03c3\u03c4\u03c1\u03af\u03c6\u03c9\u03bc\u03b1. \u039c\u03c0\u03bf\u03c1\u03b5\u03af\u03c4\u03b5 \u03bd\u03b1 \u03c4\u03bf \u03c3\u03c5\u03bd\u03b4\u03c5\u03ac\u03c3\u03b5\u03c4\u03b5 \u03ae \u03bd\u03b1 \u03c4\u03bf \u03c6\u03bf\u03c1\u03ad\u03c3\u03b5\u03c4\u03b5 \u03bc\u03cc\u03bd\u03bf \u03c4\u03bf\u03c5 \u03b3\u03b9\u03b1 \u03ad\u03bd\u03b1 \u03bc\u03bf\u03bd\u03c4\u03ad\u03c1\u03bd\u03bf streetwear look. \u03a4\u03bf \u03bc\u03b1\u03bb\u03b1\u03ba\u03cc fleece \u03c3\u03c4\u03bf \u03b5\u03c3\u03c9\u03c4\u03b5\u03c1\u03b9\u03ba\u03cc \u03ba\u03b1\u03b9 \u03b7 \u03ac\u03bd\u03b5\u03c4\u03b7 \u03b5\u03c6\u03b1\u03c1\u03bc\u03bf\u03b3\u03ae \u03b8\u03b1 \u03c4\u03bf \u03ba\u03ac\u03bd\u03bf\u03c5\u03bd \u03c4\u03bf \u03b1\u03b3\u03b1\u03c0\u03b7\u03bc\u03ad\u03bd\u03bf \u03c3\u03b1\u03c2 \u03ba\u03b1\u03b8\u03b7\u03bc\u03b5\u03c1\u03b9\u03bd\u03cc \u03c0\u03bf\u03c5\u03bb\u03cc\u03b2\u03b5\u03c1! - \u039a\u03bf\u03c1\u03c5\u03c6\u03ae: 100% \u03b2\u03b1\u03bc\u03b2\u03ac\u03ba\u03b9 - 65% \u03b2\u03b1\u03bc\u03b2\u03ac\u03ba\u03b9, 35% \u03c0\u03bf\u03bb\u03c5\u03b5\u03c3\u03c4\u03ad\u03c1\u03b1\u03c2 - Charcoal Heather: 55% \u03b2\u03b1\u03bc\u03b2\u03ac\u03ba\u03b9, 45% \u03c0\u03bf\u03bb\u03c5\u03b5\u03c3\u03c4\u03ad\u03c1\u03b1\u03c2 - [...]<\/p>","protected":false},"featured_media":23345,"comment_status":"open","ping_status":"closed","template":"","meta":{"_uag_custom_page_level_css":"","_uf_show_specific_survey":0,"_uf_disable_surveys":false,"_themeisle_gutenberg_block_has_review":false},"product_brand":[],"product_cat":[122,282],"product_tag":[],"class_list":{"0":"post-23294","1":"product","2":"type-product","3":"status-publish","4":"has-post-thumbnail","6":"product_cat-kollektionen","7":"product_cat-skier","8":"pa_farbe-carbon-grey","9":"pa_farbe-charcoal-heather","10":"pa_farbe-dusty-rose","11":"pa_farbe-navy-blazer","12":"pa_farbe-schwarz","13":"pa_farbe-team-royal","14":"pa_farbe-waldgruen","15":"pa_farbe-weiss","16":"pa_grosse-2xl","17":"pa_grosse-3xl","18":"pa_grosse-l","19":"pa_grosse-m","20":"pa_grosse-s","21":"pa_grosse-xl","23":"first","24":"instock","25":"taxable","26":"shipping-taxable","27":"purchasable","28":"product-type-variable"},"aioseo_notices":[],"uagb_featured_image_src":{"full":["https:\/\/i0.wp.com\/pilluwear.com\/wp-content\/uploads\/2024\/11\/unisex-premium-sweatshirt-white-front-672cc6056c685.jpg?fit=2000%2C2000&ssl=1",2000,2000,false],"thumbnail":["https:\/\/i0.wp.com\/pilluwear.com\/wp-content\/uploads\/2024\/11\/unisex-premium-sweatshirt-white-front-672cc6056c685.jpg?resize=150%2C150&ssl=1",150,150,true],"medium":["https:\/\/i0.wp.com\/pilluwear.com\/wp-content\/uploads\/2024\/11\/unisex-premium-sweatshirt-white-front-672cc6056c685.jpg?fit=300%2C300&ssl=1",300,300,true],"medium_large":["https:\/\/i0.wp.com\/pilluwear.com\/wp-content\/uploads\/2024\/11\/unisex-premium-sweatshirt-white-front-672cc6056c685.jpg?fit=768%2C768&ssl=1",768,768,true],"large":["https:\/\/i0.wp.com\/pilluwear.com\/wp-content\/uploads\/2024\/11\/unisex-premium-sweatshirt-white-front-672cc6056c685.jpg?fit=1024%2C1024&ssl=1",1024,1024,true],"1536x1536":["https:\/\/i0.wp.com\/pilluwear.com\/wp-content\/uploads\/2024\/11\/unisex-premium-sweatshirt-white-front-672cc6056c685.jpg?fit=1536%2C1536&ssl=1",1536,1536,true],"2048x2048":["https:\/\/i0.wp.com\/pilluwear.com\/wp-content\/uploads\/2024\/11\/unisex-premium-sweatshirt-white-front-672cc6056c685.jpg?fit=2000%2C2000&ssl=1",2000,2000,true],"trp-custom-language-flag":["https:\/\/i0.wp.com\/pilluwear.com\/wp-content\/uploads\/2024\/11\/unisex-premium-sweatshirt-white-front-672cc6056c685.jpg?fit=12%2C12&ssl=1",12,12,true],"woocommerce_thumbnail":["https:\/\/i0.wp.com\/pilluwear.com\/wp-content\/uploads\/2024\/11\/unisex-premium-sweatshirt-white-front-672cc6056c685.jpg?resize=300%2C300&ssl=1",300,300,true],"woocommerce_single":["https:\/\/i0.wp.com\/pilluwear.com\/wp-content\/uploads\/2024\/11\/unisex-premium-sweatshirt-white-front-672cc6056c685.jpg?fit=600%2C600&ssl=1",600,600,true],"woocommerce_gallery_thumbnail":["https:\/\/i0.wp.com\/pilluwear.com\/wp-content\/uploads\/2024\/11\/unisex-premium-sweatshirt-white-front-672cc6056c685.jpg?resize=100%2C100&ssl=1",100,100,true]},"uagb_author_info":{"display_name":"pilluwear.com","author_link":"https:\/\/pilluwear.com\/el\/author\/"},"uagb_comment_info":0,"uagb_excerpt":"Die klassische Sweatshirtform mit geripptem Rundhalsausschnitt, langen \u00c4rmelb\u00fcndchen und einem flachen Saum. Du kannst es kombinieren oder als Einzelst\u00fcck f\u00fcr einen angesagten Streetwear-Look verwenden. Die weiche Fleece-Innenseite und die bequeme Passform machen es zu deinem Lieblingspulli im Alltag! \u2022 Oberseite 100% Baumwolle \u2022 65% Baumwolle, 35% Polyester \u2022 Charcoal Heather: 55% Baumwolle, 45% Polyester \u2022&hellip;","jetpack_sharing_enabled":true,"_links":{"self":[{"href":"https:\/\/pilluwear.com\/el\/wp-json\/wp\/v2\/product\/23294","targetHints":{"allow":["GET"]}}],"collection":[{"href":"https:\/\/pilluwear.com\/el\/wp-json\/wp\/v2\/product"}],"about":[{"href":"https:\/\/pilluwear.com\/el\/wp-json\/wp\/v2\/types\/product"}],"replies":[{"embeddable":true,"href":"https:\/\/pilluwear.com\/el\/wp-json\/wp\/v2\/comments?post=23294"}],"wp:featuredmedia":[{"embeddable":true,"href":"https:\/\/pilluwear.com\/el\/wp-json\/wp\/v2\/media\/23345"}],"wp:attachment":[{"href":"https:\/\/pilluwear.com\/el\/wp-json\/wp\/v2\/media?parent=23294"}],"wp:term":[{"taxonomy":"product_brand","embeddable":true,"href":"https:\/\/pilluwear.com\/el\/wp-json\/wp\/v2\/product_brand?post=23294"},{"taxonomy":"product_cat","embeddable":true,"href":"https:\/\/pilluwear.com\/el\/wp-json\/wp\/v2\/product_cat?post=23294"},{"taxonomy":"product_tag","embeddable":true,"href":"https:\/\/pilluwear.com\/el\/wp-json\/wp\/v2\/product_tag?post=23294"}],"curies":[{"name":"wp","href":"https:\/\/api.w.org\/{rel}","templated":true}]}}