{"id":22650,"date":"2024-11-07T14:28:34","date_gmt":"2024-11-07T13:28:34","guid":{"rendered":"https:\/\/pilluwear.com\/produkt\/skier-umgeschlagene-beanie\/"},"modified":"2024-11-07T15:21:15","modified_gmt":"2024-11-07T14:21:15","slug":"%cf%83%ce%ba%ce%bf%cf%8d%cf%86%ce%bf%cf%82-%cf%83%ce%ba%ce%b9%ce%ad%cf%81","status":"publish","type":"product","link":"https:\/\/pilluwear.com\/el\/%cf%80%cf%81%ce%bf%cf%8a%cf%8c%ce%bd\/%cf%83%ce%ba%ce%bf%cf%8d%cf%86%ce%bf%cf%82-%cf%83%ce%ba%ce%b9%ce%ad%cf%81\/","title":{"rendered":"\u03a3\u03ba\u03b9 - \u03a4\u03c5\u03bb\u03b9\u03b3\u03bc\u03ad\u03bd\u03bf\u03c2 \u03c3\u03ba\u03bf\u03cd\u03c6\u03bf\u03c2"},"content":{"rendered":"<p>\u0388\u03bd\u03b1\u03c2 \u03c3\u03c4\u03b5\u03bd\u03cc\u03c2, \u03ac\u03bd\u03b5\u03c4\u03bf\u03c2 \u03c3\u03ba\u03bf\u03cd\u03c6\u03bf\u03c2 \u03bc\u03b5 \u03b3\u03c5\u03c1\u03b9\u03c3\u03bc\u03ad\u03bd\u03bf \u03c0\u03ac\u03bd\u03c9 \u03bc\u03ad\u03c1\u03bf\u03c2. \u039a\u03c1\u03b1\u03c4\u03ac\u03b5\u03b9 \u03c4\u03bf \u03ba\u03b5\u03c6\u03ac\u03bb\u03b9 \u03c3\u03b1\u03c2 \u03b6\u03b5\u03c3\u03c4\u03cc \u03ba\u03b1\u03b9 \u03c0\u03c1\u03bf\u03c3\u03b8\u03ad\u03c4\u03b5\u03b9 \u03b3\u03bf\u03b7\u03c4\u03b5\u03af\u03b1 \u03c3\u03c4\u03b7\u03bd \u03b3\u03ba\u03b1\u03c1\u03bd\u03c4\u03b1\u03c1\u03cc\u03bc\u03c0\u03b1 \u03c3\u03b1\u03c2.<\/p>\n<p>- 100 % \u0391\u03ba\u03c1\u03c5\u03bb\u03b9\u03ba\u03cc \u03c4\u03bf\u03cd\u03c1\u03bc\u03c0\u03bf<br \/>\n- \u039c\u03ae\u03ba\u03bf\u03c2: 30 cm<br \/>\n- \u03a5\u03c0\u03bf\u03b1\u03bb\u03bb\u03b5\u03c1\u03b3\u03b9\u03ba\u03cc<br \/>\n- Unisex<br \/>\n- \u03a0\u03bb\u03cd\u03c3\u03b9\u03bc\u03bf \u03c3\u03c4\u03bf \u03c7\u03ad\u03c1\u03b9<br \/>\n- \u03a0\u03c1\u03ce\u03c4\u03b5\u03c2 \u03cd\u03bb\u03b5\u03c2 \u03c0\u03bf\u03c5 \u03c0\u03c1\u03bf\u03ad\u03c1\u03c7\u03bf\u03bd\u03c4\u03b1\u03b9 \u03b1\u03c0\u03cc \u03c4\u03bf \u0392\u03b9\u03b5\u03c4\u03bd\u03ac\u03bc \u03ae \u03c4\u03bf \u039c\u03c0\u03b1\u03b3\u03ba\u03bb\u03b1\u03bd\u03c4\u03ad\u03c2<\/p>\n<p>\u0399\u03c7\u03bd\u03b7\u03bb\u03b1\u03c3\u03b9\u03bc\u03cc\u03c4\u03b7\u03c4\u03b1:<br \/>\n- \u03a7\u03c1\u03c9\u03bc\u03b1\u03c4\u03b9\u03c3\u03bc\u03cc\u03c2-\u0399\u03bd\u03b4\u03bf\u03bd\u03b7\u03c3\u03af\u03b1<br \/>\n- \u03a0\u03b1\u03c1\u03b1\u03b3\u03c9\u03b3\u03ae-\u0394\u03b7\u03bc\u03bf\u03ba\u03c1\u03b1\u03c4\u03af\u03b1 \u03c4\u03b7\u03c2 \u039a\u03bf\u03c1\u03ad\u03b1\u03c2<br \/>\n- \u03a0\u03b5\u03c1\u03b9\u03ad\u03c7\u03b5\u03b9 0 % \u03b1\u03bd\u03b1\u03ba\u03c5\u03ba\u03bb\u03c9\u03bc\u03ad\u03bd\u03bf \u03c0\u03bf\u03bb\u03c5\u03b5\u03c3\u03c4\u03ad\u03c1\u03b1<br \/>\n- \u03a0\u03b5\u03c1\u03b9\u03ad\u03c7\u03b5\u03b9 0 % \u03b5\u03c0\u03b9\u03ba\u03af\u03bd\u03b4\u03c5\u03bd\u03b5\u03c2 \u03bf\u03c5\u03c3\u03af\u03b5\u03c2<br \/>\n- \u0391\u03c5\u03c4\u03cc \u03c4\u03bf \u03c0\u03c1\u03bf\u03ca\u03cc\u03bd \u03b1\u03c0\u03b5\u03bb\u03b5\u03c5\u03b8\u03b5\u03c1\u03ce\u03bd\u03b5\u03b9 \u03c0\u03bb\u03b1\u03c3\u03c4\u03b9\u03ba\u03ad\u03c2 \u03bc\u03b9\u03ba\u03c1\u03bf\u0390\u03bd\u03b5\u03c2 \u03c3\u03c4\u03bf \u03c0\u03b5\u03c1\u03b9\u03b2\u03ac\u03bb\u03bb\u03bf\u03bd \u03ba\u03b1\u03c4\u03ac \u03c4\u03bf \u03c0\u03bb\u03cd\u03c3\u03b9\u03bc\u03bf.<\/p>","protected":false},"excerpt":{"rendered":"<p>\u0388\u03bd\u03b1\u03c2 \u03c3\u03c4\u03b5\u03bd\u03cc\u03c2, \u03ac\u03bd\u03b5\u03c4\u03bf\u03c2 \u03c3\u03ba\u03bf\u03cd\u03c6\u03bf\u03c2 \u03bc\u03b5 \u03b3\u03c5\u03c1\u03b9\u03c3\u03bc\u03ad\u03bd\u03bf \u03c0\u03ac\u03bd\u03c9 \u03bc\u03ad\u03c1\u03bf\u03c2. \u039a\u03c1\u03b1\u03c4\u03ac\u03b5\u03b9 \u03c4\u03bf \u03ba\u03b5\u03c6\u03ac\u03bb\u03b9 \u03c3\u03b1\u03c2 \u03b6\u03b5\u03c3\u03c4\u03cc \u03ba\u03b1\u03b9 \u03c0\u03c1\u03bf\u03c3\u03b8\u03ad\u03c4\u03b5\u03b9 \u03b3\u03bf\u03b7\u03c4\u03b5\u03af\u03b1 \u03c3\u03c4\u03b7\u03bd \u03b3\u03ba\u03b1\u03c1\u03bd\u03c4\u03b1\u03c1\u03cc\u03bc\u03c0\u03b1 \u03c3\u03b1\u03c2. - 100 % turbo \u03b1\u03ba\u03c1\u03c5\u03bb\u03b9\u03ba\u03cc - \u039c\u03ae\u03ba\u03bf\u03c2: 30 cm - \u03a5\u03c0\u03bf\u03b1\u03bb\u03bb\u03b5\u03c1\u03b3\u03b9\u03ba\u03cc - Unisex - \u03a0\u03bb\u03ad\u03bd\u03b5\u03c4\u03b1\u03b9 \u03c3\u03c4\u03bf \u03c7\u03ad\u03c1\u03b9 - \u039f\u03b9 \u03c0\u03c1\u03ce\u03c4\u03b5\u03c2 \u03cd\u03bb\u03b5\u03c2 \u03c0\u03c1\u03bf\u03ad\u03c1\u03c7\u03bf\u03bd\u03c4\u03b1\u03b9 \u03b1\u03c0\u03cc \u03c4\u03bf \u0392\u03b9\u03b5\u03c4\u03bd\u03ac\u03bc \u03ae \u03c4\u03bf \u039c\u03c0\u03b1\u03b3\u03ba\u03bb\u03b1\u03bd\u03c4\u03ad\u03c2 \u0399\u03c7\u03bd\u03b7\u03bb\u03b1\u03c3\u03b9\u03bc\u03cc\u03c4\u03b7\u03c4\u03b1: - \u0392\u03b1\u03c6\u03ae-\u0399\u03bd\u03b4\u03bf\u03bd\u03b7\u03c3\u03af\u03b1 - \u03a0\u03b1\u03c1\u03b1\u03b3\u03c9\u03b3\u03ae-\u0394\u03b7\u03bc\u03bf\u03ba\u03c1\u03b1\u03c4\u03af\u03b1 \u03c4\u03b7\u03c2 \u039a\u03bf\u03c1\u03ad\u03b1\u03c2 - \u03a0\u03b5\u03c1\u03b9\u03ad\u03c7\u03b5\u03b9 0 % \u03b1\u03bd\u03b1\u03ba\u03c5\u03ba\u03bb\u03c9\u03bc\u03ad\u03bd\u03bf \u03c0\u03bf\u03bb\u03c5\u03b5\u03c3\u03c4\u03ad\u03c1\u03b1 - \u03a0\u03b5\u03c1\u03b9\u03ad\u03c7\u03b5\u03b9 0 % \u03b5\u03c0\u03b9\u03ba\u03af\u03bd\u03b4\u03c5\u03bd\u03b5\u03c2 \u03bf\u03c5\u03c3\u03af\u03b5\u03c2 - [...]<\/p>","protected":false},"featured_media":22664,"comment_status":"open","ping_status":"closed","template":"","meta":{"_uag_custom_page_level_css":"","_uf_show_specific_survey":0,"_uf_disable_surveys":false,"_themeisle_gutenberg_block_has_review":false},"product_brand":[],"product_cat":[122,282],"product_tag":[],"class_list":{"0":"post-22650","1":"product","2":"type-product","3":"status-publish","4":"has-post-thumbnail","6":"product_cat-kollektionen","7":"product_cat-skier","8":"pa_farbe-baby-pink","9":"pa_farbe-braun","10":"pa_farbe-dunkelgrau","11":"pa_farbe-fichte","12":"pa_farbe-gold","13":"pa_farbe-heather-grau","14":"pa_farbe-navy","15":"pa_farbe-olive","16":"pa_farbe-rot","17":"pa_farbe-royal","18":"pa_farbe-schwarz","19":"pa_farbe-weiss","21":"first","22":"instock","23":"taxable","24":"shipping-taxable","25":"purchasable","26":"product-type-variable"},"aioseo_notices":[],"uagb_featured_image_src":{"full":["https:\/\/i0.wp.com\/pilluwear.com\/wp-content\/uploads\/2024\/11\/cuffed-beanie-dark-grey-front-672cc04e786db.jpg?fit=2000%2C2000&ssl=1",2000,2000,false],"thumbnail":["https:\/\/i0.wp.com\/pilluwear.com\/wp-content\/uploads\/2024\/11\/cuffed-beanie-dark-grey-front-672cc04e786db.jpg?resize=150%2C150&ssl=1",150,150,true],"medium":["https:\/\/i0.wp.com\/pilluwear.com\/wp-content\/uploads\/2024\/11\/cuffed-beanie-dark-grey-front-672cc04e786db.jpg?fit=300%2C300&ssl=1",300,300,true],"medium_large":["https:\/\/i0.wp.com\/pilluwear.com\/wp-content\/uploads\/2024\/11\/cuffed-beanie-dark-grey-front-672cc04e786db.jpg?fit=768%2C768&ssl=1",768,768,true],"large":["https:\/\/i0.wp.com\/pilluwear.com\/wp-content\/uploads\/2024\/11\/cuffed-beanie-dark-grey-front-672cc04e786db.jpg?fit=1024%2C1024&ssl=1",1024,1024,true],"1536x1536":["https:\/\/i0.wp.com\/pilluwear.com\/wp-content\/uploads\/2024\/11\/cuffed-beanie-dark-grey-front-672cc04e786db.jpg?fit=1536%2C1536&ssl=1",1536,1536,true],"2048x2048":["https:\/\/i0.wp.com\/pilluwear.com\/wp-content\/uploads\/2024\/11\/cuffed-beanie-dark-grey-front-672cc04e786db.jpg?fit=2000%2C2000&ssl=1",2000,2000,true],"trp-custom-language-flag":["https:\/\/i0.wp.com\/pilluwear.com\/wp-content\/uploads\/2024\/11\/cuffed-beanie-dark-grey-front-672cc04e786db.jpg?fit=12%2C12&ssl=1",12,12,true],"woocommerce_thumbnail":["https:\/\/i0.wp.com\/pilluwear.com\/wp-content\/uploads\/2024\/11\/cuffed-beanie-dark-grey-front-672cc04e786db.jpg?resize=300%2C300&ssl=1",300,300,true],"woocommerce_single":["https:\/\/i0.wp.com\/pilluwear.com\/wp-content\/uploads\/2024\/11\/cuffed-beanie-dark-grey-front-672cc04e786db.jpg?fit=600%2C600&ssl=1",600,600,true],"woocommerce_gallery_thumbnail":["https:\/\/i0.wp.com\/pilluwear.com\/wp-content\/uploads\/2024\/11\/cuffed-beanie-dark-grey-front-672cc04e786db.jpg?resize=100%2C100&ssl=1",100,100,true]},"uagb_author_info":{"display_name":"pilluwear.com","author_link":"https:\/\/pilluwear.com\/el\/author\/"},"uagb_comment_info":0,"uagb_excerpt":"Eine eng anliegende, kuschlige Beanie mit Umschlag. H\u00e4lt deinen Kopf warm und verleiht deiner Garderobe Charm. \u2022 100 % Turbo-Acryl \u2022 L\u00e4nge: 30 cm \u2022 Hypoallergen \u2022 Unisex \u2022 Handw\u00e4sche m\u00f6glich \u2022 Rohprodukt bezogen aus Vietnam oder Bangladesch R\u00fcckverfolgbarkeit: &#8211; F\u00e4rben-Indonesien &#8211; Herstellung-Republik Korea &#8211; Enth\u00e4lt 0\u00a0% recyceltes Polyester &#8211; Enth\u00e4lt 0\u00a0% gef\u00e4hrliche Stoffe &#8211;&hellip;","jetpack_sharing_enabled":true,"_links":{"self":[{"href":"https:\/\/pilluwear.com\/el\/wp-json\/wp\/v2\/product\/22650","targetHints":{"allow":["GET"]}}],"collection":[{"href":"https:\/\/pilluwear.com\/el\/wp-json\/wp\/v2\/product"}],"about":[{"href":"https:\/\/pilluwear.com\/el\/wp-json\/wp\/v2\/types\/product"}],"replies":[{"embeddable":true,"href":"https:\/\/pilluwear.com\/el\/wp-json\/wp\/v2\/comments?post=22650"}],"wp:featuredmedia":[{"embeddable":true,"href":"https:\/\/pilluwear.com\/el\/wp-json\/wp\/v2\/media\/22664"}],"wp:attachment":[{"href":"https:\/\/pilluwear.com\/el\/wp-json\/wp\/v2\/media?parent=22650"}],"wp:term":[{"taxonomy":"product_brand","embeddable":true,"href":"https:\/\/pilluwear.com\/el\/wp-json\/wp\/v2\/product_brand?post=22650"},{"taxonomy":"product_cat","embeddable":true,"href":"https:\/\/pilluwear.com\/el\/wp-json\/wp\/v2\/product_cat?post=22650"},{"taxonomy":"product_tag","embeddable":true,"href":"https:\/\/pilluwear.com\/el\/wp-json\/wp\/v2\/product_tag?post=22650"}],"curies":[{"name":"wp","href":"https:\/\/api.w.org\/{rel}","templated":true}]}}