{"id":6123,"date":"2024-05-17T09:15:49","date_gmt":"2024-05-17T07:15:49","guid":{"rendered":"https:\/\/pilluwear.com\/widerrufsbelehrung\/"},"modified":"2025-03-16T11:36:28","modified_gmt":"2025-03-16T10:36:28","slug":"%cf%80%ce%bf%ce%bb%ce%b9%cf%84%ce%b9%ce%ba%ce%ae-%ce%b1%ce%ba%cf%8d%cf%81%cf%89%cf%83%ce%b7%cf%82","status":"publish","type":"page","link":"https:\/\/pilluwear.com\/el\/%cf%80%ce%bf%ce%bb%ce%b9%cf%84%ce%b9%ce%ba%ce%ae-%ce%b1%ce%ba%cf%8d%cf%81%cf%89%cf%83%ce%b7%cf%82\/","title":{"rendered":"\u03a0\u03bf\u03bb\u03b9\u03c4\u03b9\u03ba\u03ae \u03b1\u03ba\u03cd\u03c1\u03c9\u03c3\u03b7\u03c2"},"content":{"rendered":"<h3>\u0394\u03b9\u03ba\u03b1\u03af\u03c9\u03bc\u03b1 \u03b1\u03ba\u03cd\u03c1\u03c9\u03c3\u03b7\u03c2 \u03b3\u03b9\u03b1 \u03c4\u03bf\u03c5\u03c2 \u03ba\u03b1\u03c4\u03b1\u03bd\u03b1\u03bb\u03c9\u03c4\u03ad\u03c2<\/h3>\n<p>(\u039a\u03b1\u03c4\u03b1\u03bd\u03b1\u03bb\u03c9\u03c4\u03ae\u03c2 \u03b5\u03af\u03bd\u03b1\u03b9 \u03ba\u03ac\u03b8\u03b5 \u03c6\u03c5\u03c3\u03b9\u03ba\u03cc \u03c0\u03c1\u03cc\u03c3\u03c9\u03c0\u03bf \u03c0\u03bf\u03c5 \u03c3\u03c5\u03bd\u03ac\u03c0\u03c4\u03b5\u03b9 \u03b4\u03b9\u03ba\u03b1\u03b9\u03bf\u03c0\u03c1\u03b1\u03be\u03af\u03b1 \u03b3\u03b9\u03b1 \u03c3\u03ba\u03bf\u03c0\u03bf\u03cd\u03c2 \u03c0\u03bf\u03c5 \u03b4\u03b5\u03bd \u03b5\u03bc\u03c0\u03af\u03c0\u03c4\u03bf\u03c5\u03bd \u03ba\u03c5\u03c1\u03af\u03c9\u03c2 \u03c3\u03c4\u03bf \u03c0\u03bb\u03b1\u03af\u03c3\u03b9\u03bf \u03c4\u03bf\u03c5 \u03b5\u03bc\u03c0\u03bf\u03c1\u03af\u03bf\u03c5, \u03c4\u03b7\u03c2 \u03b5\u03c0\u03b9\u03c7\u03b5\u03af\u03c1\u03b7\u03c3\u03b7\u03c2 \u03ae \u03c4\u03bf\u03c5 \u03b5\u03c0\u03b1\u03b3\u03b3\u03ad\u03bb\u03bc\u03b1\u03c4\u03cc\u03c2 \u03c4\u03bf\u03c5).<\/p>\n<h1>\u03a0\u03bf\u03bb\u03b9\u03c4\u03b9\u03ba\u03ae \u03b1\u03ba\u03cd\u03c1\u03c9\u03c3\u03b7\u03c2<\/h1>\n<h3>\u0394\u03b9\u03ba\u03b1\u03af\u03c9\u03bc\u03b1 \u03b1\u03ba\u03cd\u03c1\u03c9\u03c3\u03b7\u03c2<\/h3>\n<p>\u0388\u03c7\u03b5\u03c4\u03b5 \u03c4\u03bf \u03b4\u03b9\u03ba\u03b1\u03af\u03c9\u03bc\u03b1 \u03bd\u03b1 \u03b1\u03ba\u03c5\u03c1\u03ce\u03c3\u03b5\u03c4\u03b5 \u03c4\u03b7\u03bd \u03c0\u03b1\u03c1\u03bf\u03cd\u03c3\u03b1 \u03c3\u03cd\u03bc\u03b2\u03b1\u03c3\u03b7 \u03b5\u03bd\u03c4\u03cc\u03c2 \u03b4\u03b5\u03ba\u03b1\u03c4\u03b5\u03c3\u03c3\u03ac\u03c1\u03c9\u03bd \u03b7\u03bc\u03b5\u03c1\u03ce\u03bd \u03c7\u03c9\u03c1\u03af\u03c2 \u03bd\u03b1 \u03b4\u03ce\u03c3\u03b5\u03c4\u03b5 \u03ba\u03b1\u03bc\u03af\u03b1 \u03b1\u03b9\u03c4\u03b9\u03bf\u03bb\u03bf\u03b3\u03af\u03b1.<\/p>\n<p>\u0397 \u03c0\u03b5\u03c1\u03af\u03bf\u03b4\u03bf\u03c2 \u03b1\u03ba\u03cd\u03c1\u03c9\u03c3\u03b7\u03c2 \u03b5\u03af\u03bd\u03b1\u03b9 \u03b4\u03b5\u03ba\u03b1\u03c4\u03ad\u03c3\u03c3\u03b5\u03c1\u03b9\u03c2 \u03b7\u03bc\u03ad\u03c1\u03b5\u03c2 \u03b1\u03c0\u03cc \u03c4\u03b7\u03bd \u03b7\u03bc\u03b5\u03c1\u03bf\u03bc\u03b7\u03bd\u03af\u03b1,<\/p>\n<ul>\n<li>\u03ba\u03b1\u03c4\u03ac \u03c4\u03b7\u03bd \u03bf\u03c0\u03bf\u03af\u03b1 \u03b5\u03c3\u03b5\u03af\u03c2 \u03ae \u03ad\u03bd\u03b1\u03c2 \u03c4\u03c1\u03af\u03c4\u03bf\u03c2 \u03c0\u03bf\u03c5 \u03ad\u03c7\u03b5\u03c4\u03b5 \u03bf\u03c1\u03af\u03c3\u03b5\u03b9, \u03bf \u03bf\u03c0\u03bf\u03af\u03bf\u03c2 \u03b4\u03b5\u03bd \u03b5\u03af\u03bd\u03b1\u03b9 \u03bf \u03bc\u03b5\u03c4\u03b1\u03c6\u03bf\u03c1\u03ad\u03b1\u03c2, \u03ad\u03c7\u03b5\u03b9 \u03ae \u03ad\u03c7\u03b5\u03b9 \u03bb\u03ac\u03b2\u03b5\u03b9 \u03c3\u03c4\u03b7\u03bd \u03ba\u03b1\u03c4\u03bf\u03c7\u03ae \u03c4\u03bf\u03c5 \u03c4\u03b1 \u03b5\u03bc\u03c0\u03bf\u03c1\u03b5\u03cd\u03bc\u03b1\u03c4\u03b1, \u03c5\u03c0\u03cc \u03c4\u03b7\u03bd \u03c0\u03c1\u03bf\u03cb\u03c0\u03cc\u03b8\u03b5\u03c3\u03b7 \u03cc\u03c4\u03b9 \u03ad\u03c7\u03b5\u03c4\u03b5 \u03c0\u03b1\u03c1\u03b1\u03b3\u03b3\u03b5\u03af\u03bb\u03b5\u03b9 \u03ad\u03bd\u03b1 \u03ae \u03c0\u03b5\u03c1\u03b9\u03c3\u03c3\u03cc\u03c4\u03b5\u03c1\u03b1 \u03b5\u03bc\u03c0\u03bf\u03c1\u03b5\u03cd\u03bc\u03b1\u03c4\u03b1 \u03c3\u03c4\u03bf \u03c0\u03bb\u03b1\u03af\u03c3\u03b9\u03bf \u03bc\u03b9\u03b1\u03c2 \u03b5\u03bd\u03b9\u03b1\u03af\u03b1\u03c2 \u03c0\u03b1\u03c1\u03b1\u03b3\u03b3\u03b5\u03bb\u03af\u03b1\u03c2 \u03ba\u03b1\u03b9 \u03b1\u03c5\u03c4\u03ac \u03c0\u03b1\u03c1\u03b1\u03b4\u03af\u03b4\u03bf\u03bd\u03c4\u03b1\u03b9 \u03ae \u03b8\u03b1 \u03c0\u03b1\u03c1\u03b1\u03b4\u03bf\u03b8\u03bf\u03cd\u03bd \u03bf\u03bc\u03bf\u03b9\u03cc\u03bc\u03bf\u03c1\u03c6\u03b1, \u03ae<\/li>\n<li>\u03ba\u03b1\u03c4\u03ac \u03c4\u03b7\u03bd \u03bf\u03c0\u03bf\u03af\u03b1 \u03b5\u03c3\u03b5\u03af\u03c2 \u03ae \u03ad\u03bd\u03b1\u03c2 \u03c4\u03c1\u03af\u03c4\u03bf\u03c2 \u03c0\u03bf\u03c5 \u03ad\u03c7\u03b5\u03c4\u03b5 \u03bf\u03c1\u03af\u03c3\u03b5\u03b9, \u03bf \u03bf\u03c0\u03bf\u03af\u03bf\u03c2 \u03b4\u03b5\u03bd \u03b5\u03af\u03bd\u03b1\u03b9 \u03bf \u03bc\u03b5\u03c4\u03b1\u03c6\u03bf\u03c1\u03ad\u03b1\u03c2, \u03ad\u03c7\u03b5\u03b9 \u03bb\u03ac\u03b2\u03b5\u03b9 \u03c3\u03c4\u03b7\u03bd \u03ba\u03b1\u03c4\u03bf\u03c7\u03ae \u03c4\u03bf\u03c5 \u03c4\u03b1 \u03c4\u03b5\u03bb\u03b5\u03c5\u03c4\u03b1\u03af\u03b1 \u03b5\u03bc\u03c0\u03bf\u03c1\u03b5\u03cd\u03bc\u03b1\u03c4\u03b1, \u03b5\u03c6\u03cc\u03c3\u03bf\u03bd \u03ad\u03c7\u03b5\u03c4\u03b5 \u03c0\u03b1\u03c1\u03b1\u03b3\u03b3\u03b5\u03af\u03bb\u03b5\u03b9 \u03b4\u03b9\u03ac\u03c6\u03bf\u03c1\u03b1 \u03b5\u03bc\u03c0\u03bf\u03c1\u03b5\u03cd\u03bc\u03b1\u03c4\u03b1 \u03c3\u03c4\u03bf \u03c0\u03bb\u03b1\u03af\u03c3\u03b9\u03bf \u03bc\u03b9\u03b1\u03c2 \u03b5\u03bd\u03b9\u03b1\u03af\u03b1\u03c2 \u03c0\u03b1\u03c1\u03b1\u03b3\u03b3\u03b5\u03bb\u03af\u03b1\u03c2 \u03ba\u03b1\u03b9 \u03b1\u03c5\u03c4\u03ac \u03c0\u03b1\u03c1\u03b1\u03b4\u03af\u03b4\u03bf\u03bd\u03c4\u03b1\u03b9 \u03c7\u03c9\u03c1\u03b9\u03c3\u03c4\u03ac, \u03ae<\/li>\n<li>\u03ba\u03b1\u03c4\u03ac \u03c4\u03b7\u03bd \u03bf\u03c0\u03bf\u03af\u03b1 \u03b5\u03c3\u03b5\u03af\u03c2 \u03ae \u03ad\u03bd\u03b1\u03c2 \u03c4\u03c1\u03af\u03c4\u03bf\u03c2 \u03c0\u03bf\u03c5 \u03ad\u03c7\u03b5\u03c4\u03b5 \u03bf\u03c1\u03af\u03c3\u03b5\u03b9 \u03ba\u03b1\u03b9 \u03b4\u03b5\u03bd \u03b5\u03af\u03bd\u03b1\u03b9 \u03bf \u03bc\u03b5\u03c4\u03b1\u03c6\u03bf\u03c1\u03ad\u03b1\u03c2, \u03ad\u03c7\u03b5\u03b9 \u03bb\u03ac\u03b2\u03b5\u03b9 \u03c3\u03c4\u03b7\u03bd \u03ba\u03b1\u03c4\u03bf\u03c7\u03ae \u03c4\u03bf\u03c5 \u03c4\u03b7\u03bd \u03c4\u03b5\u03bb\u03b5\u03c5\u03c4\u03b1\u03af\u03b1 \u03bc\u03b5\u03c1\u03b9\u03ba\u03ae \u03b1\u03c0\u03bf\u03c3\u03c4\u03bf\u03bb\u03ae \u03ae \u03c4\u03bf \u03c4\u03b5\u03bb\u03b5\u03c5\u03c4\u03b1\u03af\u03bf \u03c4\u03b5\u03bc\u03ac\u03c7\u03b9\u03bf, \u03b5\u03ac\u03bd \u03ad\u03c7\u03b5\u03c4\u03b5 \u03c0\u03b1\u03c1\u03b1\u03b3\u03b3\u03b5\u03af\u03bb\u03b5\u03b9 \u03b5\u03bc\u03c0\u03bf\u03c1\u03b5\u03cd\u03bc\u03b1\u03c4\u03b1 \u03c0\u03bf\u03c5 \u03c0\u03b1\u03c1\u03b1\u03b4\u03af\u03b4\u03bf\u03bd\u03c4\u03b1\u03b9 \u03c3\u03b5 \u03c0\u03b5\u03c1\u03b9\u03c3\u03c3\u03cc\u03c4\u03b5\u03c1\u03b5\u03c2 \u03bc\u03b5\u03c1\u03b9\u03ba\u03ad\u03c2 \u03b1\u03c0\u03bf\u03c3\u03c4\u03bf\u03bb\u03ad\u03c2 \u03ae \u03c4\u03b5\u03bc\u03ac\u03c7\u03b9\u03b1, \u03ae<\/li>\n<li>\u03ba\u03b1\u03c4\u03ac \u03c4\u03b7\u03bd \u03bf\u03c0\u03bf\u03af\u03b1 \u03b5\u03c3\u03b5\u03af\u03c2 \u03ae \u03ad\u03bd\u03b1\u03c2 \u03c4\u03c1\u03af\u03c4\u03bf\u03c2 \u03c0\u03bf\u03c5 \u03ad\u03c7\u03b5\u03c4\u03b5 \u03bf\u03c1\u03af\u03c3\u03b5\u03b9, \u03bf \u03bf\u03c0\u03bf\u03af\u03bf\u03c2 \u03b4\u03b5\u03bd \u03b5\u03af\u03bd\u03b1\u03b9 \u03bf \u03bc\u03b5\u03c4\u03b1\u03c6\u03bf\u03c1\u03ad\u03b1\u03c2, \u03ad\u03c7\u03b5\u03b9 \u03bb\u03ac\u03b2\u03b5\u03b9 \u03c3\u03c4\u03b7\u03bd \u03ba\u03b1\u03c4\u03bf\u03c7\u03ae \u03c4\u03bf\u03c5 \u03c4\u03b1 \u03c0\u03c1\u03ce\u03c4\u03b1 \u03b5\u03bc\u03c0\u03bf\u03c1\u03b5\u03cd\u03bc\u03b1\u03c4\u03b1, \u03c5\u03c0\u03cc \u03c4\u03b7\u03bd \u03c0\u03c1\u03bf\u03cb\u03c0\u03cc\u03b8\u03b5\u03c3\u03b7 \u03cc\u03c4\u03b9 \u03ad\u03c7\u03b5\u03c4\u03b5 \u03c3\u03c5\u03bd\u03ac\u03c8\u03b5\u03b9 \u03c3\u03cd\u03bc\u03b2\u03b1\u03c3\u03b7 \u03b3\u03b9\u03b1 \u03c4\u03b7\u03bd \u03c4\u03b1\u03ba\u03c4\u03b9\u03ba\u03ae \u03c0\u03b1\u03c1\u03ac\u03b4\u03bf\u03c3\u03b7 \u03b5\u03bc\u03c0\u03bf\u03c1\u03b5\u03c5\u03bc\u03ac\u03c4\u03c9\u03bd \u03c3\u03b5 \u03ba\u03b1\u03b8\u03bf\u03c1\u03b9\u03c3\u03bc\u03ad\u03bd\u03bf \u03c7\u03c1\u03bf\u03bd\u03b9\u03ba\u03cc \u03b4\u03b9\u03ac\u03c3\u03c4\u03b7\u03bc\u03b1.<\/li>\n<\/ul>\n<p>\n\u0393\u03b9\u03b1 \u03bd\u03b1 \u03b1\u03c3\u03ba\u03ae\u03c3\u03b5\u03c4\u03b5 \u03c4\u03bf \u03b4\u03b9\u03ba\u03b1\u03af\u03c9\u03bc\u03b1 \u03b1\u03ba\u03cd\u03c1\u03c9\u03c3\u03b7\u03c2, \u03c0\u03c1\u03ad\u03c0\u03b5\u03b9 \u03bd\u03b1 \u03bc\u03b1\u03c2 \u03b5\u03bd\u03b7\u03bc\u03b5\u03c1\u03ce\u03c3\u03b5\u03c4\u03b5 (pilluwear e.U, Handelskai 98a\/59, 1200 Vienna, Austria, \u03c4\u03b7\u03bb\u03ad\u03c6\u03c9\u03bd\u03bf: +4367762418750, \u03b4\u03b9\u03b5\u03cd\u03b8\u03c5\u03bd\u03c3\u03b7 \u03b7\u03bb\u03b5\u03ba\u03c4\u03c1\u03bf\u03bd\u03b9\u03ba\u03bf\u03cd \u03c4\u03b1\u03c7\u03c5\u03b4\u03c1\u03bf\u03bc\u03b5\u03af\u03bf\u03c5: ruslan@pilluwear.com) \u03b3\u03b9\u03b1 \u03c4\u03b7\u03bd \u03b1\u03c0\u03cc\u03c6\u03b1\u03c3\u03ae \u03c3\u03b1\u03c2 \u03bd\u03b1 \u03b1\u03ba\u03c5\u03c1\u03ce\u03c3\u03b5\u03c4\u03b5 \u03c4\u03b7\u03bd \u03c0\u03b1\u03c1\u03bf\u03cd\u03c3\u03b1 \u03c3\u03cd\u03bc\u03b2\u03b1\u03c3\u03b7 \u03bc\u03b5 \u03c3\u03b1\u03c6\u03ae \u03b4\u03ae\u03bb\u03c9\u03c3\u03b7 (\u03c0.\u03c7. \u03b5\u03c0\u03b9\u03c3\u03c4\u03bf\u03bb\u03ae \u03c0\u03bf\u03c5 \u03b1\u03c0\u03bf\u03c3\u03c4\u03ad\u03bb\u03bb\u03b5\u03c4\u03b1\u03b9 \u03c4\u03b1\u03c7\u03c5\u03b4\u03c1\u03bf\u03bc\u03b9\u03ba\u03ce\u03c2, \u03b7\u03bb\u03b5\u03ba\u03c4\u03c1\u03bf\u03bd\u03b9\u03ba\u03cc \u03c4\u03b1\u03c7\u03c5\u03b4\u03c1\u03bf\u03bc\u03b5\u03af\u03bf). \u039c\u03c0\u03bf\u03c1\u03b5\u03af\u03c4\u03b5 \u03bd\u03b1 \u03c7\u03c1\u03b7\u03c3\u03b9\u03bc\u03bf\u03c0\u03bf\u03b9\u03ae\u03c3\u03b5\u03c4\u03b5 \u03c4\u03bf \u03c3\u03c5\u03bd\u03b7\u03bc\u03bc\u03ad\u03bd\u03bf \u03c5\u03c0\u03cc\u03b4\u03b5\u03b9\u03b3\u03bc\u03b1 \u03b5\u03bd\u03c4\u03cd\u03c0\u03bf\u03c5 \u03b1\u03ba\u03cd\u03c1\u03c9\u03c3\u03b7\u03c2, \u03b1\u03bb\u03bb\u03ac \u03b1\u03c5\u03c4\u03cc \u03b4\u03b5\u03bd \u03b5\u03af\u03bd\u03b1\u03b9 \u03c5\u03c0\u03bf\u03c7\u03c1\u03b5\u03c9\u03c4\u03b9\u03ba\u03cc.<\/p>\n<p>\u0393\u03b9\u03b1 \u03bd\u03b1 \u03c4\u03b7\u03c1\u03ae\u03c3\u03b5\u03c4\u03b5 \u03c4\u03b7\u03bd \u03c0\u03c1\u03bf\u03b8\u03b5\u03c3\u03bc\u03af\u03b1 \u03b1\u03ba\u03cd\u03c1\u03c9\u03c3\u03b7\u03c2, \u03b1\u03c1\u03ba\u03b5\u03af \u03bd\u03b1 \u03c3\u03c4\u03b5\u03af\u03bb\u03b5\u03c4\u03b5 \u03c4\u03b7\u03bd \u03b5\u03b9\u03b4\u03bf\u03c0\u03bf\u03af\u03b7\u03c3\u03b7 \u03b3\u03b9\u03b1 \u03c4\u03b7\u03bd \u03ac\u03c3\u03ba\u03b7\u03c3\u03b7 \u03c4\u03bf\u03c5 \u03b4\u03b9\u03ba\u03b1\u03b9\u03ce\u03bc\u03b1\u03c4\u03bf\u03c2 \u03b1\u03ba\u03cd\u03c1\u03c9\u03c3\u03b7\u03c2 \u03c0\u03c1\u03b9\u03bd \u03b1\u03c0\u03cc \u03c4\u03b7 \u03bb\u03ae\u03be\u03b7 \u03c4\u03b7\u03c2 \u03c0\u03c1\u03bf\u03b8\u03b5\u03c3\u03bc\u03af\u03b1\u03c2 \u03b1\u03ba\u03cd\u03c1\u03c9\u03c3\u03b7\u03c2.<\/p>\n<h3>\u03a3\u03c5\u03bd\u03ad\u03c0\u03b5\u03b9\u03b5\u03c2 \u03c4\u03b7\u03c2 \u03b1\u03ba\u03cd\u03c1\u03c9\u03c3\u03b7\u03c2<\/h3>\n<p>\u0395\u03ac\u03bd \u03c5\u03c0\u03b1\u03bd\u03b1\u03c7\u03c9\u03c1\u03ae\u03c3\u03b5\u03c4\u03b5 \u03b1\u03c0\u03cc \u03c4\u03b7\u03bd \u03c0\u03b1\u03c1\u03bf\u03cd\u03c3\u03b1 \u03c3\u03cd\u03bc\u03b2\u03b1\u03c3\u03b7, \u03b8\u03b1 \u03c3\u03b1\u03c2 \u03b5\u03c0\u03b9\u03c3\u03c4\u03c1\u03ad\u03c8\u03bf\u03c5\u03bc\u03b5 \u03cc\u03bb\u03b5\u03c2 \u03c4\u03b9\u03c2 \u03c0\u03bb\u03b7\u03c1\u03c9\u03bc\u03ad\u03c2 \u03c0\u03bf\u03c5 \u03bb\u03ac\u03b2\u03b1\u03bc\u03b5 \u03b1\u03c0\u03cc \u03b5\u03c3\u03ac\u03c2, \u03c3\u03c5\u03bc\u03c0\u03b5\u03c1\u03b9\u03bb\u03b1\u03bc\u03b2\u03b1\u03bd\u03bf\u03bc\u03ad\u03bd\u03c9\u03bd \u03c4\u03c9\u03bd \u03b5\u03be\u03cc\u03b4\u03c9\u03bd \u03c0\u03b1\u03c1\u03ac\u03b4\u03bf\u03c3\u03b7\u03c2 (\u03bc\u03b5 \u03b5\u03be\u03b1\u03af\u03c1\u03b5\u03c3\u03b7 \u03c4\u03b1 \u03c0\u03c1\u03cc\u03c3\u03b8\u03b5\u03c4\u03b1 \u03ad\u03be\u03bf\u03b4\u03b1 \u03c0\u03bf\u03c5 \u03c0\u03c1\u03bf\u03ba\u03cd\u03c0\u03c4\u03bf\u03c5\u03bd \u03b1\u03c0\u03cc \u03c4\u03b7\u03bd \u03b5\u03c0\u03b9\u03bb\u03bf\u03b3\u03ae \u03b1\u03c0\u03cc \u03b5\u03c3\u03ac\u03c2 \u03ac\u03bb\u03bb\u03bf\u03c5 \u03c4\u03cd\u03c0\u03bf\u03c5 \u03c0\u03b1\u03c1\u03ac\u03b4\u03bf\u03c3\u03b7\u03c2 \u03b1\u03c0\u03cc \u03c4\u03bf\u03bd \u03c6\u03b8\u03b7\u03bd\u03cc\u03c4\u03b5\u03c1\u03bf \u03c4\u03cd\u03c0\u03bf \u03c4\u03c5\u03c0\u03bf\u03c0\u03bf\u03b9\u03b7\u03bc\u03ad\u03bd\u03b7\u03c2 \u03c0\u03b1\u03c1\u03ac\u03b4\u03bf\u03c3\u03b7\u03c2 \u03c0\u03bf\u03c5 \u03c0\u03c1\u03bf\u03c3\u03c6\u03ad\u03c1\u03bf\u03c5\u03bc\u03b5), \u03c7\u03c9\u03c1\u03af\u03c2 \u03b1\u03b4\u03b9\u03ba\u03b1\u03b9\u03bf\u03bb\u03cc\u03b3\u03b7\u03c4\u03b7 \u03ba\u03b1\u03b8\u03c5\u03c3\u03c4\u03ad\u03c1\u03b7\u03c3\u03b7 \u03ba\u03b1\u03b9 \u03c3\u03b5 \u03ba\u03ac\u03b8\u03b5 \u03c0\u03b5\u03c1\u03af\u03c0\u03c4\u03c9\u03c3\u03b7 \u03c4\u03bf \u03b1\u03c1\u03b3\u03cc\u03c4\u03b5\u03c1\u03bf \u03b5\u03bd\u03c4\u03cc\u03c2 14 \u03b7\u03bc\u03b5\u03c1\u03ce\u03bd \u03b1\u03c0\u03cc \u03c4\u03b7\u03bd \u03b7\u03bc\u03ad\u03c1\u03b1 \u03ba\u03b1\u03c4\u03ac \u03c4\u03b7\u03bd \u03bf\u03c0\u03bf\u03af\u03b1 \u03b5\u03bd\u03b7\u03bc\u03b5\u03c1\u03c9\u03b8\u03ae\u03ba\u03b1\u03bc\u03b5 \u03b3\u03b9\u03b1 \u03c4\u03b7\u03bd \u03b1\u03c0\u03cc\u03c6\u03b1\u03c3\u03ae \u03c3\u03b1\u03c2 \u03bd\u03b1 \u03c5\u03c0\u03b1\u03bd\u03b1\u03c7\u03c9\u03c1\u03ae\u03c3\u03b5\u03c4\u03b5 \u03b1\u03c0\u03cc \u03c4\u03b7\u03bd \u03c0\u03b1\u03c1\u03bf\u03cd\u03c3\u03b1 \u03c3\u03cd\u03bc\u03b2\u03b1\u03c3\u03b7. \u0393\u03b9\u03b1 \u03c4\u03b7\u03bd \u03b5\u03c0\u03b9\u03c3\u03c4\u03c1\u03bf\u03c6\u03ae \u03b1\u03c5\u03c4\u03ae, \u03b8\u03b1 \u03c7\u03c1\u03b7\u03c3\u03b9\u03bc\u03bf\u03c0\u03bf\u03b9\u03ae\u03c3\u03bf\u03c5\u03bc\u03b5 \u03c4\u03b1 \u03af\u03b4\u03b9\u03b1 \u03bc\u03ad\u03c3\u03b1 \u03c0\u03bb\u03b7\u03c1\u03c9\u03bc\u03ae\u03c2 \u03c0\u03bf\u03c5 \u03c7\u03c1\u03b7\u03c3\u03b9\u03bc\u03bf\u03c0\u03bf\u03b9\u03ae\u03c3\u03b1\u03c4\u03b5 \u03b3\u03b9\u03b1 \u03c4\u03b7\u03bd \u03b1\u03c1\u03c7\u03b9\u03ba\u03ae \u03c3\u03c5\u03bd\u03b1\u03bb\u03bb\u03b1\u03b3\u03ae, \u03b5\u03ba\u03c4\u03cc\u03c2 \u03b5\u03ac\u03bd \u03c3\u03c5\u03bc\u03c6\u03c9\u03bd\u03b7\u03b8\u03b5\u03af \u03c1\u03b7\u03c4\u03ac \u03b4\u03b9\u03b1\u03c6\u03bf\u03c1\u03b5\u03c4\u03b9\u03ba\u03ac \u03bc\u03b1\u03b6\u03af \u03c3\u03b1\u03c2- \u03c3\u03b5 \u03ba\u03b1\u03bc\u03af\u03b1 \u03c0\u03b5\u03c1\u03af\u03c0\u03c4\u03c9\u03c3\u03b7 \u03b4\u03b5\u03bd \u03b8\u03b1 \u03c7\u03c1\u03b5\u03c9\u03b8\u03b5\u03af\u03c4\u03b5 \u03bc\u03b5 \u03bf\u03c0\u03bf\u03b9\u03b1\u03b4\u03ae\u03c0\u03bf\u03c4\u03b5 \u03ad\u03be\u03bf\u03b4\u03b1 \u03b3\u03b9\u03b1 \u03c4\u03b7\u03bd \u03b5\u03c0\u03b9\u03c3\u03c4\u03c1\u03bf\u03c6\u03ae \u03b1\u03c5\u03c4\u03ae.<\/p>\n<p>\u039c\u03c0\u03bf\u03c1\u03bf\u03cd\u03bc\u03b5 \u03bd\u03b1 \u03b1\u03c1\u03bd\u03b7\u03b8\u03bf\u03cd\u03bc\u03b5 \u03bd\u03b1 \u03c3\u03b1\u03c2 \u03b5\u03c0\u03b9\u03c3\u03c4\u03c1\u03ad\u03c8\u03bf\u03c5\u03bc\u03b5 \u03c4\u03b1 \u03c7\u03c1\u03ae\u03bc\u03b1\u03c4\u03b1 \u03bc\u03ad\u03c7\u03c1\u03b9 \u03bd\u03b1 \u03bb\u03ac\u03b2\u03bf\u03c5\u03bc\u03b5 \u03c0\u03af\u03c3\u03c9 \u03c4\u03b1 \u03b1\u03b3\u03b1\u03b8\u03ac \u03ae \u03bc\u03ad\u03c7\u03c1\u03b9 \u03bd\u03b1 \u03c0\u03c1\u03bf\u03c3\u03ba\u03bf\u03bc\u03af\u03c3\u03b5\u03c4\u03b5 \u03b1\u03c0\u03bf\u03b4\u03b5\u03af\u03be\u03b5\u03b9\u03c2 \u03cc\u03c4\u03b9 \u03b5\u03c0\u03b9\u03c3\u03c4\u03c1\u03ad\u03c8\u03b1\u03c4\u03b5 \u03c4\u03b1 \u03b1\u03b3\u03b1\u03b8\u03ac, \u03cc\u03c0\u03bf\u03b9\u03bf \u03b1\u03c0\u03cc \u03c4\u03b1 \u03b4\u03cd\u03bf \u03c3\u03c5\u03bc\u03b2\u03b5\u03af \u03bd\u03c9\u03c1\u03af\u03c4\u03b5\u03c1\u03b1.<\/p>\n<\/p>\n<p>\u03a0\u03c1\u03ad\u03c0\u03b5\u03b9 \u03bd\u03b1 \u03b5\u03c0\u03b9\u03c3\u03c4\u03c1\u03ad\u03c8\u03b5\u03c4\u03b5 \u03ae \u03bd\u03b1 \u03c0\u03b1\u03c1\u03b1\u03b4\u03ce\u03c3\u03b5\u03c4\u03b5 \u03c4\u03b1 \u03c0\u03c1\u03bf\u03ca\u03cc\u03bd\u03c4\u03b1 \u03b1\u03bc\u03ad\u03c3\u03c9\u03c2 \u03ba\u03b1\u03b9 \u03c3\u03b5 \u03ba\u03ac\u03b8\u03b5 \u03c0\u03b5\u03c1\u03af\u03c0\u03c4\u03c9\u03c3\u03b7 \u03c4\u03bf \u03b1\u03c1\u03b3\u03cc\u03c4\u03b5\u03c1\u03bf \u03b5\u03bd\u03c4\u03cc\u03c2 \u03b4\u03b5\u03ba\u03b1\u03c4\u03b5\u03c3\u03c3\u03ac\u03c1\u03c9\u03bd \u03b7\u03bc\u03b5\u03c1\u03ce\u03bd \u03b1\u03c0\u03cc \u03c4\u03b7\u03bd \u03b7\u03bc\u03ad\u03c1\u03b1 \u03ba\u03b1\u03c4\u03ac \u03c4\u03b7\u03bd \u03bf\u03c0\u03bf\u03af\u03b1 \u03bc\u03b1\u03c2 \u03b5\u03bd\u03b7\u03bc\u03b5\u03c1\u03ce\u03c3\u03b1\u03c4\u03b5 \u03b3\u03b9\u03b1 \u03c4\u03b7\u03bd \u03b1\u03ba\u03cd\u03c1\u03c9\u03c3\u03b7 \u03c4\u03b7\u03c2 \u03c0\u03b1\u03c1\u03bf\u03cd\u03c3\u03b1\u03c2 \u03c3\u03cd\u03bc\u03b2\u03b1\u03c3\u03b7\u03c2 \u03c3\u03c4\u03b7 \u03b4\u03b9\u03b5\u03cd\u03b8\u03c5\u03bd\u03c3\u03b7 \u03c0\u03bf\u03c5 \u03b1\u03bd\u03b1\u03b3\u03c1\u03ac\u03c6\u03b5\u03c4\u03b1\u03b9 \u03c3\u03c4\u03b7\u03bd \u03b5\u03c4\u03b9\u03ba\u03ad\u03c4\u03b1 \u03b5\u03c0\u03b9\u03c3\u03c4\u03c1\u03bf\u03c6\u03ae\u03c2. \u0397 \u03c0\u03c1\u03bf\u03b8\u03b5\u03c3\u03bc\u03af\u03b1 \u03c4\u03b7\u03c1\u03b5\u03af\u03c4\u03b1\u03b9 \u03b5\u03ac\u03bd \u03b1\u03c0\u03bf\u03c3\u03c4\u03b5\u03af\u03bb\u03b5\u03c4\u03b5 \u03c4\u03b1 \u03b1\u03b3\u03b1\u03b8\u03ac \u03c0\u03c1\u03b9\u03bd \u03b1\u03c0\u03cc \u03c4\u03b7\u03bd \u03c0\u03b1\u03c1\u03ad\u03bb\u03b5\u03c5\u03c3\u03b7 \u03c4\u03b7\u03c2 \u03c0\u03c1\u03bf\u03b8\u03b5\u03c3\u03bc\u03af\u03b1\u03c2 \u03c4\u03c9\u03bd \u03b4\u03b5\u03ba\u03b1\u03c4\u03b5\u03c3\u03c3\u03ac\u03c1\u03c9\u03bd \u03b7\u03bc\u03b5\u03c1\u03ce\u03bd.<\/p>\n<\/p>\n<p>\u0395\u03bc\u03b5\u03af\u03c2 \u03b1\u03bd\u03b1\u03bb\u03b1\u03bc\u03b2\u03ac\u03bd\u03bf\u03c5\u03bc\u03b5 \u03c4\u03b1 \u03ad\u03be\u03bf\u03b4\u03b1 \u03b5\u03c0\u03b9\u03c3\u03c4\u03c1\u03bf\u03c6\u03ae\u03c2 \u03c4\u03c9\u03bd \u03b1\u03b3\u03b1\u03b8\u03ce\u03bd. <\/p>\n<p>\u03a0\u03c1\u03ad\u03c0\u03b5\u03b9 \u03bd\u03b1 \u03c0\u03bb\u03b7\u03c1\u03ce\u03c3\u03b5\u03c4\u03b5 \u03b3\u03b9\u03b1 \u03c4\u03c5\u03c7\u03cc\u03bd \u03b1\u03c0\u03ce\u03bb\u03b5\u03b9\u03b1 \u03c4\u03b7\u03c2 \u03b1\u03be\u03af\u03b1\u03c2 \u03c4\u03c9\u03bd \u03b5\u03bc\u03c0\u03bf\u03c1\u03b5\u03c5\u03bc\u03ac\u03c4\u03c9\u03bd \u03bc\u03cc\u03bd\u03bf \u03b5\u03ac\u03bd \u03b7 \u03b1\u03c0\u03ce\u03bb\u03b5\u03b9\u03b1 \u03b1\u03c5\u03c4\u03ae \u03c4\u03b7\u03c2 \u03b1\u03be\u03af\u03b1\u03c2 \u03bf\u03c6\u03b5\u03af\u03bb\u03b5\u03c4\u03b1\u03b9 \u03c3\u03b5 \u03c7\u03b5\u03b9\u03c1\u03b9\u03c3\u03bc\u03cc \u03c4\u03c9\u03bd \u03b5\u03bc\u03c0\u03bf\u03c1\u03b5\u03c5\u03bc\u03ac\u03c4\u03c9\u03bd \u03c0\u03bf\u03c5 \u03b4\u03b5\u03bd \u03b5\u03af\u03bd\u03b1\u03b9 \u03b1\u03c0\u03b1\u03c1\u03b1\u03af\u03c4\u03b7\u03c4\u03bf\u03c2 \u03b3\u03b9\u03b1 \u03c4\u03bf\u03bd \u03ad\u03bb\u03b5\u03b3\u03c7\u03bf \u03c4\u03b7\u03c2 \u03ba\u03b1\u03c4\u03ac\u03c3\u03c4\u03b1\u03c3\u03b7\u03c2, \u03c4\u03c9\u03bd \u03b9\u03b4\u03b9\u03bf\u03c4\u03ae\u03c4\u03c9\u03bd \u03ba\u03b1\u03b9 \u03c4\u03b7\u03c2 \u03bb\u03b5\u03b9\u03c4\u03bf\u03c5\u03c1\u03b3\u03b9\u03ba\u03cc\u03c4\u03b7\u03c4\u03ac\u03c2 \u03c4\u03bf\u03c5\u03c2.<\/p>\n<\/ul>\n<h2>\u0394\u03b5\u03af\u03b3\u03bc\u03b1 \u03b5\u03bd\u03c4\u03cd\u03c0\u03bf\u03c5 \u03b1\u03ba\u03cd\u03c1\u03c9\u03c3\u03b7\u03c2<\/h2>\n<p>(\u0395\u03ac\u03bd \u03b5\u03c0\u03b9\u03b8\u03c5\u03bc\u03b5\u03af\u03c4\u03b5 \u03bd\u03b1 \u03b1\u03ba\u03c5\u03c1\u03ce\u03c3\u03b5\u03c4\u03b5 \u03c4\u03b7 \u03c3\u03cd\u03bc\u03b2\u03b1\u03c3\u03b7, \u03c0\u03b1\u03c1\u03b1\u03ba\u03b1\u03bb\u03b5\u03af\u03c3\u03c4\u03b5 \u03bd\u03b1 \u03c3\u03c5\u03bc\u03c0\u03bb\u03b7\u03c1\u03ce\u03c3\u03b5\u03c4\u03b5 \u03ba\u03b1\u03b9 \u03bd\u03b1 \u03b5\u03c0\u03b9\u03c3\u03c4\u03c1\u03ad\u03c8\u03b5\u03c4\u03b5 \u03c4\u03bf \u03c0\u03b1\u03c1\u03cc\u03bd \u03ad\u03bd\u03c4\u03c5\u03c0\u03bf).<\/p>\n<p>- \u03a0\u03c1\u03bf\u03c2<\/p>\n<p>pilluwear e.U, Handelskai 98a\/59, 1200 \u0392\u03b9\u03ad\u03bd\u03bd\u03b7, \u0391\u03c5\u03c3\u03c4\u03c1\u03af\u03b1, \u03b1\u03c1\u03b9\u03b8\u03bc\u03cc\u03c2 \u03c4\u03b7\u03bb\u03b5\u03c6\u03ce\u03bd\u03bf\u03c5: +4367762418750, \u03b4\u03b9\u03b5\u03cd\u03b8\u03c5\u03bd\u03c3\u03b7 \u03b7\u03bb\u03b5\u03ba\u03c4\u03c1\u03bf\u03bd\u03b9\u03ba\u03bf\u03cd \u03c4\u03b1\u03c7\u03c5\u03b4\u03c1\u03bf\u03bc\u03b5\u03af\u03bf\u03c5: ruslan@pilluwear.com<\/p>\n<p>- \u0391\u03ba\u03c5\u03c1\u03ce\u03bd\u03c9\/\u03b1\u03ba\u03c5\u03c1\u03ce\u03bd\u03bf\u03c5\u03bc\u03b5 (*) \u03c4\u03b7 \u03c3\u03cd\u03bc\u03b2\u03b1\u03c3\u03b7 \u03c0\u03bf\u03c5 \u03ad\u03c7\u03c9\/\u03ad\u03c7\u03bf\u03c5\u03bc\u03b5 \u03c3\u03c5\u03bd\u03ac\u03c8\u03b5\u03b9 (*) \u03b3\u03b9\u03b1 \u03c4\u03b7\u03bd \u03b1\u03b3\u03bf\u03c1\u03ac \u03c4\u03c9\u03bd \u03b1\u03ba\u03cc\u03bb\u03bf\u03c5\u03b8\u03c9\u03bd \u03b1\u03b3\u03b1\u03b8\u03ce\u03bd (*)\/\u03c4\u03b7\u03bd \u03c0\u03b1\u03c1\u03bf\u03c7\u03ae \u03c4\u03b7\u03c2 \u03b1\u03ba\u03cc\u03bb\u03bf\u03c5\u03b8\u03b7\u03c2 \u03c5\u03c0\u03b7\u03c1\u03b5\u03c3\u03af\u03b1\u03c2 (*)<\/p>\n<p>- \u03a0\u03b1\u03c1\u03b1\u03b3\u03b3\u03ad\u03bb\u03b8\u03b7\u03ba\u03b5 \u03c3\u03c4\u03b9\u03c2 (*)\/\u03c0\u03b1\u03c1\u03b1\u03bb\u03ae\u03c6\u03b8\u03b7\u03ba\u03b5 \u03c3\u03c4\u03b9\u03c2 (*)<\/p>\n<p>- \u039f\u03bd\u03bf\u03bc\u03b1\u03c4\u03b5\u03c0\u03ce\u03bd\u03c5\u03bc\u03bf \u03c4\u03bf\u03c5\/\u03c4\u03c9\u03bd \u03ba\u03b1\u03c4\u03b1\u03bd\u03b1\u03bb\u03c9\u03c4\u03ae(-\u03ce\u03bd)<\/p>\n<p>- \u0394\u03b9\u03b5\u03cd\u03b8\u03c5\u03bd\u03c3\u03b7 \u03c4\u03bf\u03c5 \u03ba\u03b1\u03c4\u03b1\u03bd\u03b1\u03bb\u03c9\u03c4\u03ae (\u03c4\u03c9\u03bd \u03ba\u03b1\u03c4\u03b1\u03bd\u03b1\u03bb\u03c9\u03c4\u03ce\u03bd)<\/p>\n<p>- \u03a5\u03c0\u03bf\u03b3\u03c1\u03b1\u03c6\u03ae \u03c4\u03bf\u03c5 \u03ba\u03b1\u03c4\u03b1\u03bd\u03b1\u03bb\u03c9\u03c4\u03ae (\u03c4\u03c9\u03bd \u03ba\u03b1\u03c4\u03b1\u03bd\u03b1\u03bb\u03c9\u03c4\u03ce\u03bd) (\u03bc\u03cc\u03bd\u03bf \u03b3\u03b9\u03b1 \u03ba\u03bf\u03b9\u03bd\u03bf\u03c0\u03bf\u03af\u03b7\u03c3\u03b7 \u03c3\u03b5 \u03c7\u03b1\u03c1\u03c4\u03af)<\/p>\n<p>- \u03b7\u03bc\u03b5\u03c1\u03bf\u03bc\u03b7\u03bd\u03af\u03b1<\/p>\n<p>___________<br \/>\n(*) \u0394\u03b9\u03b1\u03b3\u03c1\u03ac\u03c6\u03b5\u03c4\u03b1\u03b9 \u03ba\u03b1\u03c4\u03ac \u03c0\u03b5\u03c1\u03af\u03c0\u03c4\u03c9\u03c3\u03b7.<\/p>","protected":false},"excerpt":{"rendered":"<p>Widerrufsrecht f\u00fcr Verbraucher (Verbraucher ist jede nat\u00fcrliche Person, die ein Rechtsgesch\u00e4ft zu Zwecken abschlie\u00dft, die \u00fcberwiegend weder ihrer gewerblichen noch ihrer selbstst\u00e4ndigen beruflichen T\u00e4tigkeit zugerechnet werden kann.) Widerrufsbelehrung Widerrufsrecht Sie haben das Recht, binnen vierzehn Tagen ohne Angabe von Gr\u00fcnden diesen Vertrag zu widerrufen. Die Widerrufsfrist betr\u00e4gt vierzehn Tage ab dem Tag, an dem Sie [&hellip;]<\/p>","protected":false},"author":1,"featured_media":0,"parent":0,"menu_order":0,"comment_status":"closed","ping_status":"closed","template":"","meta":{"_uag_custom_page_level_css":"","_uf_show_specific_survey":0,"_uf_disable_surveys":false,"_themeisle_gutenberg_block_has_review":false,"footnotes":""},"class_list":["post-6123","page","type-page","status-publish","hentry"],"aioseo_notices":[],"uagb_featured_image_src":{"full":false,"thumbnail":false,"medium":false,"medium_large":false,"large":false,"1536x1536":false,"2048x2048":false,"trp-custom-language-flag":false,"woocommerce_thumbnail":false,"woocommerce_single":false,"woocommerce_gallery_thumbnail":false},"uagb_author_info":{"display_name":"pilluwear.com","author_link":"https:\/\/pilluwear.com\/el\/author\/pilluwear-com\/"},"uagb_comment_info":0,"uagb_excerpt":"Widerrufsrecht f\u00fcr Verbraucher (Verbraucher ist jede nat\u00fcrliche Person, die ein Rechtsgesch\u00e4ft zu Zwecken abschlie\u00dft, die \u00fcberwiegend weder ihrer gewerblichen noch ihrer selbstst\u00e4ndigen beruflichen T\u00e4tigkeit zugerechnet werden kann.) Widerrufsbelehrung Widerrufsrecht Sie haben das Recht, binnen vierzehn Tagen ohne Angabe von Gr\u00fcnden diesen Vertrag zu widerrufen. Die Widerrufsfrist betr\u00e4gt vierzehn Tage ab dem Tag, an dem Sie&hellip;","jetpack_sharing_enabled":true,"_links":{"self":[{"href":"https:\/\/pilluwear.com\/el\/wp-json\/wp\/v2\/pages\/6123","targetHints":{"allow":["GET"]}}],"collection":[{"href":"https:\/\/pilluwear.com\/el\/wp-json\/wp\/v2\/pages"}],"about":[{"href":"https:\/\/pilluwear.com\/el\/wp-json\/wp\/v2\/types\/page"}],"author":[{"embeddable":true,"href":"https:\/\/pilluwear.com\/el\/wp-json\/wp\/v2\/users\/1"}],"replies":[{"embeddable":true,"href":"https:\/\/pilluwear.com\/el\/wp-json\/wp\/v2\/comments?post=6123"}],"version-history":[{"count":2,"href":"https:\/\/pilluwear.com\/el\/wp-json\/wp\/v2\/pages\/6123\/revisions"}],"predecessor-version":[{"id":23766,"href":"https:\/\/pilluwear.com\/el\/wp-json\/wp\/v2\/pages\/6123\/revisions\/23766"}],"wp:attachment":[{"href":"https:\/\/pilluwear.com\/el\/wp-json\/wp\/v2\/media?parent=6123"}],"curies":[{"name":"wp","href":"https:\/\/api.w.org\/{rel}","templated":true}]}}