{"id":23569,"date":"2025-02-02T16:00:39","date_gmt":"2025-02-02T15:00:39","guid":{"rendered":"https:\/\/pilluwear.com\/produkt\/wanderer-unisex-bio-baumwoll-t-shirt\/"},"modified":"2025-04-13T13:46:11","modified_gmt":"2025-04-13T11:46:11","slug":"hiker-unisex-t-shirt-i-okologisk-bomuld","status":"publish","type":"product","link":"https:\/\/pilluwear.com\/da\/produkt\/hiker-unisex-t-shirt-i-okologisk-bomuld\/","title":{"rendered":"Wanderer - Unisex T-shirt i \u00f8kologisk bomuld"},"content":{"rendered":"<p>Denne unisex T-shirt i 100 % ringspundet \u00f8kologisk bomuld er et absolut must-have. Den er af h\u00f8j kvalitet, superkomfortabel og bedst af alt - milj\u00f8venlig. <\/p>\n<p> - 100 % ringspundet \u00f8kologisk bomuld <br \/>\n - Stofv\u00e6gt: 180 g\/m\u00b2 (5,3 oz.\/yd.\u00b2) <br \/>\n - Enkelt tr\u00f8je <br \/>\n - Medium pasform <br \/>\n - Justerede \u00e6rmer <br \/>\n - 1 \u00d7 1 ribkant p\u00e5 kraven <br \/>\n - Brede dobbelts\u00f8mme p\u00e5 \u00e6rmer og forneden <br \/>\n - Selvv\u00e6vet nakkeb\u00e5nd (indvendigt, bag p\u00e5 nakken) <br \/>\n - R\u00e5vare fra Bangladesh <\/p>\n<p> St\u00f8rrelserne svarer til en mindre st\u00f8rrelse p\u00e5 det amerikanske marked, s\u00e5 amerikanske kunder b\u00f8r bestille en st\u00f8rrelse st\u00f8rre.<\/p>\n<p>- Sporbarhed:<br \/>\n- V\u00e6vning - Bangladesh<br \/>\n- Farvning - Bangladesh<br \/>\n- Produktion - Bangladesh<br \/>\n- Indeholder 0 % genanvendt polyester<br \/>\n- Indeholder 0 % farlige stoffer<\/p>\n<p>Aldersbegr\u00e6nsninger: For voksne<br \/>\nEU-garanti: 2 \u00e5r<br \/>\nAndre oplysninger om overholdelse: Opfylder EU's REACH-krav.<\/p>\n<p>I overensstemmelse med den generelle produktsikkerhedsforordning (GPSR) <b>Pilluwear e.U<\/b>at alle forbrugerprodukter, der tilbydes, er sikre og overholder EU-standarderne. Hvis du har sp\u00f8rgsm\u00e5l eller bekymringer vedr\u00f8rende produktsikkerhed, bedes du kontakte os p\u00e5 <b>ruslan@pilluwear.com<\/b>eller pr. post til <b>Handelskai 98a\/59<br \/>\n1200 Wien.<b \/><\/p>","protected":false},"excerpt":{"rendered":"<p>Denne unisex T-shirt i 100 % ringspundet \u00f8kologisk bomuld er et absolut must-have. Den er af h\u00f8j kvalitet, superkomfortabel og bedst af alt - milj\u00f8venlig. - 100 % ringspundet \u00f8kologisk bomuld - Stofv\u00e6gt: 180 g\/m\u00b2 (5.3 oz.\/yd.\u00b2) - Single jersey - Medium pasform - Indsatte \u00e6rmer - 1 \u00d7 1 ribkant p\u00e5 kraven - Brede dobbelts\u00f8mme p\u00e5 \u00e6rmer og [...].<\/p>","protected":false},"featured_media":23646,"comment_status":"open","ping_status":"closed","template":"","meta":{"_uag_custom_page_level_css":"","_uf_show_specific_survey":0,"_uf_disable_surveys":false,"_themeisle_gutenberg_block_has_review":false},"product_brand":[],"product_cat":[108,122,35],"product_tag":[],"class_list":{"0":"post-23569","1":"product","2":"type-product","3":"status-publish","4":"has-post-thumbnail","6":"product_cat-jogger","7":"product_cat-kollektionen","8":"product_cat-tshirts","9":"pa_farbe-anthracite","10":"pa_farbe-burgundy","11":"pa_farbe-cotton-pink","12":"pa_farbe-dark-heather-blue","13":"pa_farbe-desert-dust","14":"pa_farbe-dunkles-heather-grau","15":"pa_farbe-fraiche-peche","16":"pa_farbe-french-navy","17":"pa_farbe-heather-grau","18":"pa_farbe-khaki","19":"pa_farbe-lavendel","20":"pa_farbe-schwarz","21":"pa_farbe-stargazer","22":"pa_farbe-weiss","23":"pa_grosse-2xl","24":"pa_grosse-3xl","25":"pa_grosse-l","26":"pa_grosse-m","27":"pa_grosse-s","28":"pa_grosse-xl","30":"first","31":"instock","32":"taxable","33":"shipping-taxable","34":"purchasable","35":"product-type-variable"},"aioseo_notices":[],"uagb_featured_image_src":{"full":["https:\/\/i0.wp.com\/pilluwear.com\/wp-content\/uploads\/2025\/02\/unisex-organic-cotton-t-shirt-khaki-front-679f887cd1be7.jpg?fit=2000%2C2000&ssl=1",2000,2000,false],"thumbnail":["https:\/\/i0.wp.com\/pilluwear.com\/wp-content\/uploads\/2025\/02\/unisex-organic-cotton-t-shirt-khaki-front-679f887cd1be7.jpg?resize=150%2C150&ssl=1",150,150,true],"medium":["https:\/\/i0.wp.com\/pilluwear.com\/wp-content\/uploads\/2025\/02\/unisex-organic-cotton-t-shirt-khaki-front-679f887cd1be7.jpg?fit=300%2C300&ssl=1",300,300,true],"medium_large":["https:\/\/i0.wp.com\/pilluwear.com\/wp-content\/uploads\/2025\/02\/unisex-organic-cotton-t-shirt-khaki-front-679f887cd1be7.jpg?fit=768%2C768&ssl=1",768,768,true],"large":["https:\/\/i0.wp.com\/pilluwear.com\/wp-content\/uploads\/2025\/02\/unisex-organic-cotton-t-shirt-khaki-front-679f887cd1be7.jpg?fit=1024%2C1024&ssl=1",1024,1024,true],"1536x1536":["https:\/\/i0.wp.com\/pilluwear.com\/wp-content\/uploads\/2025\/02\/unisex-organic-cotton-t-shirt-khaki-front-679f887cd1be7.jpg?fit=1536%2C1536&ssl=1",1536,1536,true],"2048x2048":["https:\/\/i0.wp.com\/pilluwear.com\/wp-content\/uploads\/2025\/02\/unisex-organic-cotton-t-shirt-khaki-front-679f887cd1be7.jpg?fit=2000%2C2000&ssl=1",2000,2000,true],"trp-custom-language-flag":["https:\/\/i0.wp.com\/pilluwear.com\/wp-content\/uploads\/2025\/02\/unisex-organic-cotton-t-shirt-khaki-front-679f887cd1be7.jpg?fit=12%2C12&ssl=1",12,12,true],"woocommerce_thumbnail":["https:\/\/i0.wp.com\/pilluwear.com\/wp-content\/uploads\/2025\/02\/unisex-organic-cotton-t-shirt-khaki-front-679f887cd1be7.jpg?resize=300%2C300&ssl=1",300,300,true],"woocommerce_single":["https:\/\/i0.wp.com\/pilluwear.com\/wp-content\/uploads\/2025\/02\/unisex-organic-cotton-t-shirt-khaki-front-679f887cd1be7.jpg?fit=600%2C600&ssl=1",600,600,true],"woocommerce_gallery_thumbnail":["https:\/\/i0.wp.com\/pilluwear.com\/wp-content\/uploads\/2025\/02\/unisex-organic-cotton-t-shirt-khaki-front-679f887cd1be7.jpg?resize=100%2C100&ssl=1",100,100,true]},"uagb_author_info":{"display_name":"pilluwear.com","author_link":"https:\/\/pilluwear.com\/da\/author\/"},"uagb_comment_info":0,"uagb_excerpt":"Dieses Unisex-T-Shirt aus 100 % ringgesponnener Bio-Baumwolle ist ein absolutes Muss. Es ist hochwertig, super bequem und das Beste von allem \u2013 umweltfreundlich. \u2022 100 % ringgesponnene Bio-Baumwolle \u2022 Stoffgewicht: 180 g\/m\u00b2 (5,3 oz.\/yd.\u00b2) \u2022 Single-Jersey \u2022 Mittlere Passform \u2022 Eingestellte \u00c4rmel \u2022 1 \u00d7 1 Rippung am Kragen \u2022 Breite Doppeln\u00e4hte an \u00c4rmeln und&hellip;","jetpack_sharing_enabled":true,"_links":{"self":[{"href":"https:\/\/pilluwear.com\/da\/wp-json\/wp\/v2\/product\/23569","targetHints":{"allow":["GET"]}}],"collection":[{"href":"https:\/\/pilluwear.com\/da\/wp-json\/wp\/v2\/product"}],"about":[{"href":"https:\/\/pilluwear.com\/da\/wp-json\/wp\/v2\/types\/product"}],"replies":[{"embeddable":true,"href":"https:\/\/pilluwear.com\/da\/wp-json\/wp\/v2\/comments?post=23569"}],"wp:featuredmedia":[{"embeddable":true,"href":"https:\/\/pilluwear.com\/da\/wp-json\/wp\/v2\/media\/23646"}],"wp:attachment":[{"href":"https:\/\/pilluwear.com\/da\/wp-json\/wp\/v2\/media?parent=23569"}],"wp:term":[{"taxonomy":"product_brand","embeddable":true,"href":"https:\/\/pilluwear.com\/da\/wp-json\/wp\/v2\/product_brand?post=23569"},{"taxonomy":"product_cat","embeddable":true,"href":"https:\/\/pilluwear.com\/da\/wp-json\/wp\/v2\/product_cat?post=23569"},{"taxonomy":"product_tag","embeddable":true,"href":"https:\/\/pilluwear.com\/da\/wp-json\/wp\/v2\/product_tag?post=23569"}],"curies":[{"name":"wp","href":"https:\/\/api.w.org\/{rel}","templated":true}]}}