{"id":22998,"date":"2024-11-07T14:48:03","date_gmt":"2024-11-07T13:48:03","guid":{"rendered":"https:\/\/pilluwear.com\/produkt\/skier-klassisches-unisex-t-shirt\/"},"modified":"2024-11-07T14:56:04","modified_gmt":"2024-11-07T13:56:04","slug":"skier-classic-unisex-t-shirt","status":"publish","type":"product","link":"https:\/\/pilluwear.com\/da\/produkt\/skier-classic-unisex-t-shirt\/","title":{"rendered":"Skil\u00f8ber - Klassisk Unisex T-shirt"},"content":{"rendered":"<p>Den klassiske unisex T-shirt af 100 % bomuld sikrer en lige linje. Den har en god pasform, rene linjer i kanterne og passer perfekt til streetwear-outfits med flere lag. Og s\u00e5 er den s\u00e6rligt trendy lige nu! <\/p>\n<p>- 100 % bomuld <br \/>\n- Sport Grey best\u00e5r af 90 % bomuld og 10 % polyester.<br \/>\n- Ash Grey best\u00e5r af 99 % bomuld, 1 % polyester<br \/>\n- Lyngfarver best\u00e5r af 50 % bomuld og 50 % polyester.<br \/>\n- Stoffets v\u00e6gt: 170-180 g\/m\u00b2 (5,0-5,3 oz\/yd\u00b2) <br \/>\n- \u00c5bent garn<br \/>\n- R\u00f8rformet stof<br \/>\n- Bandageret nakke og skulder  <br \/>\n- Dobbeltstikninger p\u00e5 \u00e6rmer og forneden  <br \/>\n- R\u00e5varer fra Honduras, Nicaragua, Haiti, Den Dominikanske Republik, Bangladesh, Mexico<\/p>\n<p>- Sporbarhed:<br \/>\n- Strikning - Honduras, Den Dominikanske Republik<br \/>\n- Farvel\u00e6gning - Honduras, Den Dominikanske Republik<br \/>\n- Produktion - Nicaragua, Honduras, Haiti, El Salvador eller Den Dominikanske Republik<br \/>\n- Indeholder 0 % genanvendt polyester<br \/>\n- Indeholder 0 % farlige stoffer<\/p>","protected":false},"excerpt":{"rendered":"<p>Den klassiske unisex T-shirt af 100 % bomuld sikrer en lige linje. Den sidder godt, har rene linjer i kanterne og passer perfekt til streetwear-outfits med flere lag. Og s\u00e5 er den s\u00e6rligt trendy lige nu! - 100 % Cotton - Sport Grey er 90 % bomuld og 10 % polyester - Ash Grey [...]<\/p>","protected":false},"featured_media":23097,"comment_status":"open","ping_status":"closed","template":"","meta":{"_uag_custom_page_level_css":"","_uf_show_specific_survey":0,"_uf_disable_surveys":false,"_themeisle_gutenberg_block_has_review":false},"product_brand":[],"product_cat":[122,282],"product_tag":[],"class_list":{"0":"post-22998","1":"product","2":"type-product","3":"status-publish","4":"has-post-thumbnail","6":"product_cat-kollektionen","7":"product_cat-skier","8":"pa_farbe-azalee","9":"pa_farbe-brown-savana","10":"pa_farbe-carolina-blau","11":"pa_farbe-dunkle-schokolade","12":"pa_farbe-dunkles-heather","13":"pa_farbe-gold","14":"pa_farbe-hellblau","15":"pa_farbe-kardinal","16":"pa_farbe-kastanienbraun","17":"pa_farbe-militaergruen","18":"pa_farbe-natuerlich","19":"pa_farbe-orange","20":"pa_farbe-royal","21":"pa_farbe-schwarz","22":"pa_farbe-sportgrau","23":"pa_farbe-weiss","24":"pa_grosse-2xl","25":"pa_grosse-3xl","26":"pa_grosse-l","27":"pa_grosse-m","28":"pa_grosse-s","29":"pa_grosse-xl","31":"first","32":"instock","33":"taxable","34":"shipping-taxable","35":"purchasable","36":"product-type-variable"},"aioseo_notices":[],"uagb_featured_image_src":{"full":["https:\/\/i0.wp.com\/pilluwear.com\/wp-content\/uploads\/2024\/11\/unisex-classic-tee-dark-chocolate-front-672cc2dc1f144.jpg?fit=2000%2C2000&ssl=1",2000,2000,false],"thumbnail":["https:\/\/i0.wp.com\/pilluwear.com\/wp-content\/uploads\/2024\/11\/unisex-classic-tee-dark-chocolate-front-672cc2dc1f144.jpg?resize=150%2C150&ssl=1",150,150,true],"medium":["https:\/\/i0.wp.com\/pilluwear.com\/wp-content\/uploads\/2024\/11\/unisex-classic-tee-dark-chocolate-front-672cc2dc1f144.jpg?fit=300%2C300&ssl=1",300,300,true],"medium_large":["https:\/\/i0.wp.com\/pilluwear.com\/wp-content\/uploads\/2024\/11\/unisex-classic-tee-dark-chocolate-front-672cc2dc1f144.jpg?fit=768%2C768&ssl=1",768,768,true],"large":["https:\/\/i0.wp.com\/pilluwear.com\/wp-content\/uploads\/2024\/11\/unisex-classic-tee-dark-chocolate-front-672cc2dc1f144.jpg?fit=1024%2C1024&ssl=1",1024,1024,true],"1536x1536":["https:\/\/i0.wp.com\/pilluwear.com\/wp-content\/uploads\/2024\/11\/unisex-classic-tee-dark-chocolate-front-672cc2dc1f144.jpg?fit=1536%2C1536&ssl=1",1536,1536,true],"2048x2048":["https:\/\/i0.wp.com\/pilluwear.com\/wp-content\/uploads\/2024\/11\/unisex-classic-tee-dark-chocolate-front-672cc2dc1f144.jpg?fit=2000%2C2000&ssl=1",2000,2000,true],"trp-custom-language-flag":["https:\/\/i0.wp.com\/pilluwear.com\/wp-content\/uploads\/2024\/11\/unisex-classic-tee-dark-chocolate-front-672cc2dc1f144.jpg?fit=12%2C12&ssl=1",12,12,true],"woocommerce_thumbnail":["https:\/\/i0.wp.com\/pilluwear.com\/wp-content\/uploads\/2024\/11\/unisex-classic-tee-dark-chocolate-front-672cc2dc1f144.jpg?resize=300%2C300&ssl=1",300,300,true],"woocommerce_single":["https:\/\/i0.wp.com\/pilluwear.com\/wp-content\/uploads\/2024\/11\/unisex-classic-tee-dark-chocolate-front-672cc2dc1f144.jpg?fit=600%2C600&ssl=1",600,600,true],"woocommerce_gallery_thumbnail":["https:\/\/i0.wp.com\/pilluwear.com\/wp-content\/uploads\/2024\/11\/unisex-classic-tee-dark-chocolate-front-672cc2dc1f144.jpg?resize=100%2C100&ssl=1",100,100,true]},"uagb_author_info":{"display_name":"pilluwear.com","author_link":"https:\/\/pilluwear.com\/da\/author\/"},"uagb_comment_info":0,"uagb_excerpt":"Das klassische Unisex-T-Shirt aus 100 % Baumwolle sorgt f\u00fcr eine gerade Linie. Es sitzt sch\u00f6n, beh\u00e4lt klare Linien an den Kanten und passt perfekt zu mehrschichtigen Streetwear-Outfits. Au\u00dferdem ist es jetzt besonders im Trend! \u2022 100 % Baumwolle \u2022 Sport Grey besteht zu 90 % aus Baumwolle und 10 % aus Polyester \u2022 Ash Grey&hellip;","jetpack_sharing_enabled":true,"_links":{"self":[{"href":"https:\/\/pilluwear.com\/da\/wp-json\/wp\/v2\/product\/22998","targetHints":{"allow":["GET"]}}],"collection":[{"href":"https:\/\/pilluwear.com\/da\/wp-json\/wp\/v2\/product"}],"about":[{"href":"https:\/\/pilluwear.com\/da\/wp-json\/wp\/v2\/types\/product"}],"replies":[{"embeddable":true,"href":"https:\/\/pilluwear.com\/da\/wp-json\/wp\/v2\/comments?post=22998"}],"wp:featuredmedia":[{"embeddable":true,"href":"https:\/\/pilluwear.com\/da\/wp-json\/wp\/v2\/media\/23097"}],"wp:attachment":[{"href":"https:\/\/pilluwear.com\/da\/wp-json\/wp\/v2\/media?parent=22998"}],"wp:term":[{"taxonomy":"product_brand","embeddable":true,"href":"https:\/\/pilluwear.com\/da\/wp-json\/wp\/v2\/product_brand?post=22998"},{"taxonomy":"product_cat","embeddable":true,"href":"https:\/\/pilluwear.com\/da\/wp-json\/wp\/v2\/product_cat?post=22998"},{"taxonomy":"product_tag","embeddable":true,"href":"https:\/\/pilluwear.com\/da\/wp-json\/wp\/v2\/product_tag?post=22998"}],"curies":[{"name":"wp","href":"https:\/\/api.w.org\/{rel}","templated":true}]}}