{"id":22327,"date":"2024-11-07T14:11:25","date_gmt":"2024-11-07T13:11:25","guid":{"rendered":"https:\/\/pilluwear.com\/produkt\/cozy-companion-unisex-bio-raglan-hoodie\/"},"modified":"2024-11-07T14:14:36","modified_gmt":"2024-11-07T13:14:36","slug":"cozy-companion-unisex-okologisk-raglan-haettetroje","status":"publish","type":"product","link":"https:\/\/pilluwear.com\/da\/produkt\/cozy-companion-unisex-okologisk-raglan-haettetroje\/","title":{"rendered":"Cozy Companion - Unisex \u00f8kologisk raglan-h\u00e6ttetr\u00f8je"},"content":{"rendered":"<p>Hvis der er \u00e9n moderegel, du b\u00f8r tage til dig, s\u00e5 er det, at du ikke beh\u00f8ver at ofre komfort for stil. Kombiner den superbl\u00f8de unisex \u00f8kologiske raglan-h\u00e6ttetr\u00f8je med et par joggers for et afslappet look, eller opgrader outfittet med en nederdel, en oversize blazer eller klassiske bukser. Den b\u00f8rstede inderside af h\u00e6ttetr\u00f8jen g\u00f8r den behagelig og hyggelig at have p\u00e5 og holder dig varm selv p\u00e5 koldere dage.<\/p>\n<p> - Yderside: 100 % \u00f8kologisk bomuld<br \/>\n - Antracitfarvet blandingsstof best\u00e5r af 60 % bomuld og 40 % genbrugspolyester<br \/>\n - Indvendigt i alle farver: 80 % \u00f8kologisk bomuld, 20 % genbrugspolyester<br \/>\n - B\u00f8rstet inderstof<br \/>\n - Normal pasform<br \/>\n - Raglan\u00e6rmer<br \/>\n - Ribbede manchetter og ribkant forneden<br \/>\n - Snor med metal\u00f8jer og -propper<br \/>\n - Indvendig h\u00e6tte i jersey<br \/>\n - R\u00e5produktet kommer fra Bangladesh<\/p>","protected":false},"excerpt":{"rendered":"<p>Hvis der er \u00e9n moderegel, du b\u00f8r tage til dig, s\u00e5 er det, at du ikke beh\u00f8ver at ofre komfort for stil. Kombiner den superbl\u00f8de unisex \u00f8kologiske raglan-h\u00e6ttetr\u00f8je med et par joggers for et afslappet look, eller opgrader outfittet med en nederdel, en oversize blazer eller klassiske bukser. Den b\u00f8rstede inderside af [...]<\/p>","protected":false},"featured_media":22372,"comment_status":"open","ping_status":"closed","template":"","meta":{"_uag_custom_page_level_css":"","_uf_show_specific_survey":0,"_uf_disable_surveys":false,"_themeisle_gutenberg_block_has_review":false},"product_brand":[],"product_cat":[116,122],"product_tag":[],"class_list":{"0":"post-22327","1":"product","2":"type-product","3":"status-publish","4":"has-post-thumbnail","6":"product_cat-dog","7":"product_cat-kollektionen","8":"pa_farbe-bottle-green","9":"pa_farbe-burgundy","10":"pa_farbe-charcoal-melange","11":"pa_farbe-gebrannte-orange","12":"pa_farbe-schwarz","13":"pa_farbe-weiss","14":"pa_grosse-2xl","15":"pa_grosse-3xl","16":"pa_grosse-l","17":"pa_grosse-m","18":"pa_grosse-s","19":"pa_grosse-xl","20":"pa_grosse-xs","22":"first","23":"instock","24":"taxable","25":"shipping-taxable","26":"purchasable","27":"product-type-variable"},"aioseo_notices":[],"uagb_featured_image_src":{"full":["https:\/\/i0.wp.com\/pilluwear.com\/wp-content\/uploads\/2024\/11\/unisex-eco-raglan-hoodie-burnt-orange-front-672cbac029496.jpg?fit=2000%2C2000&ssl=1",2000,2000,false],"thumbnail":["https:\/\/i0.wp.com\/pilluwear.com\/wp-content\/uploads\/2024\/11\/unisex-eco-raglan-hoodie-burnt-orange-front-672cbac029496.jpg?resize=150%2C150&ssl=1",150,150,true],"medium":["https:\/\/i0.wp.com\/pilluwear.com\/wp-content\/uploads\/2024\/11\/unisex-eco-raglan-hoodie-burnt-orange-front-672cbac029496.jpg?fit=300%2C300&ssl=1",300,300,true],"medium_large":["https:\/\/i0.wp.com\/pilluwear.com\/wp-content\/uploads\/2024\/11\/unisex-eco-raglan-hoodie-burnt-orange-front-672cbac029496.jpg?fit=768%2C768&ssl=1",768,768,true],"large":["https:\/\/i0.wp.com\/pilluwear.com\/wp-content\/uploads\/2024\/11\/unisex-eco-raglan-hoodie-burnt-orange-front-672cbac029496.jpg?fit=1024%2C1024&ssl=1",1024,1024,true],"1536x1536":["https:\/\/i0.wp.com\/pilluwear.com\/wp-content\/uploads\/2024\/11\/unisex-eco-raglan-hoodie-burnt-orange-front-672cbac029496.jpg?fit=1536%2C1536&ssl=1",1536,1536,true],"2048x2048":["https:\/\/i0.wp.com\/pilluwear.com\/wp-content\/uploads\/2024\/11\/unisex-eco-raglan-hoodie-burnt-orange-front-672cbac029496.jpg?fit=2000%2C2000&ssl=1",2000,2000,true],"trp-custom-language-flag":["https:\/\/i0.wp.com\/pilluwear.com\/wp-content\/uploads\/2024\/11\/unisex-eco-raglan-hoodie-burnt-orange-front-672cbac029496.jpg?fit=12%2C12&ssl=1",12,12,true],"woocommerce_thumbnail":["https:\/\/i0.wp.com\/pilluwear.com\/wp-content\/uploads\/2024\/11\/unisex-eco-raglan-hoodie-burnt-orange-front-672cbac029496.jpg?resize=300%2C300&ssl=1",300,300,true],"woocommerce_single":["https:\/\/i0.wp.com\/pilluwear.com\/wp-content\/uploads\/2024\/11\/unisex-eco-raglan-hoodie-burnt-orange-front-672cbac029496.jpg?fit=600%2C600&ssl=1",600,600,true],"woocommerce_gallery_thumbnail":["https:\/\/i0.wp.com\/pilluwear.com\/wp-content\/uploads\/2024\/11\/unisex-eco-raglan-hoodie-burnt-orange-front-672cbac029496.jpg?resize=100%2C100&ssl=1",100,100,true]},"uagb_author_info":{"display_name":"pilluwear.com","author_link":"https:\/\/pilluwear.com\/da\/author\/"},"uagb_comment_info":0,"uagb_excerpt":"Wenn es eine Mode-Regel gibt, die man sich zu Herzen nehmen sollte, dann die, dass man dem Stil zuliebe nicht auf Komfort verzichten muss. Kombiniere den super-weichen Unisex Bio-Raglan-Hoodie mit einer Jogginghose f\u00fcr einen l\u00e4ssigen Look oder werte das Outfit mit einem Rock, einem Oversize Blazer oder einer klassischen Hose auf. Die angeraute Innenseite des&hellip;","jetpack_sharing_enabled":true,"_links":{"self":[{"href":"https:\/\/pilluwear.com\/da\/wp-json\/wp\/v2\/product\/22327","targetHints":{"allow":["GET"]}}],"collection":[{"href":"https:\/\/pilluwear.com\/da\/wp-json\/wp\/v2\/product"}],"about":[{"href":"https:\/\/pilluwear.com\/da\/wp-json\/wp\/v2\/types\/product"}],"replies":[{"embeddable":true,"href":"https:\/\/pilluwear.com\/da\/wp-json\/wp\/v2\/comments?post=22327"}],"wp:featuredmedia":[{"embeddable":true,"href":"https:\/\/pilluwear.com\/da\/wp-json\/wp\/v2\/media\/22372"}],"wp:attachment":[{"href":"https:\/\/pilluwear.com\/da\/wp-json\/wp\/v2\/media?parent=22327"}],"wp:term":[{"taxonomy":"product_brand","embeddable":true,"href":"https:\/\/pilluwear.com\/da\/wp-json\/wp\/v2\/product_brand?post=22327"},{"taxonomy":"product_cat","embeddable":true,"href":"https:\/\/pilluwear.com\/da\/wp-json\/wp\/v2\/product_cat?post=22327"},{"taxonomy":"product_tag","embeddable":true,"href":"https:\/\/pilluwear.com\/da\/wp-json\/wp\/v2\/product_tag?post=22327"}],"curies":[{"name":"wp","href":"https:\/\/api.w.org\/{rel}","templated":true}]}}