{"id":20722,"date":"2024-05-30T13:59:02","date_gmt":"2024-05-30T11:59:02","guid":{"rendered":"https:\/\/pilluwear.com\/produkt\/music-lover-unisex-eco-sweatshirt\/"},"modified":"2024-05-30T14:00:04","modified_gmt":"2024-05-30T12:00:04","slug":"musikelsker-unisex-oko-sweatshirt","status":"publish","type":"product","link":"https:\/\/pilluwear.com\/da\/produkt\/musikelsker-unisex-oko-sweatshirt\/","title":{"rendered":"Music Lover - Unisex \u00f8ko-sweatshirt"},"content":{"rendered":"<p>L\u00f8ft din stil med denne unisex \u00f8ko-sweatshirt. Tr\u00f8jen har et chikt, skarpt look og vil passe godt til b\u00e5de afslappede og mere pyntede outfits. Sweatshirten er lavet af \u00f8kologisk bomuld og er slidst\u00e6rk, behagelig og ekstra bl\u00f8d.<\/p>\n<p>- 100% \u00f8kologisk ringspundet k\u00e6mmet bomuld<br \/>\n- Stofv\u00e6gt: 350 g\/m\u00b2 (10,3 oz.\/yd.\u00b2)<br \/>\n- Almindelig pasform<br \/>\n- Indsatte \u00e6rmer<br \/>\n- 1\u00d71 rib ved halskrave, \u00e6rmekant og nederste kant<br \/>\n- Dobbeltn\u00e5lede stikninger i halskraven, p\u00e5 \u00e6rmerne og forneden<br \/>\n- Indvendigt sildebensb\u00e5nd i nakken<br \/>\n- Halvm\u00e5ne af eget stof i nakken<br \/>\n- Blankt produkt fra Bangladesh<\/p>\n<p>St\u00f8rrelserne svarer til en mindre st\u00f8rrelse p\u00e5 det amerikanske marked, s\u00e5 amerikanske kunder b\u00f8r bestille en st\u00f8rrelse st\u00f8rre.<\/p>\n<p>Dette produkt bliver lavet specielt til dig, s\u00e5 snart du har bestilt det, og derfor tager det os lidt l\u00e6ngere tid at levere det til dig. At fremstille produkter efter behov i stedet for i l\u00f8s v\u00e6gt er med til at reducere overproduktion, s\u00e5 tak fordi du tr\u00e6ffer gennemt\u00e6nkte k\u00f8bsbeslutninger!<\/p>\n<p>- Sporbarhed:<br \/>\n- V\u00e6vning-Bangladesh<br \/>\n- Farvning-Bangladesh<br \/>\n- Produktion-Bangladesh<br \/>\n- Indeholder 15% genbrugspolyester<br \/>\n- Indeholder 0% farlige stoffer<\/p>","protected":false},"excerpt":{"rendered":"<p>L\u00f8ft din stil med denne unisex \u00f8ko-sweatshirt. Tr\u00f8jen har et chikt, skarpt look og vil passe godt til b\u00e5de afslappede og mere pyntede outfits. Sweatshirten er lavet af \u00f8kologisk bomuld og er slidst\u00e6rk, behagelig og ekstra bl\u00f8d. - 100% \u00f8kologisk ringspundet k\u00e6mmet bomuld - Stofv\u00e6gt: 350 g\/m\u00b2 (10.3 oz.\/yd.\u00b2) - Almindelig pasform [...]<\/p>","protected":false},"featured_media":20740,"comment_status":"open","ping_status":"closed","template":"","meta":{"_uag_custom_page_level_css":"","_uf_show_specific_survey":0,"_uf_disable_surveys":false,"_themeisle_gutenberg_block_has_review":false},"product_brand":[],"product_cat":[278,121],"product_tag":[],"class_list":{"0":"post-20722","1":"product","2":"type-product","3":"status-publish","4":"has-post-thumbnail","6":"product_cat-music-lover","7":"product_cat-pullover","8":"pa_size-2xl","9":"pa_size-l","10":"pa_size-m","11":"pa_size-s","12":"pa_size-xl","14":"first","15":"instock","16":"taxable","17":"shipping-taxable","18":"purchasable","19":"product-type-variable"},"aioseo_notices":[],"uagb_featured_image_src":{"full":["https:\/\/i0.wp.com\/pilluwear.com\/wp-content\/uploads\/2024\/05\/unisex-eco-sweatshirt-white-front-66586932b55c8.jpg?fit=2000%2C2000&ssl=1",2000,2000,false],"thumbnail":["https:\/\/i0.wp.com\/pilluwear.com\/wp-content\/uploads\/2024\/05\/unisex-eco-sweatshirt-white-front-66586932b55c8.jpg?resize=150%2C150&ssl=1",150,150,true],"medium":["https:\/\/i0.wp.com\/pilluwear.com\/wp-content\/uploads\/2024\/05\/unisex-eco-sweatshirt-white-front-66586932b55c8.jpg?fit=300%2C300&ssl=1",300,300,true],"medium_large":["https:\/\/i0.wp.com\/pilluwear.com\/wp-content\/uploads\/2024\/05\/unisex-eco-sweatshirt-white-front-66586932b55c8.jpg?fit=768%2C768&ssl=1",768,768,true],"large":["https:\/\/i0.wp.com\/pilluwear.com\/wp-content\/uploads\/2024\/05\/unisex-eco-sweatshirt-white-front-66586932b55c8.jpg?fit=1024%2C1024&ssl=1",1024,1024,true],"1536x1536":["https:\/\/i0.wp.com\/pilluwear.com\/wp-content\/uploads\/2024\/05\/unisex-eco-sweatshirt-white-front-66586932b55c8.jpg?fit=1536%2C1536&ssl=1",1536,1536,true],"2048x2048":["https:\/\/i0.wp.com\/pilluwear.com\/wp-content\/uploads\/2024\/05\/unisex-eco-sweatshirt-white-front-66586932b55c8.jpg?fit=2000%2C2000&ssl=1",2000,2000,true],"trp-custom-language-flag":["https:\/\/i0.wp.com\/pilluwear.com\/wp-content\/uploads\/2024\/05\/unisex-eco-sweatshirt-white-front-66586932b55c8.jpg?fit=12%2C12&ssl=1",12,12,true],"woocommerce_thumbnail":["https:\/\/i0.wp.com\/pilluwear.com\/wp-content\/uploads\/2024\/05\/unisex-eco-sweatshirt-white-front-66586932b55c8.jpg?resize=300%2C300&ssl=1",300,300,true],"woocommerce_single":["https:\/\/i0.wp.com\/pilluwear.com\/wp-content\/uploads\/2024\/05\/unisex-eco-sweatshirt-white-front-66586932b55c8.jpg?fit=600%2C600&ssl=1",600,600,true],"woocommerce_gallery_thumbnail":["https:\/\/i0.wp.com\/pilluwear.com\/wp-content\/uploads\/2024\/05\/unisex-eco-sweatshirt-white-front-66586932b55c8.jpg?resize=100%2C100&ssl=1",100,100,true]},"uagb_author_info":{"display_name":"pilluwear.com","author_link":"https:\/\/pilluwear.com\/da\/author\/"},"uagb_comment_info":0,"uagb_excerpt":"Elevate your style with this unisex eco sweatshirt. The shirt has a chic, crisp look and will go great with both casual and more dressed up outfits. Made of organic cotton, this sweatshirt is durable, comfy, and extra soft. \u2022 100% organic ring-spun combed cotton \u2022 Fabric weight: 350 g\/m\u00b2 (10.3 oz.\/yd.\u00b2) \u2022 Regular fit&hellip;","jetpack_sharing_enabled":true,"_links":{"self":[{"href":"https:\/\/pilluwear.com\/da\/wp-json\/wp\/v2\/product\/20722","targetHints":{"allow":["GET"]}}],"collection":[{"href":"https:\/\/pilluwear.com\/da\/wp-json\/wp\/v2\/product"}],"about":[{"href":"https:\/\/pilluwear.com\/da\/wp-json\/wp\/v2\/types\/product"}],"replies":[{"embeddable":true,"href":"https:\/\/pilluwear.com\/da\/wp-json\/wp\/v2\/comments?post=20722"}],"wp:featuredmedia":[{"embeddable":true,"href":"https:\/\/pilluwear.com\/da\/wp-json\/wp\/v2\/media\/20740"}],"wp:attachment":[{"href":"https:\/\/pilluwear.com\/da\/wp-json\/wp\/v2\/media?parent=20722"}],"wp:term":[{"taxonomy":"product_brand","embeddable":true,"href":"https:\/\/pilluwear.com\/da\/wp-json\/wp\/v2\/product_brand?post=20722"},{"taxonomy":"product_cat","embeddable":true,"href":"https:\/\/pilluwear.com\/da\/wp-json\/wp\/v2\/product_cat?post=20722"},{"taxonomy":"product_tag","embeddable":true,"href":"https:\/\/pilluwear.com\/da\/wp-json\/wp\/v2\/product_tag?post=20722"}],"curies":[{"name":"wp","href":"https:\/\/api.w.org\/{rel}","templated":true}]}}