{"id":20337,"date":"2024-05-29T16:55:17","date_gmt":"2024-05-29T14:55:17","guid":{"rendered":"https:\/\/pilluwear.com\/produkt\/bbq-umgeschlagene-beanie\/"},"modified":"2024-05-29T16:57:14","modified_gmt":"2024-05-29T14:57:14","slug":"bbq-indpakket-hue","status":"publish","type":"product","link":"https:\/\/pilluwear.com\/da\/produkt\/bbq-indpakket-hue\/","title":{"rendered":"BBQ - Indpakket hue"},"content":{"rendered":"<p>En t\u00e6tsiddende, hyggelig hue med opsm\u00f8g. Holder hovedet varmt og tilf\u00f8jer charme til din garderobe.<\/p>\n<p>- 100 % Turbo akryl<br \/>\n- L\u00e6ngde: 30 cm<br \/>\n- Hypoallergenisk<br \/>\n- Unisex<br \/>\n- H\u00e5ndvask mulig<br \/>\n- R\u00e5varer fra Vietnam eller Bangladesh<\/p>\n<p>Sporbarhed:<br \/>\n- Farvel\u00e6gning-Indonesien<br \/>\n- Fremstilling-Republikken Korea<br \/>\n- Indeholder 0 % genanvendt polyester<br \/>\n- Indeholder 0 % farlige stoffer<br \/>\n- Denne vare afgiver plastmikrofibre til milj\u00f8et under vask.<\/p>","protected":false},"excerpt":{"rendered":"<p>En t\u00e6tsiddende, hyggelig hue med opsm\u00f8g. Holder hovedet varmt og tilf\u00f8jer charme til din garderobe. - 100 % turboakryl - L\u00e6ngde: 30 cm - Allergivenlig - Unisex - H\u00e5ndvaskbar - R\u00e5materiale fra Vietnam eller Bangladesh Sporbarhed: - Farvning-Indonesien - Fremstilling-Republikken Korea - Indeholder 0 % genbrugspolyester - Indeholder 0 % farlige stoffer - [...]<\/p>","protected":false},"featured_media":20351,"comment_status":"open","ping_status":"closed","template":"","meta":{"_uag_custom_page_level_css":"","_uf_show_specific_survey":0,"_uf_disable_surveys":false,"_themeisle_gutenberg_block_has_review":false},"product_brand":[],"product_cat":[262,36],"product_tag":[],"class_list":{"0":"post-20337","1":"product","2":"type-product","3":"status-publish","4":"has-post-thumbnail","6":"product_cat-bbq","7":"product_cat-beany","8":"pa_farbe-baby-pink","9":"pa_farbe-braun","10":"pa_farbe-dunkelgrau","11":"pa_farbe-fichte","12":"pa_farbe-gold","13":"pa_farbe-heather-grau","14":"pa_farbe-navy","15":"pa_farbe-olive","16":"pa_farbe-rot","17":"pa_farbe-royal","18":"pa_farbe-schwarz","19":"pa_farbe-weiss","21":"first","22":"instock","23":"taxable","24":"shipping-taxable","25":"purchasable","26":"product-type-variable"},"aioseo_notices":[],"uagb_featured_image_src":{"full":["https:\/\/i0.wp.com\/pilluwear.com\/wp-content\/uploads\/2024\/05\/cuffed-beanie-olive-front-66573f5e94735.jpg?fit=2000%2C2000&ssl=1",2000,2000,false],"thumbnail":["https:\/\/i0.wp.com\/pilluwear.com\/wp-content\/uploads\/2024\/05\/cuffed-beanie-olive-front-66573f5e94735.jpg?resize=150%2C150&ssl=1",150,150,true],"medium":["https:\/\/i0.wp.com\/pilluwear.com\/wp-content\/uploads\/2024\/05\/cuffed-beanie-olive-front-66573f5e94735.jpg?fit=300%2C300&ssl=1",300,300,true],"medium_large":["https:\/\/i0.wp.com\/pilluwear.com\/wp-content\/uploads\/2024\/05\/cuffed-beanie-olive-front-66573f5e94735.jpg?fit=768%2C768&ssl=1",768,768,true],"large":["https:\/\/i0.wp.com\/pilluwear.com\/wp-content\/uploads\/2024\/05\/cuffed-beanie-olive-front-66573f5e94735.jpg?fit=1024%2C1024&ssl=1",1024,1024,true],"1536x1536":["https:\/\/i0.wp.com\/pilluwear.com\/wp-content\/uploads\/2024\/05\/cuffed-beanie-olive-front-66573f5e94735.jpg?fit=1536%2C1536&ssl=1",1536,1536,true],"2048x2048":["https:\/\/i0.wp.com\/pilluwear.com\/wp-content\/uploads\/2024\/05\/cuffed-beanie-olive-front-66573f5e94735.jpg?fit=2000%2C2000&ssl=1",2000,2000,true],"trp-custom-language-flag":["https:\/\/i0.wp.com\/pilluwear.com\/wp-content\/uploads\/2024\/05\/cuffed-beanie-olive-front-66573f5e94735.jpg?fit=12%2C12&ssl=1",12,12,true],"woocommerce_thumbnail":["https:\/\/i0.wp.com\/pilluwear.com\/wp-content\/uploads\/2024\/05\/cuffed-beanie-olive-front-66573f5e94735.jpg?resize=300%2C300&ssl=1",300,300,true],"woocommerce_single":["https:\/\/i0.wp.com\/pilluwear.com\/wp-content\/uploads\/2024\/05\/cuffed-beanie-olive-front-66573f5e94735.jpg?fit=600%2C600&ssl=1",600,600,true],"woocommerce_gallery_thumbnail":["https:\/\/i0.wp.com\/pilluwear.com\/wp-content\/uploads\/2024\/05\/cuffed-beanie-olive-front-66573f5e94735.jpg?resize=100%2C100&ssl=1",100,100,true]},"uagb_author_info":{"display_name":"pilluwear.com","author_link":"https:\/\/pilluwear.com\/da\/author\/"},"uagb_comment_info":0,"uagb_excerpt":"Eine eng anliegende, kuschlige Beanie mit Umschlag. H\u00e4lt deinen Kopf warm und verleiht deiner Garderobe Charm. \u2022 100 % Turbo-Acryl \u2022 L\u00e4nge: 30 cm \u2022 Hypoallergen \u2022 Unisex \u2022 Handw\u00e4sche m\u00f6glich \u2022 Rohprodukt bezogen aus Vietnam oder Bangladesch R\u00fcckverfolgbarkeit: &#8211; F\u00e4rben-Indonesien &#8211; Herstellung-Republik Korea &#8211; Enth\u00e4lt 0\u00a0% recyceltes Polyester &#8211; Enth\u00e4lt 0\u00a0% gef\u00e4hrliche Stoffe &#8211;&hellip;","jetpack_sharing_enabled":true,"_links":{"self":[{"href":"https:\/\/pilluwear.com\/da\/wp-json\/wp\/v2\/product\/20337","targetHints":{"allow":["GET"]}}],"collection":[{"href":"https:\/\/pilluwear.com\/da\/wp-json\/wp\/v2\/product"}],"about":[{"href":"https:\/\/pilluwear.com\/da\/wp-json\/wp\/v2\/types\/product"}],"replies":[{"embeddable":true,"href":"https:\/\/pilluwear.com\/da\/wp-json\/wp\/v2\/comments?post=20337"}],"wp:featuredmedia":[{"embeddable":true,"href":"https:\/\/pilluwear.com\/da\/wp-json\/wp\/v2\/media\/20351"}],"wp:attachment":[{"href":"https:\/\/pilluwear.com\/da\/wp-json\/wp\/v2\/media?parent=20337"}],"wp:term":[{"taxonomy":"product_brand","embeddable":true,"href":"https:\/\/pilluwear.com\/da\/wp-json\/wp\/v2\/product_brand?post=20337"},{"taxonomy":"product_cat","embeddable":true,"href":"https:\/\/pilluwear.com\/da\/wp-json\/wp\/v2\/product_cat?post=20337"},{"taxonomy":"product_tag","embeddable":true,"href":"https:\/\/pilluwear.com\/da\/wp-json\/wp\/v2\/product_tag?post=20337"}],"curies":[{"name":"wp","href":"https:\/\/api.w.org\/{rel}","templated":true}]}}