{"id":19952,"date":"2024-05-29T16:34:53","date_gmt":"2024-05-29T14:34:53","guid":{"rendered":"https:\/\/pilluwear.com\/produkt\/unisex-organic-cotton-t-shirt\/"},"modified":"2024-05-29T16:38:45","modified_gmt":"2024-05-29T14:38:45","slug":"unisex-t-shirt-i-okologisk-bomuld","status":"publish","type":"product","link":"https:\/\/pilluwear.com\/da\/produkt\/unisex-t-shirt-i-okologisk-bomuld\/","title":{"rendered":"Unisex t-shirt i \u00f8kologisk bomuld"},"content":{"rendered":"<p>Denne unisex t-shirt er lavet af 100% \u00f8kologisk ringspundet bomuld og er et totalt must-have. Den er af h\u00f8j kvalitet, superkomfortabel og bedst af alt milj\u00f8venlig.<\/p>\n<p>- 100% \u00f8kologisk ringspundet bomuld<br \/>\n- Stofv\u00e6gt: 5,3 oz.\/yd.\u00b2 (180 g\/m\u00b2)<br \/>\n- Enkelt tr\u00f8je<br \/>\n- Medium pasform<br \/>\n- Indsatte \u00e6rmer<br \/>\n- 1 \u00d7 1 rib ved kraven<br \/>\n- Brede dobbeltn\u00e5lede stikninger p\u00e5 \u00e6rmerne og forneden<br \/>\n- Nakkeb\u00e5nd af eget stof (indvendigt, bag p\u00e5 nakken)<br \/>\n- Blankt produkt fra Bangladesh<\/p>\n<p>St\u00f8rrelserne svarer til en mindre st\u00f8rrelse p\u00e5 det amerikanske marked, s\u00e5 amerikanske kunder b\u00f8r bestille en st\u00f8rrelse st\u00f8rre.<\/p>\n<p>Dette produkt bliver lavet specielt til dig, s\u00e5 snart du har bestilt det, og derfor tager det os lidt l\u00e6ngere tid at levere det til dig. At fremstille produkter efter behov i stedet for i l\u00f8s v\u00e6gt er med til at reducere overproduktion, s\u00e5 tak fordi du tr\u00e6ffer gennemt\u00e6nkte k\u00f8bsbeslutninger!<\/p>","protected":false},"excerpt":{"rendered":"<p>Denne unisex t-shirt er lavet af 100% \u00f8kologisk ringspundet bomuld og er et totalt must-have. Den er af h\u00f8j kvalitet, superkomfortabel og bedst af alt milj\u00f8venlig. - 100% \u00f8kologisk ringspundet bomuld - Stofv\u00e6gt: 5,3 oz.\/yd.\u00b2 (180 g\/m\u00b2) - Single jersey - Medium pasform - Indsatte \u00e6rmer - 1 \u00d7 1 rib ved kraven - Brede dobbeltn\u00e5lede stikninger p\u00e5 [...].<\/p>","protected":false},"featured_media":20029,"comment_status":"open","ping_status":"closed","template":"","meta":{"_uag_custom_page_level_css":"","_uf_show_specific_survey":0,"_uf_disable_surveys":false,"_themeisle_gutenberg_block_has_review":false},"product_brand":[],"product_cat":[122],"product_tag":[],"class_list":{"0":"post-19952","1":"product","2":"type-product","3":"status-publish","4":"has-post-thumbnail","6":"product_cat-kollektionen","7":"pa_size-2xl","8":"pa_size-3xl","9":"pa_size-l","10":"pa_size-m","11":"pa_size-s","12":"pa_size-xl","14":"first","15":"instock","16":"taxable","17":"shipping-taxable","18":"purchasable","19":"product-type-variable"},"aioseo_notices":[],"uagb_featured_image_src":{"full":["https:\/\/i0.wp.com\/pilluwear.com\/wp-content\/uploads\/2024\/05\/unisex-organic-cotton-t-shirt-black-front-66573c912d393.jpg?fit=2000%2C2000&ssl=1",2000,2000,false],"thumbnail":["https:\/\/i0.wp.com\/pilluwear.com\/wp-content\/uploads\/2024\/05\/unisex-organic-cotton-t-shirt-black-front-66573c912d393.jpg?resize=150%2C150&ssl=1",150,150,true],"medium":["https:\/\/i0.wp.com\/pilluwear.com\/wp-content\/uploads\/2024\/05\/unisex-organic-cotton-t-shirt-black-front-66573c912d393.jpg?fit=300%2C300&ssl=1",300,300,true],"medium_large":["https:\/\/i0.wp.com\/pilluwear.com\/wp-content\/uploads\/2024\/05\/unisex-organic-cotton-t-shirt-black-front-66573c912d393.jpg?fit=768%2C768&ssl=1",768,768,true],"large":["https:\/\/i0.wp.com\/pilluwear.com\/wp-content\/uploads\/2024\/05\/unisex-organic-cotton-t-shirt-black-front-66573c912d393.jpg?fit=1024%2C1024&ssl=1",1024,1024,true],"1536x1536":["https:\/\/i0.wp.com\/pilluwear.com\/wp-content\/uploads\/2024\/05\/unisex-organic-cotton-t-shirt-black-front-66573c912d393.jpg?fit=1536%2C1536&ssl=1",1536,1536,true],"2048x2048":["https:\/\/i0.wp.com\/pilluwear.com\/wp-content\/uploads\/2024\/05\/unisex-organic-cotton-t-shirt-black-front-66573c912d393.jpg?fit=2000%2C2000&ssl=1",2000,2000,true],"trp-custom-language-flag":["https:\/\/i0.wp.com\/pilluwear.com\/wp-content\/uploads\/2024\/05\/unisex-organic-cotton-t-shirt-black-front-66573c912d393.jpg?fit=12%2C12&ssl=1",12,12,true],"woocommerce_thumbnail":["https:\/\/i0.wp.com\/pilluwear.com\/wp-content\/uploads\/2024\/05\/unisex-organic-cotton-t-shirt-black-front-66573c912d393.jpg?resize=300%2C300&ssl=1",300,300,true],"woocommerce_single":["https:\/\/i0.wp.com\/pilluwear.com\/wp-content\/uploads\/2024\/05\/unisex-organic-cotton-t-shirt-black-front-66573c912d393.jpg?fit=600%2C600&ssl=1",600,600,true],"woocommerce_gallery_thumbnail":["https:\/\/i0.wp.com\/pilluwear.com\/wp-content\/uploads\/2024\/05\/unisex-organic-cotton-t-shirt-black-front-66573c912d393.jpg?resize=100%2C100&ssl=1",100,100,true]},"uagb_author_info":{"display_name":"pilluwear.com","author_link":"https:\/\/pilluwear.com\/da\/author\/"},"uagb_comment_info":0,"uagb_excerpt":"Made from 100% organic ring-spun cotton, this unisex t-shirt is a total must-have. It&#8217;s high-quality, super comfy, and best of all\u2014eco-friendly. \u2022 100% organic ring-spun cotton \u2022 Fabric weight: 5.3 oz.\/yd.\u00b2 (180 g\/m\u00b2) \u2022 Single jersey \u2022 Medium fit \u2022 Set-in sleeves \u2022 1 \u00d7 1 rib at collar \u2022 Wide double-needle topstitch on the&hellip;","jetpack_sharing_enabled":true,"_links":{"self":[{"href":"https:\/\/pilluwear.com\/da\/wp-json\/wp\/v2\/product\/19952","targetHints":{"allow":["GET"]}}],"collection":[{"href":"https:\/\/pilluwear.com\/da\/wp-json\/wp\/v2\/product"}],"about":[{"href":"https:\/\/pilluwear.com\/da\/wp-json\/wp\/v2\/types\/product"}],"replies":[{"embeddable":true,"href":"https:\/\/pilluwear.com\/da\/wp-json\/wp\/v2\/comments?post=19952"}],"wp:featuredmedia":[{"embeddable":true,"href":"https:\/\/pilluwear.com\/da\/wp-json\/wp\/v2\/media\/20029"}],"wp:attachment":[{"href":"https:\/\/pilluwear.com\/da\/wp-json\/wp\/v2\/media?parent=19952"}],"wp:term":[{"taxonomy":"product_brand","embeddable":true,"href":"https:\/\/pilluwear.com\/da\/wp-json\/wp\/v2\/product_brand?post=19952"},{"taxonomy":"product_cat","embeddable":true,"href":"https:\/\/pilluwear.com\/da\/wp-json\/wp\/v2\/product_cat?post=19952"},{"taxonomy":"product_tag","embeddable":true,"href":"https:\/\/pilluwear.com\/da\/wp-json\/wp\/v2\/product_tag?post=19952"}],"curies":[{"name":"wp","href":"https:\/\/api.w.org\/{rel}","templated":true}]}}