{"id":18708,"date":"2024-05-24T18:25:08","date_gmt":"2024-05-24T16:25:08","guid":{"rendered":"https:\/\/pilluwear.com\/produkt\/cuffed-beanie\/"},"modified":"2024-05-24T18:27:09","modified_gmt":"2024-05-24T16:27:09","slug":"hue-med-manchetter","status":"publish","type":"product","link":"https:\/\/pilluwear.com\/da\/produkt\/hue-med-manchetter\/","title":{"rendered":"Hue med manchetter"},"content":{"rendered":"<p>En t\u00e6t, t\u00e6tsiddende hue. Det er ikke kun en god hovedvarmer, men ogs\u00e5 et vigtigt tilbeh\u00f8r i enhver garderobe.<\/p>\n<p>- 100% Turbo Akryl<br \/>\n- 12\u2033 (30 cm) i l\u00e6ngden<br \/>\n- Hypoallergenisk\u00a0<br \/>\n- Unisex-stil<br \/>\n- Kan vaskes i h\u00e5nden<br \/>\n- Ubeskyttet produkt fra Vietnam, Bangladesh eller Republikken Korea<\/p>\n<p>Dette produkt bliver lavet specielt til dig, s\u00e5 snart du har bestilt det, og derfor tager det os lidt l\u00e6ngere tid at levere det til dig. At fremstille produkter efter behov i stedet for i l\u00f8s v\u00e6gt er med til at reducere overproduktion, s\u00e5 tak fordi du tr\u00e6ffer gennemt\u00e6nkte k\u00f8bsbeslutninger!<\/p>\n<p>- Sporbarhed:<br \/>\n- Farvning-Indonesien<br \/>\n- Produktion - Republikken Korea<br \/>\n- Indeholder 0% genbrugspolyester<br \/>\n- Indeholder 0% farlige stoffer<br \/>\n- Denne vare frigiver plastmikrofibre til milj\u00f8et under vask.<\/p>","protected":false},"excerpt":{"rendered":"<p>En t\u00e6tsiddende, t\u00e6tsiddende hue. Den er ikke kun god til at varme hovedet, men ogs\u00e5 et vigtigt tilbeh\u00f8r i enhver garderobe. - 100% Turbo Akryl - 12\u2033 (30 cm) i l\u00e6ngden - Allergivenlig - Unisex-stil - Kan vaskes i h\u00e5nden - Blank produkt fra Vietnam, Bangladesh eller Republikken Korea Dette produkt er lavet specielt til dig [...]<\/p>","protected":false},"featured_media":18722,"comment_status":"open","ping_status":"closed","template":"","meta":{"_uag_custom_page_level_css":"","_uf_show_specific_survey":0,"_uf_disable_surveys":false,"_themeisle_gutenberg_block_has_review":false},"product_brand":[],"product_cat":[36,253],"product_tag":[],"class_list":{"0":"post-18708","1":"product","2":"type-product","3":"status-publish","4":"has-post-thumbnail","6":"product_cat-beany","7":"product_cat-biker","9":"first","10":"instock","11":"taxable","12":"shipping-taxable","13":"purchasable","14":"product-type-variable"},"aioseo_notices":[],"uagb_featured_image_src":{"full":["https:\/\/i0.wp.com\/pilluwear.com\/wp-content\/uploads\/2024\/05\/cuffed-beanie-black-front-6650bcd0e22cf.jpg?fit=2000%2C2000&ssl=1",2000,2000,false],"thumbnail":["https:\/\/i0.wp.com\/pilluwear.com\/wp-content\/uploads\/2024\/05\/cuffed-beanie-black-front-6650bcd0e22cf.jpg?resize=150%2C150&ssl=1",150,150,true],"medium":["https:\/\/i0.wp.com\/pilluwear.com\/wp-content\/uploads\/2024\/05\/cuffed-beanie-black-front-6650bcd0e22cf.jpg?fit=300%2C300&ssl=1",300,300,true],"medium_large":["https:\/\/i0.wp.com\/pilluwear.com\/wp-content\/uploads\/2024\/05\/cuffed-beanie-black-front-6650bcd0e22cf.jpg?fit=768%2C768&ssl=1",768,768,true],"large":["https:\/\/i0.wp.com\/pilluwear.com\/wp-content\/uploads\/2024\/05\/cuffed-beanie-black-front-6650bcd0e22cf.jpg?fit=1024%2C1024&ssl=1",1024,1024,true],"1536x1536":["https:\/\/i0.wp.com\/pilluwear.com\/wp-content\/uploads\/2024\/05\/cuffed-beanie-black-front-6650bcd0e22cf.jpg?fit=1536%2C1536&ssl=1",1536,1536,true],"2048x2048":["https:\/\/i0.wp.com\/pilluwear.com\/wp-content\/uploads\/2024\/05\/cuffed-beanie-black-front-6650bcd0e22cf.jpg?fit=2000%2C2000&ssl=1",2000,2000,true],"trp-custom-language-flag":["https:\/\/i0.wp.com\/pilluwear.com\/wp-content\/uploads\/2024\/05\/cuffed-beanie-black-front-6650bcd0e22cf.jpg?fit=12%2C12&ssl=1",12,12,true],"woocommerce_thumbnail":["https:\/\/i0.wp.com\/pilluwear.com\/wp-content\/uploads\/2024\/05\/cuffed-beanie-black-front-6650bcd0e22cf.jpg?resize=300%2C300&ssl=1",300,300,true],"woocommerce_single":["https:\/\/i0.wp.com\/pilluwear.com\/wp-content\/uploads\/2024\/05\/cuffed-beanie-black-front-6650bcd0e22cf.jpg?fit=600%2C600&ssl=1",600,600,true],"woocommerce_gallery_thumbnail":["https:\/\/i0.wp.com\/pilluwear.com\/wp-content\/uploads\/2024\/05\/cuffed-beanie-black-front-6650bcd0e22cf.jpg?resize=100%2C100&ssl=1",100,100,true]},"uagb_author_info":{"display_name":"pilluwear.com","author_link":"https:\/\/pilluwear.com\/da\/author\/"},"uagb_comment_info":0,"uagb_excerpt":"A snug, form-fitting beanie. It&#8217;s not only a great head-warming piece but a staple accessory in anyone&#8217;s wardrobe. \u2022 100% Turbo Acrylic \u2022 12\u2033 (30 cm) in length \u2022 Hypoallergenic\u00a0 \u2022 Unisex style \u2022 Hand washable \u2022 Blank product sourced from Vietnam, Bangladesh or the Republic of Korea This product is made especially for you&hellip;","jetpack_sharing_enabled":true,"_links":{"self":[{"href":"https:\/\/pilluwear.com\/da\/wp-json\/wp\/v2\/product\/18708","targetHints":{"allow":["GET"]}}],"collection":[{"href":"https:\/\/pilluwear.com\/da\/wp-json\/wp\/v2\/product"}],"about":[{"href":"https:\/\/pilluwear.com\/da\/wp-json\/wp\/v2\/types\/product"}],"replies":[{"embeddable":true,"href":"https:\/\/pilluwear.com\/da\/wp-json\/wp\/v2\/comments?post=18708"}],"wp:featuredmedia":[{"embeddable":true,"href":"https:\/\/pilluwear.com\/da\/wp-json\/wp\/v2\/media\/18722"}],"wp:attachment":[{"href":"https:\/\/pilluwear.com\/da\/wp-json\/wp\/v2\/media?parent=18708"}],"wp:term":[{"taxonomy":"product_brand","embeddable":true,"href":"https:\/\/pilluwear.com\/da\/wp-json\/wp\/v2\/product_brand?post=18708"},{"taxonomy":"product_cat","embeddable":true,"href":"https:\/\/pilluwear.com\/da\/wp-json\/wp\/v2\/product_cat?post=18708"},{"taxonomy":"product_tag","embeddable":true,"href":"https:\/\/pilluwear.com\/da\/wp-json\/wp\/v2\/product_tag?post=18708"}],"curies":[{"name":"wp","href":"https:\/\/api.w.org\/{rel}","templated":true}]}}