{"id":15941,"date":"2024-05-21T17:30:18","date_gmt":"2024-05-21T15:30:18","guid":{"rendered":"https:\/\/pilluwear.com\/produkt\/sunbather-unisex-oeko-pullover\/"},"modified":"2024-05-21T18:03:06","modified_gmt":"2024-05-21T16:03:06","slug":"sunbather-unisex-oeko-pullover","status":"publish","type":"product","link":"https:\/\/pilluwear.com\/da\/produkt\/sunbather-unisex-oeko-pullover\/","title":{"rendered":"Sunbather - Unisex \u00f8ko-tr\u00f8je"},"content":{"rendered":"<p>Pift din stil op med denne unisex \u00f8ko-tr\u00f8je. Tr\u00f8jen har et chikt, skarpt look og passer godt til b\u00e5de afslappede og smarte outfits. Denne sweatshirt i \u00f8kologisk bomuld er slidst\u00e6rk, behagelig og s\u00e6rdeles bl\u00f8d.<\/p>\n<p>- 100% \u00f8kologisk, ringspundet, k\u00e6mmet bomuld<br \/>\n- Stofv\u00e6gt: 10,3 oz.\/yd.\u00b2 (350 g\/m\u00b2)<br \/>\n- Normal pasform<br \/>\n- Indsatte \u00e6rmer<br \/>\n- 1\u00d71 rib i halskrave, \u00e6rmekant og forneden<br \/>\n- Dobbeltsyede stikninger p\u00e5 halskrave, \u00e6rmer og nederste kant<br \/>\n- Halsb\u00e5nd med sildebensm\u00f8nster p\u00e5 indersiden<br \/>\n- Selvstrikket halvm\u00e5ne i nakken<br \/>\n- Blank fra Bangladesh<\/p>\n<p>St\u00f8rrelserne svarer til en mindre st\u00f8rrelse p\u00e5 det amerikanske marked, s\u00e5 amerikanske kunder b\u00f8r bestille en st\u00f8rrelse st\u00f8rre.<\/p>\n<p>- Sporbarhed:<br \/>\n- V\u00e6vning - Bangladesh<br \/>\n- Farvning - Bangladesh<br \/>\n- Produktion - Bangladesh<br \/>\n- Indeholder 15 stk. % genbrugspolyester<br \/>\n- Indeholder 0 % farlige stoffer<\/p>","protected":false},"excerpt":{"rendered":"<p>Pift din stil op med denne unisex \u00f8ko-tr\u00f8je. Tr\u00f8jen har et chikt, skarpt look og passer godt til b\u00e5de afslappede og smarte outfits. Denne sweatshirt i \u00f8kologisk bomuld er slidst\u00e6rk, behagelig og s\u00e6rdeles bl\u00f8d. - 100% \u00f8kologisk, ringspundet, k\u00e6mmet bomuld - Stofv\u00e6gt: 10,3 oz.\/yd.\u00b2 (350 g\/m\u00b2) - Almindelig pasform - Indsatte \u00e6rmer - 1\u00d71 [...]<\/p>","protected":false},"featured_media":15954,"comment_status":"open","ping_status":"closed","template":"","meta":{"_uag_custom_page_level_css":"","_uf_show_specific_survey":0,"_uf_disable_surveys":false,"_themeisle_gutenberg_block_has_review":false},"product_brand":[],"product_cat":[121,120],"product_tag":[],"class_list":{"0":"post-15941","1":"product","2":"type-product","3":"status-publish","4":"has-post-thumbnail","6":"product_cat-pullover","7":"product_cat-beach","8":"pa_farbe-french-navy","9":"pa_farbe-schwarz","10":"pa_grosse-2xl","11":"pa_grosse-l","12":"pa_grosse-m","13":"pa_grosse-s","14":"pa_grosse-xl","16":"first","17":"instock","18":"taxable","19":"shipping-taxable","20":"purchasable","21":"product-type-variable"},"aioseo_notices":[],"uagb_featured_image_src":{"full":["https:\/\/i0.wp.com\/pilluwear.com\/wp-content\/uploads\/2024\/05\/unisex-eco-sweatshirt-french-navy-left-front-664cbdd068b61.jpg?fit=2000%2C2000&ssl=1",2000,2000,false],"thumbnail":["https:\/\/i0.wp.com\/pilluwear.com\/wp-content\/uploads\/2024\/05\/unisex-eco-sweatshirt-french-navy-left-front-664cbdd068b61.jpg?resize=150%2C150&ssl=1",150,150,true],"medium":["https:\/\/i0.wp.com\/pilluwear.com\/wp-content\/uploads\/2024\/05\/unisex-eco-sweatshirt-french-navy-left-front-664cbdd068b61.jpg?fit=300%2C300&ssl=1",300,300,true],"medium_large":["https:\/\/i0.wp.com\/pilluwear.com\/wp-content\/uploads\/2024\/05\/unisex-eco-sweatshirt-french-navy-left-front-664cbdd068b61.jpg?fit=768%2C768&ssl=1",768,768,true],"large":["https:\/\/i0.wp.com\/pilluwear.com\/wp-content\/uploads\/2024\/05\/unisex-eco-sweatshirt-french-navy-left-front-664cbdd068b61.jpg?fit=1024%2C1024&ssl=1",1024,1024,true],"1536x1536":["https:\/\/i0.wp.com\/pilluwear.com\/wp-content\/uploads\/2024\/05\/unisex-eco-sweatshirt-french-navy-left-front-664cbdd068b61.jpg?fit=1536%2C1536&ssl=1",1536,1536,true],"2048x2048":["https:\/\/i0.wp.com\/pilluwear.com\/wp-content\/uploads\/2024\/05\/unisex-eco-sweatshirt-french-navy-left-front-664cbdd068b61.jpg?fit=2000%2C2000&ssl=1",2000,2000,true],"trp-custom-language-flag":["https:\/\/i0.wp.com\/pilluwear.com\/wp-content\/uploads\/2024\/05\/unisex-eco-sweatshirt-french-navy-left-front-664cbdd068b61.jpg?fit=12%2C12&ssl=1",12,12,true],"woocommerce_thumbnail":["https:\/\/i0.wp.com\/pilluwear.com\/wp-content\/uploads\/2024\/05\/unisex-eco-sweatshirt-french-navy-left-front-664cbdd068b61.jpg?resize=300%2C300&ssl=1",300,300,true],"woocommerce_single":["https:\/\/i0.wp.com\/pilluwear.com\/wp-content\/uploads\/2024\/05\/unisex-eco-sweatshirt-french-navy-left-front-664cbdd068b61.jpg?fit=600%2C600&ssl=1",600,600,true],"woocommerce_gallery_thumbnail":["https:\/\/i0.wp.com\/pilluwear.com\/wp-content\/uploads\/2024\/05\/unisex-eco-sweatshirt-french-navy-left-front-664cbdd068b61.jpg?resize=100%2C100&ssl=1",100,100,true]},"uagb_author_info":{"display_name":"pilluwear.com","author_link":"https:\/\/pilluwear.com\/da\/author\/"},"uagb_comment_info":0,"uagb_excerpt":"Mit diesem Unisex-\u00d6ko-Pullover kannst du deinen Stil aufpeppen. Das Shirt hat einen schicken, knackigen Look und passt sowohl zu legeren als auch zu schickeren Outfits. Dieses Sweatshirt aus Bio-Baumwolle ist strapazierf\u00e4hig, bequem und besonders weich. \u2022 100% organische, ringgesponnene, gek\u00e4mmte Baumwolle \u2022 Stoffgewicht: 10,3 oz.\/yd.\u00b2 (350 g\/m\u00b2) \u2022 Normale Passform \u2022 Eingesetzte \u00c4rmel \u2022 1\u00d71&hellip;","jetpack_sharing_enabled":true,"_links":{"self":[{"href":"https:\/\/pilluwear.com\/da\/wp-json\/wp\/v2\/product\/15941","targetHints":{"allow":["GET"]}}],"collection":[{"href":"https:\/\/pilluwear.com\/da\/wp-json\/wp\/v2\/product"}],"about":[{"href":"https:\/\/pilluwear.com\/da\/wp-json\/wp\/v2\/types\/product"}],"replies":[{"embeddable":true,"href":"https:\/\/pilluwear.com\/da\/wp-json\/wp\/v2\/comments?post=15941"}],"wp:featuredmedia":[{"embeddable":true,"href":"https:\/\/pilluwear.com\/da\/wp-json\/wp\/v2\/media\/15954"}],"wp:attachment":[{"href":"https:\/\/pilluwear.com\/da\/wp-json\/wp\/v2\/media?parent=15941"}],"wp:term":[{"taxonomy":"product_brand","embeddable":true,"href":"https:\/\/pilluwear.com\/da\/wp-json\/wp\/v2\/product_brand?post=15941"},{"taxonomy":"product_cat","embeddable":true,"href":"https:\/\/pilluwear.com\/da\/wp-json\/wp\/v2\/product_cat?post=15941"},{"taxonomy":"product_tag","embeddable":true,"href":"https:\/\/pilluwear.com\/da\/wp-json\/wp\/v2\/product_tag?post=15941"}],"curies":[{"name":"wp","href":"https:\/\/api.w.org\/{rel}","templated":true}]}}