{"id":6145,"date":"2024-05-17T11:11:19","date_gmt":"2024-05-17T09:11:19","guid":{"rendered":"https:\/\/pilluwear.com\/datenschutzerklaerung-eu\/"},"modified":"2024-05-17T11:11:19","modified_gmt":"2024-05-17T09:11:19","slug":"erklaering-om-databeskyttelse-eu","status":"publish","type":"page","link":"https:\/\/pilluwear.com\/da\/erklaering-om-databeskyttelse-eu\/","title":{"rendered":"Politik for beskyttelse af personlige oplysninger (EU)"},"content":{"rendered":"<!-- Legal document generated by Complianz | GDPR\/CCPA Cookie Consent https:\/\/wordpress.org\/plugins\/complianz-gdpr -->\n<div id=\"cmplz-document\" class=\"cmplz-document privacy-statement cmplz-document-eu\"><h2>1. Form, data og driftsperiode<\/h2>Vi kan indsamle eller \u00e6ndre personlige oplysninger i en klar form i forbindelse med vores forretningsaktiviteter, som kan omfatte f\u00f8lgende: (klik for at f\u00e5 flere oplysninger)<details class=\"cmplz-dropdown dropdown-privacy-statement\"><summary><div><h3>1.1 Kontakt - via telefon, e-mail eller webformular<\/h3><\/div><\/summary><p class=\"cmplz-subtitle\">Til dette form\u00e5l bruger vi f\u00f8lgende data:<\/p><p><ul><li>Et for- og efternavn<\/li><li>Kontonavn eller alias<\/li><li>En adresse, som inkluderer en postadresse, postnummer og by<\/li><li>En e-mailadresse<\/li><li>Et telefonnummer<\/li><li>F\u00f8dselsdato<\/li><\/ul><\/p><p class=\"cmplz-subtitle\">Grundlaget for, at vi kan h\u00e5ndtere disse data, er:<\/p><p><a target=\"_blank\" rel=\"noopener noreferrer nofollow\" href=\"https:\/\/cookiedatabase.org\/legal-bases\/#agreement\">Det er kun n\u00f8dvendigt at indg\u00e5 en kontrakt eller en selvst\u00e6ndig procedure i forbindelse med en kontrakt, som registranten er part i.<\/a><\/p><p class=\"cmplz-subtitle\">Opbevaringsperiode<\/p><p>Vi opbevarer disse data, indtil tjenesten afsluttes.<\/p><\/details><details class=\"cmplz-dropdown dropdown-privacy-statement\"><summary><div><h3>1.2 Betalinger<\/h3><\/div><\/summary><p class=\"cmplz-subtitle\">Til dette form\u00e5l bruger vi f\u00f8lgende data:<\/p><p><ul><li>Et for- og efternavn<\/li><li>En adresse, som inkluderer en postadresse, postnummer og by<\/li><li>Kontonavn eller alias<\/li><li>En e-mailadresse<\/li><li>\u00d8konomiske oplysninger s\u00e5som bankkontonummer og kreditkortnummer<\/li><\/ul><\/p><p class=\"cmplz-subtitle\">Grundlaget for, at vi kan h\u00e5ndtere disse data, er:<\/p><p><a target=\"_blank\" rel=\"noopener noreferrer nofollow\" href=\"https:\/\/cookiedatabase.org\/legal-bases\/#agreement\">Det er kun n\u00f8dvendigt at indg\u00e5 en kontrakt eller en selvst\u00e6ndig procedure i forbindelse med en kontrakt, som registranten er part i.<\/a><\/p><p class=\"cmplz-subtitle\">Opbevaringsperiode<\/p><p>Vi opbevarer disse data, indtil tjenesten afsluttes.<\/p><\/details><details class=\"cmplz-dropdown dropdown-privacy-statement\"><summary><div><h3>1.3 Registrering af en konto<\/h3><\/div><\/summary><p class=\"cmplz-subtitle\">Til dette form\u00e5l bruger vi f\u00f8lgende data:<\/p><p><ul><li>Et for- og efternavn<\/li><li>Kontonavn eller alias<\/li><li>En adresse, som inkluderer en postadresse, postnummer og by<\/li><li>En e-mailadresse<\/li><li>Et telefonnummer<\/li><li>\u00d8konomiske oplysninger s\u00e5som bankkontonummer og kreditkortnummer<\/li><li>IP-adresse<\/li><\/ul><\/p><p class=\"cmplz-subtitle\">Grundlaget for, at vi kan h\u00e5ndtere disse data, er:<\/p><p><a target=\"_blank\" rel=\"noopener noreferrer nofollow\" href=\"https:\/\/cookiedatabase.org\/legal-bases\/#agreement\">Det er kun n\u00f8dvendigt at indg\u00e5 en kontrakt eller en selvst\u00e6ndig procedure i forbindelse med en kontrakt, som registranten er part i.<\/a><\/p><p class=\"cmplz-subtitle\">Opbevaringsperiode<\/p><p>Vi opbevarer disse data, indtil tjenesten afsluttes.<\/p><\/details><details class=\"cmplz-dropdown dropdown-privacy-statement\"><summary><div><h3>1.4 Nyhedsbreve<\/h3><\/div><\/summary><p class=\"cmplz-subtitle\">Til dette form\u00e5l bruger vi f\u00f8lgende data:<\/p><p><ul><li>Et for- og efternavn<\/li><li>En e-mailadresse<\/li><\/ul><\/p><p class=\"cmplz-subtitle\">Grundlaget for, at vi kan h\u00e5ndtere disse data, er:<\/p><p><a target=\"_blank\" rel=\"noopener noreferrer nofollow\" href=\"https:\/\/cookiedatabase.org\/legal-bases\/#agreement\">Det er kun n\u00f8dvendigt at indg\u00e5 en kontrakt eller en selvst\u00e6ndig procedure i forbindelse med en kontrakt, som registranten er part i.<\/a><\/p><p class=\"cmplz-subtitle\">Opbevaringsperiode<\/p><p>Vi opbevarer disse data, indtil tjenesten afsluttes.<\/p><\/details><details class=\"cmplz-dropdown dropdown-privacy-statement\"><summary><div><h3>1.5 At underst\u00f8tte tjenester eller produkter, som en kunde \u00f8nsker at k\u00f8be eller har k\u00f8bt<\/h3><\/div><\/summary><p class=\"cmplz-subtitle\">Til dette form\u00e5l bruger vi f\u00f8lgende data:<\/p><p><ul><li>Et for- og efternavn<\/li><li>Kontonavn eller alias<\/li><li>En adresse, som inkluderer en postadresse, postnummer og by<\/li><li>En e-mailadresse<\/li><li>K\u00f8n<\/li><li>\u00d8konomiske oplysninger s\u00e5som bankkontonummer og kreditkortnummer<\/li><\/ul><\/p><p class=\"cmplz-subtitle\">Grundlaget for, at vi kan h\u00e5ndtere disse data, er:<\/p><p><a target=\"_blank\" rel=\"noopener noreferrer nofollow\" href=\"https:\/\/cookiedatabase.org\/legal-bases\/#agreement\">Det er kun n\u00f8dvendigt at indg\u00e5 en kontrakt eller en selvst\u00e6ndig procedure i forbindelse med en kontrakt, som registranten er part i.<\/a><\/p><p class=\"cmplz-subtitle\">Opbevaringsperiode<\/p><p>Vi opbevarer disse data, indtil tjenesten afsluttes.<\/p><\/details><details class=\"cmplz-dropdown dropdown-privacy-statement\"><summary><div><h3>1.6 Unders\u00f8gelse og analyse af statistik for brugen af websteder.<\/h3><\/div><\/summary><p class=\"cmplz-subtitle\">Til dette form\u00e5l bruger vi f\u00f8lgende data:<\/p><p><ul><li>Geolokaliseringsdata<\/li><li>Kommercielle oplysninger, herunder plakater om persondata, produkter eller tjenester, der er modtaget, accepteret eller overf\u00f8rt<\/li><li>IP-adresse<\/li><\/ul><\/p><p class=\"cmplz-subtitle\">Grundlaget for, at vi kan h\u00e5ndtere disse data, er:<\/p><p><a target=\"_blank\" rel=\"noopener noreferrer nofollow\" href=\"https:\/\/cookiedatabase.org\/legal-bases\/#consent\">Derefter gav han samtykke.<\/a><\/p><p class=\"cmplz-subtitle\">Opbevaringsperiode<\/p><p>Vi opbevarer disse data, indtil tjenesten afsluttes.<\/p><\/details><details class=\"cmplz-dropdown dropdown-privacy-statement\"><summary><div><h3>1.7 At s\u00e6lge eller dele data med en tredjepart<\/h3><\/div><\/summary><p class=\"cmplz-subtitle\">Til dette form\u00e5l bruger vi f\u00f8lgende data:<\/p><p><ul><li>Et for- og efternavn<\/li><li>En adresse, som inkluderer en postadresse, postnummer og by<\/li><li>En e-mailadresse<\/li><li>\u00d8konomiske oplysninger s\u00e5som bankkontonummer og kreditkortnummer<\/li><li>Kommercielle oplysninger, herunder plakater om persondata, produkter eller tjenester, der er modtaget, accepteret eller overf\u00f8rt<\/li><\/ul><\/p><p class=\"cmplz-subtitle\">Grundlaget for, at vi kan h\u00e5ndtere disse data, er:<\/p><p><a target=\"_blank\" rel=\"noopener noreferrer nofollow\" href=\"https:\/\/cookiedatabase.org\/legal-bases\/#agreement\">Det er kun n\u00f8dvendigt at indg\u00e5 en kontrakt eller en selvst\u00e6ndig procedure i forbindelse med en kontrakt, som registranten er part i.<\/a><\/p><p class=\"cmplz-subtitle\">Opbevaringsperiode<\/p><p>Vi vil levere disse data inden udgangen af f\u00f8lgende periode: 6<\/p><\/details><details class=\"cmplz-dropdown dropdown-privacy-statement\"><summary><div><h3>1.8 Leverancer<\/h3><\/div><\/summary><p class=\"cmplz-subtitle\">Til dette form\u00e5l bruger vi f\u00f8lgende data:<\/p><p><ul><li>Et for- og efternavn<\/li><li>En adresse, som inkluderer en postadresse, postnummer og by<\/li><li>En e-mailadresse<\/li><li>Et telefonnummer<\/li><li>Kommercielle oplysninger, herunder plakater om persondata, produkter eller tjenester, der er modtaget, accepteret eller overf\u00f8rt<\/li><\/ul><\/p><p class=\"cmplz-subtitle\">Grundlaget for, at vi kan h\u00e5ndtere disse data, er:<\/p><p><a target=\"_blank\" rel=\"noopener noreferrer nofollow\" href=\"https:\/\/cookiedatabase.org\/legal-bases\/#agreement\">Det er kun n\u00f8dvendigt at indg\u00e5 en kontrakt eller en selvst\u00e6ndig procedure i forbindelse med en kontrakt, som registranten er part i.<\/a><\/p><p class=\"cmplz-subtitle\">Opbevaringsperiode<\/p><p>Vi opbevarer disse data, indtil tjenesten afsluttes.<\/p><\/details><\/div>","protected":false},"excerpt":{"rendered":"","protected":false},"author":1,"featured_media":0,"parent":0,"menu_order":0,"comment_status":"closed","ping_status":"closed","template":"","meta":{"_uag_custom_page_level_css":"","_uf_show_specific_survey":0,"_uf_disable_surveys":false,"_themeisle_gutenberg_block_has_review":false,"footnotes":""},"class_list":["post-6145","page","type-page","status-publish","hentry"],"aioseo_notices":[],"uagb_featured_image_src":{"full":false,"thumbnail":false,"medium":false,"medium_large":false,"large":false,"1536x1536":false,"2048x2048":false,"trp-custom-language-flag":false,"woocommerce_thumbnail":false,"woocommerce_single":false,"woocommerce_gallery_thumbnail":false},"uagb_author_info":{"display_name":"pilluwear.com","author_link":"https:\/\/pilluwear.com\/da\/author\/pilluwear-com\/"},"uagb_comment_info":0,"uagb_excerpt":null,"jetpack_sharing_enabled":true,"_links":{"self":[{"href":"https:\/\/pilluwear.com\/da\/wp-json\/wp\/v2\/pages\/6145","targetHints":{"allow":["GET"]}}],"collection":[{"href":"https:\/\/pilluwear.com\/da\/wp-json\/wp\/v2\/pages"}],"about":[{"href":"https:\/\/pilluwear.com\/da\/wp-json\/wp\/v2\/types\/page"}],"author":[{"embeddable":true,"href":"https:\/\/pilluwear.com\/da\/wp-json\/wp\/v2\/users\/1"}],"replies":[{"embeddable":true,"href":"https:\/\/pilluwear.com\/da\/wp-json\/wp\/v2\/comments?post=6145"}],"version-history":[{"count":0,"href":"https:\/\/pilluwear.com\/da\/wp-json\/wp\/v2\/pages\/6145\/revisions"}],"wp:attachment":[{"href":"https:\/\/pilluwear.com\/da\/wp-json\/wp\/v2\/media?parent=6145"}],"curies":[{"name":"wp","href":"https:\/\/api.w.org\/{rel}","templated":true}]}}