{"id":6122,"date":"2024-05-17T09:15:49","date_gmt":"2024-05-17T07:15:49","guid":{"rendered":"https:\/\/pilluwear.com\/agb\/"},"modified":"2024-05-19T16:21:08","modified_gmt":"2024-05-19T14:21:08","slug":"agb","status":"publish","type":"page","link":"https:\/\/pilluwear.com\/da\/agb\/","title":{"rendered":"GTC"},"content":{"rendered":"<h1>Generelle vilk\u00e5r og betingelser<\/h1>\n<h3>\u00a7 1 Gyldighed, definitioner af begreber<\/h3>\n<p>(1) Pilluwear e.U., Handelskai 98a\/59, 1200 Wien, \u00d8strig (i det f\u00f8lgende: \"vi\" eller \"pilluwear\") driver en online shop for varer under hjemmesiden https:\/\/pilluwear.com. F\u00f8lgende generelle vilk\u00e5r og betingelser g\u00e6lder for alle tjenester mellem os og vores kunder (i det f\u00f8lgende: \"kunde\" eller \"dig\") i den version, der er gyldig p\u00e5 tidspunktet for ordren, medmindre andet udtrykkeligt er aftalt.<\/p>\n<p>(2) \"Forbruger\" i henhold til disse vilk\u00e5r og betingelser er enhver fysisk person, der indg\u00e5r en juridisk transaktion til form\u00e5l, der overvejende ligger uden for deres handel, forretning eller erhverv. \"Iv\u00e6rks\u00e6tter\" er en fysisk eller juridisk person eller et partnerskab med juridisk kapacitet, der, n\u00e5r de indg\u00e5r en juridisk transaktion, handler under ud\u00f8velse af deres kommercielle eller uafh\u00e6ngige professionelle aktivitet, hvor et partnerskab med juridisk kapacitet er et partnerskab med kapacitet til at erhverve rettigheder og indg\u00e5 forpligtelser.<\/p>\n<h3>\u00a7 2 Indg\u00e5else af kontrakter, opbevaring af kontrakttekst<\/h3>\n<p>(1) De f\u00f8lgende bestemmelser om indg\u00e5else af kontrakter g\u00e6lder for ordrer, der afgives via vores online shop p\u00e5 https:\/\/pilluwear.com.<\/p>\n<p>(2) Vores produktpr\u00e6sentationer p\u00e5 internettet er uforpligtende og ikke et bindende tilbud om at indg\u00e5 en kontrakt.<\/p>\n<p>(3) Ved modtagelse af en ordre i vores online shop g\u00e6lder f\u00f8lgende regler: Kunden afgiver et bindende kontrakttilbud ved at gennemf\u00f8re bestillingsproceduren i vores online shop. Bestillingen afgives i f\u00f8lgende trin:<\/p>\n<ol>\n<li>Udv\u00e6lgelse af de \u00f8nskede varer,<\/li>\n<li>Tilf\u00f8j produkterne ved at klikke p\u00e5 den tilsvarende knap (f.eks. \"Tilf\u00f8j til indk\u00f8bskurv\", \"Tilf\u00f8j til indk\u00f8bspose\" eller lignende),<\/li>\n<li>Tjek detaljerne i indk\u00f8bskurven,<\/li>\n<li>Hent ordreoversigten ved at klikke p\u00e5 den tilsvarende knap (f.eks. \"Forts\u00e6t til kassen\", \"Forts\u00e6t til betaling\", \"Til ordreoversigt\" eller lignende),<\/li>\n<li>Indtastning\/bekr\u00e6ftelse af adresse og kontaktoplysninger, valg af betalingsmetode, bekr\u00e6ftelse af generelle vilk\u00e5r og betingelser og afbestillingspolitik,<\/li>\n<li>Hvis den aftalte kvalitet af varerne afviger fra deres s\u00e6dvanlige kvalitet og brugsbetingelser, bekr\u00e6ftes en negativ kvalitetsaftale,<\/li>\n<li>Gennemf\u00f8r bestillingen ved at klikke p\u00e5 knappen \"K\u00f8b nu\". Dette udg\u00f8r din bindende ordre.<\/li>\n<li>Kontrakten er indg\u00e5et, n\u00e5r du modtager en ordrebekr\u00e6ftelse fra os inden for tre arbejdsdage til den angivne e-mailadresse.<\/li>\n<\/ol>\n<p>(4) Hvis kontrakten indg\u00e5s, indg\u00e5s kontrakten med Pilluwear e.U., Handelskai 98a\/59, 1200 Wien, \u00d8strig.<\/p>\n<p>(5) F\u00f8r du afgiver ordren, kan kontraktdataene udskrives eller gemmes elektronisk ved hj\u00e6lp af browserens udskrivningsfunktion. Behandlingen af ordren og overf\u00f8rslen af alle oplysninger, der er n\u00f8dvendige i forbindelse med indg\u00e5elsen af kontrakten, is\u00e6r ordredataene, de generelle forretningsbetingelser og annulleringspolitikken, udf\u00f8res via e-mail, efter at du har afgivet ordren, i nogle tilf\u00e6lde automatisk. Vi gemmer ikke kontraktens tekst, efter at den er indg\u00e5et.<\/p>\n<p>(6) Indtastningsfejl kan rettes ved hj\u00e6lp af de s\u00e6dvanlige tastatur-, muse- og browserfunktioner (f.eks. browserens \"tilbage-knap\"). De kan ogs\u00e5 rettes ved at afbryde ordreprocessen f\u00f8r tid, lukke browservinduet og gentage processen.<\/p>\n<p>(7) Behandlingen af ordren og overf\u00f8rslen af alle oplysninger, der kr\u00e6ves i forbindelse med indg\u00e5elsen af kontrakten, er delvist automatiseret via e-mail. Du skal derfor sikre, at den e-mailadresse, du har givet os, er korrekt, at modtagelsen af e-mails er teknisk sikret, og is\u00e6r at den ikke forhindres af SPAM-filtre.<\/p>\n<h3>\u00a7 3 Kontraktens genstand og produkternes v\u00e6sentlige egenskaber<\/h3>\n<p>(1) Kontraktens genstand er vores online shop:<\/p>\n<ol style=\"list-style-type: lower-alpha\">\n<li>Salg af varer. De specifikke varer, der tilbydes, kan findes p\u00e5 vores produktsider.<\/li>\n<\/ol>\n<p>(2) Varens v\u00e6sentlige egenskaber fremg\u00e5r af varebeskrivelsen. Hvis den aftalte kvalitet af varerne afviger fra deres s\u00e6dvanlige kvalitet og brugsbetingelser, skal dette udtrykkeligt angives i varebeskrivelsen (negativ kvalitetsaftale). For s\u00e5 vidt som kunden har givet sit udtrykkelige samtykke til den negative kvalitetsafvigelse, definerer dette kontraktens genstand.<\/p>\n<h3>\u00a7 4 Priser, forsendelsesomkostninger og levering<\/h3>\n<p>(1) De priser, der er angivet i de respektive tilbud, samt forsendelsesomkostningerne er samlede priser og inkluderer alle priskomponenter inklusive alle g\u00e6ldende afgifter.<\/p>\n<p>(2) Den respektive k\u00f8bspris skal betales inden levering af produktet (forudbetaling), medmindre vi udtrykkeligt tilbyder k\u00f8b p\u00e5 konto. De betalingsmetoder, der er tilg\u00e6ngelige for dig, vises under en tilsvarende m\u00e6rket knap i onlinebutikken eller i det respektive tilbud. Medmindre andet er angivet for de enkelte betalingsmetoder, forfalder betalingskravene til betaling med det samme.<\/p>\n<p>(3) Ud over de angivne priser kan der opst\u00e5 forsendelsesomkostninger for levering af produkter, medmindre den respektive vare er m\u00e6rket som fri for forsendelsesomkostninger. Forsendelsesomkostningerne vil blive tydeligt kommunikeret til dig igen p\u00e5 tilbuddene, hvis det er relevant i indk\u00f8bskurvsystemet og p\u00e5 ordreoversigten.<\/p>\n<p>(4) Alle tilbudte produkter behandles normalt inden for 3-7 dage, hvorefter de afsendes. Leveringstider:<\/p>\n<p>Leveringstiden afh\u00e6nger af, hvor du befinder dig, og ansl\u00e5s som f\u00f8lger:<\/p>\n<ul>\n<li>Europa: 6 - 8 arbejdsdage<\/li>\n<li>USA: 3 - 4 arbejdsdage<\/li>\n<li>Australien: 2 - 14 arbejdsdage<\/li>\n<li>Japan: 4 - 8 arbejdsdage<\/li>\n<li>Internationalt: 10 - 20 arbejdsdage<\/li>\n<\/ul>\n<p>(5) F\u00f8lgende begr\u00e6nsninger for leveringsomr\u00e5der g\u00e6lder: Levering sker til f\u00f8lgende lande: \u00d8strig, Belgien, Bulgarien, Cypern, Tjekkiet, Tyskland, Danmark, Estland, Spanien, Finland, Frankrig, Gr\u00e6kenland, Kroatien, Ungarn, Irland, Italien, Litauen, Luxembourg, Letland, Malta, Holland, Polen, Portugal, Rum\u00e6nien, Sverige, Slovenien, Slovakiet.<\/p>\n<h3>\u00a7 5 Ret til at vende tilbage<\/h3>\n<p>(1) Vi arbejder med en print-on-demand-udbyder, som producerer artiklerne f\u00f8rst,<br \/>\nn\u00e5r de er bestilt. For at undg\u00e5 overproduktion vil vi gerne bede dig om at sende de milj\u00f8m\u00e6ssige<br \/>\nog ikke at bestille un\u00f8dvendige produkter.<br \/>\nHvis der er noget galt med din ordre, kan du annullere den inden for 14 dage.<br \/>\nblive returneret. Giv os besked, hvis der er noget galt med din ordre, eller hvis du \u00f8nsker at returnere den.<br \/>\ndu er utilfreds ved at kontakte os p\u00e5 ruslan@pilluwear.com.<\/p>\n<h3>\u00a7 6 Tilbageholdsret, ejendomsforbehold<\/h3>\n<p>(1) Du kan kun ud\u00f8ve en tilbageholdelsesret, for s\u00e5 vidt den vedr\u00f8rer krav, der udspringer af det samme kontraktforhold.<\/p>\n<p>(2) Varerne forbliver vores ejendom, indtil k\u00f8bsprisen er betalt fuldt ud.<\/p>\n<h3>\u00a7 7 Fortrydelsesret<\/h3>\n<p>Som forbruger har du fortrydelsesret. Dette er baseret p\u00e5 vores <a href=\"https:\/\/pilluwear.com\/da\/afbestillingsregler\/\">Politik for afbestilling<\/a>.<\/p>\n<h3>\u00a7 8 Kontraktsprog<\/h3>\n<p>Kontraktsproget er udelukkende tysk.<\/p>\n<h3>\u00a7 9 Ansvar<\/h3>\n<p>(1) Med forbehold for f\u00f8lgende undtagelser er vores ansvar for kontraktlige pligtfors\u00f8mmelser og uautoriserede handlinger begr\u00e6nset til fors\u00e6t eller grov uagtsomhed.<\/p>\n<p>(2) I tilf\u00e6lde af let uagtsomhed h\u00e6fter vi ubegr\u00e6nset for skader p\u00e5 liv, legeme eller helbred eller ved overtr\u00e6delse af en v\u00e6sentlig kontraktlig forpligtelse. Hvis vi p\u00e5 grund af let uagtsomhed misligholder vores forpligtelser, hvis opfyldelsen er blevet umulig, eller hvis vi har overtr\u00e5dt en v\u00e6sentlig kontraktlig forpligtelse, er vores ansvar for tingsskader og \u00f8konomiske tab som f\u00f8lge heraf begr\u00e6nset til skadens st\u00f8rrelse. <strong>forudsigelige skader, der er typiske for kontrakten<\/strong> begr\u00e6nset. En v\u00e6sentlig kontraktlig forpligtelse er en forpligtelse, hvis opfyldelse er afg\u00f8rende for en korrekt opfyldelse af kontrakten, hvis misligholdelse bringer opfyldelsen af kontraktens form\u00e5l i fare, og hvis overholdelse du regelm\u00e6ssigt kan stole p\u00e5. Dette omfatter is\u00e6r vores forpligtelse til at handle og opfylde den kontraktligt skyldige service, som er beskrevet i \u00a7 3.<\/p>\n<h3>\u00a7 10 Garanti<\/h3>\n<p>(1) Garantien reguleres af de lovm\u00e6ssige bestemmelser.<\/p>\n<p>(2) Garantiperioden for varer leveret til iv\u00e6rks\u00e6ttere er 12 m\u00e5neder.<\/p>\n<p>(3) Som forbruger skal du straks efter opfyldelsen af kontrakten kontrollere varen\/den digitale vare eller den leverede ydelse for fuldst\u00e6ndighed, \u00e5benlyse mangler og transportskader og hurtigst muligt meddele os og transport\u00f8ren eventuelle reklamationer. Hvis du undlader at g\u00f8re dette, har det naturligvis ingen indflydelse p\u00e5 dine lovbestemte garantikrav.<\/p>\n<h3>\u00a7 11 Afsluttende bestemmelser\/tvistel\u00f8sning<\/h3>\n<p>(1) Tysk ret er g\u00e6ldende. For forbrugere g\u00e6lder dette lovvalg kun i det omfang, at den beskyttelse, der ydes af ufravigelige bestemmelser i lovgivningen i den stat, hvor forbrugeren har sit s\u00e6dvanlige opholdssted, ikke tr\u00e6kkes tilbage (gunstigt princip).<\/p>\n<p>(2) Bestemmelserne i FN's konvention om aftaler om internationale k\u00f8b finder udtrykkeligt ikke anvendelse.<\/p>\n<p>(3) Hvis kunden er en erhvervsdrivende, en offentligretlig juridisk person eller en offentligretlig specialfond, er v\u00e6rnetinget for alle tvister, der udspringer af kontraktforhold mellem kunden og udbyderen, udbyderens hjemsted.<\/p>\n<p>(4)\n\nVi er ikke forpligtet til eller villige til at deltage i tvistbil\u00e6ggelsesprocedurer ved et forbrugervoldgiftsn\u00e6vn.<\/p>","protected":false},"excerpt":{"rendered":"<p>Allgemeine Gesch\u00e4ftsbedingungen \u00a7 1 Geltung, Begriffsdefinitionen (1) Pilluwear e.U., Handelskai 98a\/59, 1200 Wien, \u00d6sterreich (im Folgenden: \u201ewir\u201c oder \u201epilluwear\u201c) betreibt unter der Webseite https:\/\/pilluwear.com einen Online-Shop f\u00fcr Waren. Die nachfolgenden allgemeinen Gesch\u00e4ftsbedingungen gelten f\u00fcr alle Leistungen zwischen uns und unseren Kunden (im Folgenden: \u201eKunde\u201c oder \u201eSie\u201c) in ihrer zum Zeitpunkt der Bestellung g\u00fcltigen Fassung, soweit [&hellip;]<\/p>","protected":false},"author":1,"featured_media":0,"parent":0,"menu_order":0,"comment_status":"closed","ping_status":"closed","template":"","meta":{"_uag_custom_page_level_css":"","_uf_show_specific_survey":0,"_uf_disable_surveys":false,"_themeisle_gutenberg_block_has_review":false,"footnotes":""},"class_list":["post-6122","page","type-page","status-publish","hentry"],"aioseo_notices":[],"uagb_featured_image_src":{"full":false,"thumbnail":false,"medium":false,"medium_large":false,"large":false,"1536x1536":false,"2048x2048":false,"trp-custom-language-flag":false,"woocommerce_thumbnail":false,"woocommerce_single":false,"woocommerce_gallery_thumbnail":false},"uagb_author_info":{"display_name":"pilluwear.com","author_link":"https:\/\/pilluwear.com\/da\/author\/pilluwear-com\/"},"uagb_comment_info":0,"uagb_excerpt":"Allgemeine Gesch\u00e4ftsbedingungen \u00a7 1 Geltung, Begriffsdefinitionen (1) Pilluwear e.U., Handelskai 98a\/59, 1200 Wien, \u00d6sterreich (im Folgenden: \u201ewir\u201c oder \u201epilluwear\u201c) betreibt unter der Webseite https:\/\/pilluwear.com einen Online-Shop f\u00fcr Waren. Die nachfolgenden allgemeinen Gesch\u00e4ftsbedingungen gelten f\u00fcr alle Leistungen zwischen uns und unseren Kunden (im Folgenden: \u201eKunde\u201c oder \u201eSie\u201c) in ihrer zum Zeitpunkt der Bestellung g\u00fcltigen Fassung, soweit&hellip;","jetpack_sharing_enabled":true,"_links":{"self":[{"href":"https:\/\/pilluwear.com\/da\/wp-json\/wp\/v2\/pages\/6122","targetHints":{"allow":["GET"]}}],"collection":[{"href":"https:\/\/pilluwear.com\/da\/wp-json\/wp\/v2\/pages"}],"about":[{"href":"https:\/\/pilluwear.com\/da\/wp-json\/wp\/v2\/types\/page"}],"author":[{"embeddable":true,"href":"https:\/\/pilluwear.com\/da\/wp-json\/wp\/v2\/users\/1"}],"replies":[{"embeddable":true,"href":"https:\/\/pilluwear.com\/da\/wp-json\/wp\/v2\/comments?post=6122"}],"version-history":[{"count":4,"href":"https:\/\/pilluwear.com\/da\/wp-json\/wp\/v2\/pages\/6122\/revisions"}],"predecessor-version":[{"id":15940,"href":"https:\/\/pilluwear.com\/da\/wp-json\/wp\/v2\/pages\/6122\/revisions\/15940"}],"wp:attachment":[{"href":"https:\/\/pilluwear.com\/da\/wp-json\/wp\/v2\/media?parent=6122"}],"curies":[{"name":"wp","href":"https:\/\/api.w.org\/{rel}","templated":true}]}}